{"id":94,"date":"2018-08-01T08:51:24","date_gmt":"2018-08-01T06:51:24","guid":{"rendered":"http:\/\/laiusepk.edu.ee\/?page_id=94"},"modified":"2022-03-29T13:59:25","modified_gmt":"2022-03-29T11:59:25","slug":"opilaste-vastuvotmise-teise-kooli-ulemineku-koolist-lahkumise-ja-valjaheitmise-kord","status":"publish","type":"page","link":"https:\/\/laiusepk.edu.ee\/?page_id=94","title":{"rendered":"\u00d5pilaste vastuv\u00f5tmise, teise kooli \u00fclemineku, koolist lahkumise ja v\u00e4ljaheitmise kord"},"content":{"rendered":"<p><span style=\"font-family: 'times new roman', times, serif; font-size: 12pt;\"><a href=\"https:\/\/laiusepk.edu.ee\/wp-content\/uploads\/2022\/03\/Laiuse-Jaan-Poska-Pohikooli-vastuvotmise-tingimused-ja-kord.pdf\">Laiuse Jaan Poska P\u00f5hikooli vastuv\u00f5tmise tingimused ja kord<\/a><\/span><\/p>\n<p><span style=\"font-family: 'times new roman', times, serif; font-size: 12pt;\"><a href=\"https:\/\/laiusepk.edu.ee\/wp-content\/uploads\/2022\/03\/Avaldus-kooli-astumiseks.doc\">Avaldus kooli astumiseks<\/a><\/span><\/p>\n","protected":false},"excerpt":{"rendered":"<p>Laiuse Jaan Poska P\u00f5hikooli vastuv\u00f5tmise tingimused ja kord Avaldus kooli astumiseks<\/p>\n","protected":false},"author":1,"featured_media":0,"parent":65,"menu_order":0,"comment_status":"closed","ping_status":"closed","template":"","meta":{"_crdt_document":"","_uag_custom_page_level_css":"","footnotes":""},"class_list":["post-94","page","type-page","status-publish","hentry"],"uagb_featured_image_src":{"full":false,"thumbnail":false,"medium":false,"medium_large":false,"large":false,"1536x1536":false,"2048x2048":false,"post-thumbnail":false},"uagb_author_info":{"display_name":"admin","author_link":"https:\/\/laiusepk.edu.ee\/?author=1"},"uagb_comment_info":0,"uagb_excerpt":"Laiuse Jaan Poska P\u00f5hikooli vastuv\u00f5tmise tingimused ja kord Avaldus kooli astumiseks","_links":{"self":[{"href":"https:\/\/laiusepk.edu.ee\/index.php?rest_route=\/wp\/v2\/pages\/94","targetHints":{"allow":["GET"]}}],"collection":[{"href":"https:\/\/laiusepk.edu.ee\/index.php?rest_route=\/wp\/v2\/pages"}],"about":[{"href":"https:\/\/laiusepk.edu.ee\/index.php?rest_route=\/wp\/v2\/types\/page"}],"author":[{"embeddable":true,"href":"https:\/\/laiusepk.edu.ee\/index.php?rest_route=\/wp\/v2\/users\/1"}],"replies":[{"embeddable":true,"href":"https:\/\/laiusepk.edu.ee\/index.php?rest_route=%2Fwp%2Fv2%2Fcomments&post=94"}],"version-history":[{"count":7,"href":"https:\/\/laiusepk.edu.ee\/index.php?rest_route=\/wp\/v2\/pages\/94\/revisions"}],"predecessor-version":[{"id":1703,"href":"https:\/\/laiusepk.edu.ee\/index.php?rest_route=\/wp\/v2\/pages\/94\/revisions\/1703"}],"up":[{"embeddable":true,"href":"https:\/\/laiusepk.edu.ee\/index.php?rest_route=\/wp\/v2\/pages\/65"}],"wp:attachment":[{"href":"https:\/\/laiusepk.edu.ee\/index.php?rest_route=%2Fwp%2Fv2%2Fmedia&parent=94"}],"curies":[{"name":"wp","href":"https:\/\/api.w.org\/{rel}","templated":true}]}}