{"id":74,"date":"2018-08-01T08:18:56","date_gmt":"2018-08-01T06:18:56","guid":{"rendered":"http:\/\/laiusepk.edu.ee\/?page_id=74"},"modified":"2023-01-13T09:05:06","modified_gmt":"2023-01-13T07:05:06","slug":"oppenoukogu","status":"publish","type":"page","link":"https:\/\/laiusepk.edu.ee\/?page_id=74","title":{"rendered":"\u00d5ppen\u00f5ukogu"},"content":{"rendered":"\r\n\r\n\r\n<p class=\"wp-block-paragraph\"><strong><span style=\"font-family: 'times new roman', times, serif; font-size: 12pt;\">\u00d5ppen\u00f5ukogu toimumise ajad 2022\/2023<\/span><\/strong><br \/><span style=\"font-family: 'times new roman', times, serif; font-size: 12pt;\">september 2022<\/span><br \/><span style=\"font-family: 'times new roman', times, serif; font-size: 12pt;\">oktoober 2022<\/span><br \/><span style=\"font-family: 'times new roman', times, serif; font-size: 12pt;\">november 2022<\/span><br \/><span style=\"font-family: 'times new roman', times, serif; font-size: 12pt;\">jaanuar 2023<\/span><br \/><span style=\"font-family: 'times new roman', times, serif; font-size: 12pt;\">veebruar.2023<\/span><br \/><span style=\"font-family: 'times new roman', times, serif; font-size: 12pt;\">juuni 2023<\/span><br \/><span style=\"font-family: 'times new roman', times, serif; font-size: 12pt;\">august 2023<\/span><br \/><span style=\"font-family: 'times new roman', times, serif; font-size: 12pt;\">\u00d5ppen\u00f5ukogu t\u00e4pne kuup\u00e4ev, kellaaeg ja p\u00e4evakord m\u00e4\u00e4ratakse kindlaks kaks n\u00e4dalat enne toimumisaega.<\/span><\/p>\r\n\r\n\r\n\r\n<p class=\"wp-block-paragraph\">&nbsp;<\/p>\r\n\r\n\r\n\r\n<p class=\"wp-block-paragraph\">&nbsp;<\/p>\r\n","protected":false},"excerpt":{"rendered":"<p>\u00d5ppen\u00f5ukogu toimumise ajad 2022\/2023september 2022oktoober 2022november 2022jaanuar 2023veebruar.2023juuni 2023august 2023\u00d5ppen\u00f5ukogu t\u00e4pne kuup\u00e4ev, kellaaeg ja p\u00e4evakord m\u00e4\u00e4ratakse kindlaks kaks n\u00e4dalat enne toimumisaega. &nbsp; &nbsp;<\/p>\n","protected":false},"author":1,"featured_media":0,"parent":65,"menu_order":0,"comment_status":"closed","ping_status":"closed","template":"","meta":{"_crdt_document":"","_uag_custom_page_level_css":"","footnotes":""},"class_list":["post-74","page","type-page","status-publish","hentry"],"uagb_featured_image_src":{"full":false,"thumbnail":false,"medium":false,"medium_large":false,"large":false,"1536x1536":false,"2048x2048":false,"post-thumbnail":false},"uagb_author_info":{"display_name":"admin","author_link":"https:\/\/laiusepk.edu.ee\/?author=1"},"uagb_comment_info":0,"uagb_excerpt":"\u00d5ppen\u00f5ukogu toimumise ajad 2022\/2023september 2022oktoober 2022november 2022jaanuar 2023veebruar.2023juuni 2023august 2023\u00d5ppen\u00f5ukogu t\u00e4pne kuup\u00e4ev, kellaaeg ja p\u00e4evakord m\u00e4\u00e4ratakse kindlaks kaks n\u00e4dalat enne toimumisaega. &nbsp; &nbsp;","_links":{"self":[{"href":"https:\/\/laiusepk.edu.ee\/index.php?rest_route=\/wp\/v2\/pages\/74","targetHints":{"allow":["GET"]}}],"collection":[{"href":"https:\/\/laiusepk.edu.ee\/index.php?rest_route=\/wp\/v2\/pages"}],"about":[{"href":"https:\/\/laiusepk.edu.ee\/index.php?rest_route=\/wp\/v2\/types\/page"}],"author":[{"embeddable":true,"href":"https:\/\/laiusepk.edu.ee\/index.php?rest_route=\/wp\/v2\/users\/1"}],"replies":[{"embeddable":true,"href":"https:\/\/laiusepk.edu.ee\/index.php?rest_route=%2Fwp%2Fv2%2Fcomments&post=74"}],"version-history":[{"count":8,"href":"https:\/\/laiusepk.edu.ee\/index.php?rest_route=\/wp\/v2\/pages\/74\/revisions"}],"predecessor-version":[{"id":1942,"href":"https:\/\/laiusepk.edu.ee\/index.php?rest_route=\/wp\/v2\/pages\/74\/revisions\/1942"}],"up":[{"embeddable":true,"href":"https:\/\/laiusepk.edu.ee\/index.php?rest_route=\/wp\/v2\/pages\/65"}],"wp:attachment":[{"href":"https:\/\/laiusepk.edu.ee\/index.php?rest_route=%2Fwp%2Fv2%2Fmedia&parent=74"}],"curies":[{"name":"wp","href":"https:\/\/api.w.org\/{rel}","templated":true}]}}