{"id":665,"date":"2019-01-15T13:09:04","date_gmt":"2019-01-15T11:09:04","guid":{"rendered":"http:\/\/laiusepk.edu.ee\/?page_id=665"},"modified":"2019-01-15T13:09:04","modified_gmt":"2019-01-15T11:09:04","slug":"1919-1920","status":"publish","type":"page","link":"https:\/\/laiusepk.edu.ee\/?page_id=665","title":{"rendered":"1919- 1920"},"content":{"rendered":"\n<ol class=\"wp-block-list\"><li>ANTON, ANNI<\/li><li>ARU, KARL<\/li><li>ARU, LUISE<\/li><li>BARLO, ERICH<\/li><li>BERG(P\u00c4RK)<\/li><li>BR\u00dcKKEL, LUDVIG<\/li><li>J\u00dcRGENSON, HILDA<\/li><li>KIIPUS, HELEN<\/li><li>KUUSK, JOHANNES<\/li><li>KUUSK, WILLEM<\/li><li>LEPIK, LEIDA<\/li><li>LEPP, HILDA<\/li><li>MALM, IDA<\/li><li>MILLER, JOHANNES<\/li><li>RAUNAM, SALME<\/li><li>WILDMAUS, ERNA<\/li><\/ol>\n","protected":false},"excerpt":{"rendered":"<p>ANTON, ANNI ARU, KARL ARU, LUISE BARLO, ERICH BERG(P\u00c4RK) BR\u00dcKKEL, LUDVIG J\u00dcRGENSON, HILDA KIIPUS, HELEN KUUSK, JOHANNES KUUSK, WILLEM LEPIK, LEIDA LEPP, HILDA MALM, IDA MILLER, JOHANNES RAUNAM, SALME WILDMAUS, ERNA<\/p>\n","protected":false},"author":1,"featured_media":0,"parent":0,"menu_order":0,"comment_status":"closed","ping_status":"closed","template":"","meta":{"_crdt_document":"","_uag_custom_page_level_css":"","footnotes":""},"class_list":["post-665","page","type-page","status-publish","hentry"],"uagb_featured_image_src":{"full":false,"thumbnail":false,"medium":false,"medium_large":false,"large":false,"1536x1536":false,"2048x2048":false,"post-thumbnail":false},"uagb_author_info":{"display_name":"admin","author_link":"https:\/\/laiusepk.edu.ee\/?author=1"},"uagb_comment_info":0,"uagb_excerpt":"ANTON, ANNI ARU, KARL ARU, LUISE BARLO, ERICH BERG(P\u00c4RK) BR\u00dcKKEL, LUDVIG J\u00dcRGENSON, HILDA KIIPUS, HELEN KUUSK, JOHANNES KUUSK, WILLEM LEPIK, LEIDA LEPP, HILDA MALM, IDA MILLER, JOHANNES RAUNAM, SALME WILDMAUS, ERNA","_links":{"self":[{"href":"https:\/\/laiusepk.edu.ee\/index.php?rest_route=\/wp\/v2\/pages\/665","targetHints":{"allow":["GET"]}}],"collection":[{"href":"https:\/\/laiusepk.edu.ee\/index.php?rest_route=\/wp\/v2\/pages"}],"about":[{"href":"https:\/\/laiusepk.edu.ee\/index.php?rest_route=\/wp\/v2\/types\/page"}],"author":[{"embeddable":true,"href":"https:\/\/laiusepk.edu.ee\/index.php?rest_route=\/wp\/v2\/users\/1"}],"replies":[{"embeddable":true,"href":"https:\/\/laiusepk.edu.ee\/index.php?rest_route=%2Fwp%2Fv2%2Fcomments&post=665"}],"version-history":[{"count":1,"href":"https:\/\/laiusepk.edu.ee\/index.php?rest_route=\/wp\/v2\/pages\/665\/revisions"}],"predecessor-version":[{"id":666,"href":"https:\/\/laiusepk.edu.ee\/index.php?rest_route=\/wp\/v2\/pages\/665\/revisions\/666"}],"wp:attachment":[{"href":"https:\/\/laiusepk.edu.ee\/index.php?rest_route=%2Fwp%2Fv2%2Fmedia&parent=665"}],"curies":[{"name":"wp","href":"https:\/\/api.w.org\/{rel}","templated":true}]}}