{"id":645,"date":"2019-01-15T13:04:00","date_gmt":"2019-01-15T11:04:00","guid":{"rendered":"http:\/\/laiusepk.edu.ee\/?page_id=645"},"modified":"2019-01-15T13:04:00","modified_gmt":"2019-01-15T11:04:00","slug":"1947-a","status":"publish","type":"page","link":"https:\/\/laiusepk.edu.ee\/?page_id=645","title":{"rendered":"1947. a."},"content":{"rendered":"\n<ol class=\"wp-block-list\"><li>ARULA, ANNE-LIIS<\/li><li>ARULA, JAAN<\/li><li>BIRK, KOIDU<\/li><li>JOALA, ELSA<\/li><li>KEERUS, \u00dcLO<\/li><li>KORT-P\u00c4RN, HELJO<\/li><li>KUSLAP, AINO<\/li><li>LAUR, KALJO<\/li><li>LEITEN, JUTA<\/li><li>PALTS, KARL<\/li><li>P\u00d5LDMAA, TOOMAS<\/li><li>REITAV, J\u00dcRI<\/li><li>TAMME, ELLI<\/li><li>TOOMPERE, MAIE<\/li><li>UUSTALU, AUGUST<\/li><\/ol>\n\n\n\n<p class=\"wp-block-paragraph\"><strong>KL. JUH. PAUL P\u00c4LL<\/strong><\/p>\n","protected":false},"excerpt":{"rendered":"<p>ARULA, ANNE-LIIS ARULA, JAAN BIRK, KOIDU JOALA, ELSA KEERUS, \u00dcLO KORT-P\u00c4RN, HELJO KUSLAP, AINO LAUR, KALJO LEITEN, JUTA PALTS, KARL P\u00d5LDMAA, TOOMAS REITAV, J\u00dcRI TAMME, ELLI TOOMPERE, MAIE UUSTALU, AUGUST KL. JUH. PAUL P\u00c4LL<\/p>\n","protected":false},"author":1,"featured_media":0,"parent":0,"menu_order":0,"comment_status":"closed","ping_status":"closed","template":"","meta":{"_crdt_document":"","_uag_custom_page_level_css":"","footnotes":""},"class_list":["post-645","page","type-page","status-publish","hentry"],"uagb_featured_image_src":{"full":false,"thumbnail":false,"medium":false,"medium_large":false,"large":false,"1536x1536":false,"2048x2048":false,"post-thumbnail":false},"uagb_author_info":{"display_name":"admin","author_link":"https:\/\/laiusepk.edu.ee\/?author=1"},"uagb_comment_info":0,"uagb_excerpt":"ARULA, ANNE-LIIS ARULA, JAAN BIRK, KOIDU JOALA, ELSA KEERUS, \u00dcLO KORT-P\u00c4RN, HELJO KUSLAP, AINO LAUR, KALJO LEITEN, JUTA PALTS, KARL P\u00d5LDMAA, TOOMAS REITAV, J\u00dcRI TAMME, ELLI TOOMPERE, MAIE UUSTALU, AUGUST KL. JUH. PAUL P\u00c4LL","_links":{"self":[{"href":"https:\/\/laiusepk.edu.ee\/index.php?rest_route=\/wp\/v2\/pages\/645","targetHints":{"allow":["GET"]}}],"collection":[{"href":"https:\/\/laiusepk.edu.ee\/index.php?rest_route=\/wp\/v2\/pages"}],"about":[{"href":"https:\/\/laiusepk.edu.ee\/index.php?rest_route=\/wp\/v2\/types\/page"}],"author":[{"embeddable":true,"href":"https:\/\/laiusepk.edu.ee\/index.php?rest_route=\/wp\/v2\/users\/1"}],"replies":[{"embeddable":true,"href":"https:\/\/laiusepk.edu.ee\/index.php?rest_route=%2Fwp%2Fv2%2Fcomments&post=645"}],"version-history":[{"count":1,"href":"https:\/\/laiusepk.edu.ee\/index.php?rest_route=\/wp\/v2\/pages\/645\/revisions"}],"predecessor-version":[{"id":646,"href":"https:\/\/laiusepk.edu.ee\/index.php?rest_route=\/wp\/v2\/pages\/645\/revisions\/646"}],"wp:attachment":[{"href":"https:\/\/laiusepk.edu.ee\/index.php?rest_route=%2Fwp%2Fv2%2Fmedia&parent=645"}],"curies":[{"name":"wp","href":"https:\/\/api.w.org\/{rel}","templated":true}]}}