{"id":643,"date":"2019-01-15T13:03:31","date_gmt":"2019-01-15T11:03:31","guid":{"rendered":"http:\/\/laiusepk.edu.ee\/?page_id=643"},"modified":"2019-01-15T13:03:31","modified_gmt":"2019-01-15T11:03:31","slug":"1948-a","status":"publish","type":"page","link":"https:\/\/laiusepk.edu.ee\/?page_id=643","title":{"rendered":"1948. a."},"content":{"rendered":"\n<ol class=\"wp-block-list\"><li>ADUSSON, LILLI<\/li><li>KARU, LEMBIT<\/li><li>KUUSIK, JOEL<\/li><li>K\u00d5RSMAA, MARET<\/li><li>LEIDMAA, ILLE<\/li><li>LINDSALU, HELJA<\/li><li>MALM, KARL<\/li><li>MALM, UNO<\/li><li>MILLER, LINDA<\/li><li>OLGO, HILJA<\/li><li>PRIKS, \u00c4RNI<\/li><li>RAIDVERE, ARVIN<\/li><li>REBANE, AILI-\u00d5IE<\/li><li>SEINOJA, UDO<\/li><li>SINISALU, ELFRIIDE<\/li><li>TOOMING, HILLAR<\/li><li>V\u00c4\u00c4R, HELDUR<\/li><\/ol>\n\n\n\n<p class=\"wp-block-paragraph\"><strong>KL. JUH. PAUL P\u00c4LL<\/strong><\/p>\n","protected":false},"excerpt":{"rendered":"<p>ADUSSON, LILLI KARU, LEMBIT KUUSIK, JOEL K\u00d5RSMAA, MARET LEIDMAA, ILLE LINDSALU, HELJA MALM, KARL MALM, UNO MILLER, LINDA OLGO, HILJA PRIKS, \u00c4RNI RAIDVERE, ARVIN REBANE, AILI-\u00d5IE SEINOJA, UDO SINISALU, ELFRIIDE TOOMING, HILLAR V\u00c4\u00c4R, HELDUR KL. JUH. PAUL P\u00c4LL<\/p>\n","protected":false},"author":1,"featured_media":0,"parent":0,"menu_order":0,"comment_status":"closed","ping_status":"closed","template":"","meta":{"_crdt_document":"","_uag_custom_page_level_css":"","footnotes":""},"class_list":["post-643","page","type-page","status-publish","hentry"],"uagb_featured_image_src":{"full":false,"thumbnail":false,"medium":false,"medium_large":false,"large":false,"1536x1536":false,"2048x2048":false,"post-thumbnail":false},"uagb_author_info":{"display_name":"admin","author_link":"https:\/\/laiusepk.edu.ee\/?author=1"},"uagb_comment_info":0,"uagb_excerpt":"ADUSSON, LILLI KARU, LEMBIT KUUSIK, JOEL K\u00d5RSMAA, MARET LEIDMAA, ILLE LINDSALU, HELJA MALM, KARL MALM, UNO MILLER, LINDA OLGO, HILJA PRIKS, \u00c4RNI RAIDVERE, ARVIN REBANE, AILI-\u00d5IE SEINOJA, UDO SINISALU, ELFRIIDE TOOMING, HILLAR V\u00c4\u00c4R, HELDUR KL. JUH. PAUL P\u00c4LL","_links":{"self":[{"href":"https:\/\/laiusepk.edu.ee\/index.php?rest_route=\/wp\/v2\/pages\/643","targetHints":{"allow":["GET"]}}],"collection":[{"href":"https:\/\/laiusepk.edu.ee\/index.php?rest_route=\/wp\/v2\/pages"}],"about":[{"href":"https:\/\/laiusepk.edu.ee\/index.php?rest_route=\/wp\/v2\/types\/page"}],"author":[{"embeddable":true,"href":"https:\/\/laiusepk.edu.ee\/index.php?rest_route=\/wp\/v2\/users\/1"}],"replies":[{"embeddable":true,"href":"https:\/\/laiusepk.edu.ee\/index.php?rest_route=%2Fwp%2Fv2%2Fcomments&post=643"}],"version-history":[{"count":1,"href":"https:\/\/laiusepk.edu.ee\/index.php?rest_route=\/wp\/v2\/pages\/643\/revisions"}],"predecessor-version":[{"id":644,"href":"https:\/\/laiusepk.edu.ee\/index.php?rest_route=\/wp\/v2\/pages\/643\/revisions\/644"}],"wp:attachment":[{"href":"https:\/\/laiusepk.edu.ee\/index.php?rest_route=%2Fwp%2Fv2%2Fmedia&parent=643"}],"curies":[{"name":"wp","href":"https:\/\/api.w.org\/{rel}","templated":true}]}}