{"id":633,"date":"2019-01-15T13:00:54","date_gmt":"2019-01-15T11:00:54","guid":{"rendered":"http:\/\/laiusepk.edu.ee\/?page_id=633"},"modified":"2019-01-15T13:00:54","modified_gmt":"2019-01-15T11:00:54","slug":"1953-a","status":"publish","type":"page","link":"https:\/\/laiusepk.edu.ee\/?page_id=633","title":{"rendered":"1953. a."},"content":{"rendered":"\n<ol class=\"wp-block-list\"><li>AUNPUU, VALENTINA<\/li><li>ERONEN, HILDA<\/li><li>H\u00c4RSING, LUULE<\/li><li>KAZONEN, ANATOLI<\/li><li>KESKE, HILDA<\/li><li>KUKK, SILVI<\/li><li>KUSLAP, MARE<\/li><li>LEITEN, KOIDU<\/li><li>LEITEN, VELLO<\/li><li>MALM, ILME<\/li><li>NOORM\u00c4GI, VALVE<\/li><li>OTSALT, RISTE<\/li><li>OTT, LEMBIT<\/li><li>PETERSON, ELVE<\/li><li>PALL, V\u00c4INO<\/li><li>REHEMAA, REET<\/li><li>SARAP, HELJE<\/li><li>TIKKERB\u00c4R, ARVO<\/li><li>TUHK, HEINO<\/li><li>VALGM\u00c4E, ASTA-ELVI<\/li><\/ol>\n\n\n\n<p class=\"wp-block-paragraph\">&nbsp;<strong>KL. JUH. HILJA TARMA<\/strong><\/p>\n","protected":false},"excerpt":{"rendered":"<p>AUNPUU, VALENTINA ERONEN, HILDA H\u00c4RSING, LUULE KAZONEN, ANATOLI KESKE, HILDA KUKK, SILVI KUSLAP, MARE LEITEN, KOIDU LEITEN, VELLO MALM, ILME NOORM\u00c4GI, VALVE OTSALT, RISTE OTT, LEMBIT PETERSON, ELVE PALL, V\u00c4INO REHEMAA, REET SARAP, HELJE TIKKERB\u00c4R, ARVO TUHK, HEINO VALGM\u00c4E, ASTA-ELVI &nbsp;KL. JUH. HILJA TARMA<\/p>\n","protected":false},"author":1,"featured_media":0,"parent":0,"menu_order":0,"comment_status":"closed","ping_status":"closed","template":"","meta":{"_crdt_document":"","_uag_custom_page_level_css":"","footnotes":""},"class_list":["post-633","page","type-page","status-publish","hentry"],"uagb_featured_image_src":{"full":false,"thumbnail":false,"medium":false,"medium_large":false,"large":false,"1536x1536":false,"2048x2048":false,"post-thumbnail":false},"uagb_author_info":{"display_name":"admin","author_link":"https:\/\/laiusepk.edu.ee\/?author=1"},"uagb_comment_info":0,"uagb_excerpt":"AUNPUU, VALENTINA ERONEN, HILDA H\u00c4RSING, LUULE KAZONEN, ANATOLI KESKE, HILDA KUKK, SILVI KUSLAP, MARE LEITEN, KOIDU LEITEN, VELLO MALM, ILME NOORM\u00c4GI, VALVE OTSALT, RISTE OTT, LEMBIT PETERSON, ELVE PALL, V\u00c4INO REHEMAA, REET SARAP, HELJE TIKKERB\u00c4R, ARVO TUHK, HEINO VALGM\u00c4E, ASTA-ELVI &nbsp;KL. JUH. HILJA TARMA","_links":{"self":[{"href":"https:\/\/laiusepk.edu.ee\/index.php?rest_route=\/wp\/v2\/pages\/633","targetHints":{"allow":["GET"]}}],"collection":[{"href":"https:\/\/laiusepk.edu.ee\/index.php?rest_route=\/wp\/v2\/pages"}],"about":[{"href":"https:\/\/laiusepk.edu.ee\/index.php?rest_route=\/wp\/v2\/types\/page"}],"author":[{"embeddable":true,"href":"https:\/\/laiusepk.edu.ee\/index.php?rest_route=\/wp\/v2\/users\/1"}],"replies":[{"embeddable":true,"href":"https:\/\/laiusepk.edu.ee\/index.php?rest_route=%2Fwp%2Fv2%2Fcomments&post=633"}],"version-history":[{"count":1,"href":"https:\/\/laiusepk.edu.ee\/index.php?rest_route=\/wp\/v2\/pages\/633\/revisions"}],"predecessor-version":[{"id":634,"href":"https:\/\/laiusepk.edu.ee\/index.php?rest_route=\/wp\/v2\/pages\/633\/revisions\/634"}],"wp:attachment":[{"href":"https:\/\/laiusepk.edu.ee\/index.php?rest_route=%2Fwp%2Fv2%2Fmedia&parent=633"}],"curies":[{"name":"wp","href":"https:\/\/api.w.org\/{rel}","templated":true}]}}