{"id":631,"date":"2019-01-15T13:00:22","date_gmt":"2019-01-15T11:00:22","guid":{"rendered":"http:\/\/laiusepk.edu.ee\/?page_id=631"},"modified":"2019-01-15T13:00:22","modified_gmt":"2019-01-15T11:00:22","slug":"1954-a","status":"publish","type":"page","link":"https:\/\/laiusepk.edu.ee\/?page_id=631","title":{"rendered":"1954. a."},"content":{"rendered":"\n<ol class=\"wp-block-list\"><li>AAS, MALLE<\/li><li>ELLER, REIN<\/li><li>KALJURAND, ENE<\/li><li>KOT\u0160KINA, MARGARITA<\/li><li>LEPIK, MALLE<\/li><li>LEPIK, SULEV<\/li><li>OLDERMANN, HELDA<\/li><li>REINUM\u00c4E, ERIK<\/li><li>SAAR, HELJO &nbsp;<\/li><li>SAAR, MAILA<\/li><li>SIREL, HILJA<\/li><li>ZUKKER, EMILIE<\/li><li>TART, MARI<\/li><li>TUHK, SILVI<\/li><li>T\u00d5RUKE, TOIVO<\/li><li>T\u00c4NAV, ENN<\/li><li>VESKI, ARVI<\/li><\/ol>\n\n\n\n<p class=\"wp-block-paragraph\"><strong>KL. JUH. ANNA TAVEL<\/strong>&nbsp;<\/p>\n","protected":false},"excerpt":{"rendered":"<p>AAS, MALLE ELLER, REIN KALJURAND, ENE KOT\u0160KINA, MARGARITA LEPIK, MALLE LEPIK, SULEV OLDERMANN, HELDA REINUM\u00c4E, ERIK SAAR, HELJO &nbsp; SAAR, MAILA SIREL, HILJA ZUKKER, EMILIE TART, MARI TUHK, SILVI T\u00d5RUKE, TOIVO T\u00c4NAV, ENN VESKI, ARVI KL. JUH. ANNA TAVEL&nbsp;<\/p>\n","protected":false},"author":1,"featured_media":0,"parent":0,"menu_order":0,"comment_status":"closed","ping_status":"closed","template":"","meta":{"_crdt_document":"","_uag_custom_page_level_css":"","footnotes":""},"class_list":["post-631","page","type-page","status-publish","hentry"],"uagb_featured_image_src":{"full":false,"thumbnail":false,"medium":false,"medium_large":false,"large":false,"1536x1536":false,"2048x2048":false,"post-thumbnail":false},"uagb_author_info":{"display_name":"admin","author_link":"https:\/\/laiusepk.edu.ee\/?author=1"},"uagb_comment_info":0,"uagb_excerpt":"AAS, MALLE ELLER, REIN KALJURAND, ENE KOT\u0160KINA, MARGARITA LEPIK, MALLE LEPIK, SULEV OLDERMANN, HELDA REINUM\u00c4E, ERIK SAAR, HELJO &nbsp; SAAR, MAILA SIREL, HILJA ZUKKER, EMILIE TART, MARI TUHK, SILVI T\u00d5RUKE, TOIVO T\u00c4NAV, ENN VESKI, ARVI KL. JUH. ANNA TAVEL&nbsp;","_links":{"self":[{"href":"https:\/\/laiusepk.edu.ee\/index.php?rest_route=\/wp\/v2\/pages\/631","targetHints":{"allow":["GET"]}}],"collection":[{"href":"https:\/\/laiusepk.edu.ee\/index.php?rest_route=\/wp\/v2\/pages"}],"about":[{"href":"https:\/\/laiusepk.edu.ee\/index.php?rest_route=\/wp\/v2\/types\/page"}],"author":[{"embeddable":true,"href":"https:\/\/laiusepk.edu.ee\/index.php?rest_route=\/wp\/v2\/users\/1"}],"replies":[{"embeddable":true,"href":"https:\/\/laiusepk.edu.ee\/index.php?rest_route=%2Fwp%2Fv2%2Fcomments&post=631"}],"version-history":[{"count":1,"href":"https:\/\/laiusepk.edu.ee\/index.php?rest_route=\/wp\/v2\/pages\/631\/revisions"}],"predecessor-version":[{"id":632,"href":"https:\/\/laiusepk.edu.ee\/index.php?rest_route=\/wp\/v2\/pages\/631\/revisions\/632"}],"wp:attachment":[{"href":"https:\/\/laiusepk.edu.ee\/index.php?rest_route=%2Fwp%2Fv2%2Fmedia&parent=631"}],"curies":[{"name":"wp","href":"https:\/\/api.w.org\/{rel}","templated":true}]}}