{"id":625,"date":"2019-01-15T12:58:47","date_gmt":"2019-01-15T10:58:47","guid":{"rendered":"http:\/\/laiusepk.edu.ee\/?page_id=625"},"modified":"2019-01-15T12:58:47","modified_gmt":"2019-01-15T10:58:47","slug":"1957-a","status":"publish","type":"page","link":"https:\/\/laiusepk.edu.ee\/?page_id=625","title":{"rendered":"1957. a."},"content":{"rendered":"\n<ol class=\"wp-block-list\"><li>AMOR, ASTA<\/li><li>BIRKENFELDT, VALTER<\/li><li>H\u00d5IM, JAAK<\/li><li>KASTAN, TAIVO<\/li><li>KAZONEN, ALEKSANDER<\/li><li>KOT\u0160KIN, ANATOLI<\/li><li>KOT\u0160<\/li><li>KIN, VLADIMIR<\/li><li>KUKK, ANNE<\/li><li>KUKK, IRA<\/li><li>KUSLAP, KARL<\/li><li>LEITEN, MART<\/li><li>LORENZ, J\u00dcRI<\/li><li>OLGO, ASTA<\/li><li>OLDERMANN, MARJE<\/li><li>PLOOVITS, LIIVI<\/li><li>SALDU, TIIU<\/li><li>SOOTALU, MARIE<\/li><li>STAUB, ANTS<\/li><li>TOOTS, EVI<\/li><li>T\u00c4NAV, HELE-MARI<\/li><li>UIBO, TIIT<\/li><li>VILSON, EMMILIE<\/li><li>\u00d5UN, JAAK<\/li><\/ol>\n\n\n\n<p class=\"wp-block-paragraph\"><strong>KL. JUH. ANNA TAVEL<\/strong>&nbsp;&nbsp;<\/p>\n","protected":false},"excerpt":{"rendered":"<p>AMOR, ASTA BIRKENFELDT, VALTER H\u00d5IM, JAAK KASTAN, TAIVO KAZONEN, ALEKSANDER KOT\u0160KIN, ANATOLI KOT\u0160 KIN, VLADIMIR KUKK, ANNE KUKK, IRA KUSLAP, KARL LEITEN, MART LORENZ, J\u00dcRI OLGO, ASTA OLDERMANN, MARJE PLOOVITS, LIIVI SALDU, TIIU SOOTALU, MARIE STAUB, ANTS TOOTS, EVI T\u00c4NAV, HELE-MARI UIBO, TIIT VILSON, EMMILIE \u00d5UN, JAAK KL. JUH. ANNA TAVEL&nbsp;&nbsp;<\/p>\n","protected":false},"author":1,"featured_media":0,"parent":0,"menu_order":0,"comment_status":"closed","ping_status":"closed","template":"","meta":{"_crdt_document":"","_uag_custom_page_level_css":"","footnotes":""},"class_list":["post-625","page","type-page","status-publish","hentry"],"uagb_featured_image_src":{"full":false,"thumbnail":false,"medium":false,"medium_large":false,"large":false,"1536x1536":false,"2048x2048":false,"post-thumbnail":false},"uagb_author_info":{"display_name":"admin","author_link":"https:\/\/laiusepk.edu.ee\/?author=1"},"uagb_comment_info":0,"uagb_excerpt":"AMOR, ASTA BIRKENFELDT, VALTER H\u00d5IM, JAAK KASTAN, TAIVO KAZONEN, ALEKSANDER KOT\u0160KIN, ANATOLI KOT\u0160 KIN, VLADIMIR KUKK, ANNE KUKK, IRA KUSLAP, KARL LEITEN, MART LORENZ, J\u00dcRI OLGO, ASTA OLDERMANN, MARJE PLOOVITS, LIIVI SALDU, TIIU SOOTALU, MARIE STAUB, ANTS TOOTS, EVI T\u00c4NAV, HELE-MARI UIBO, TIIT VILSON, EMMILIE \u00d5UN, JAAK KL. JUH. ANNA TAVEL&nbsp;&nbsp;","_links":{"self":[{"href":"https:\/\/laiusepk.edu.ee\/index.php?rest_route=\/wp\/v2\/pages\/625","targetHints":{"allow":["GET"]}}],"collection":[{"href":"https:\/\/laiusepk.edu.ee\/index.php?rest_route=\/wp\/v2\/pages"}],"about":[{"href":"https:\/\/laiusepk.edu.ee\/index.php?rest_route=\/wp\/v2\/types\/page"}],"author":[{"embeddable":true,"href":"https:\/\/laiusepk.edu.ee\/index.php?rest_route=\/wp\/v2\/users\/1"}],"replies":[{"embeddable":true,"href":"https:\/\/laiusepk.edu.ee\/index.php?rest_route=%2Fwp%2Fv2%2Fcomments&post=625"}],"version-history":[{"count":1,"href":"https:\/\/laiusepk.edu.ee\/index.php?rest_route=\/wp\/v2\/pages\/625\/revisions"}],"predecessor-version":[{"id":626,"href":"https:\/\/laiusepk.edu.ee\/index.php?rest_route=\/wp\/v2\/pages\/625\/revisions\/626"}],"wp:attachment":[{"href":"https:\/\/laiusepk.edu.ee\/index.php?rest_route=%2Fwp%2Fv2%2Fmedia&parent=625"}],"curies":[{"name":"wp","href":"https:\/\/api.w.org\/{rel}","templated":true}]}}