{"id":619,"date":"2019-01-15T12:57:00","date_gmt":"2019-01-15T10:57:00","guid":{"rendered":"http:\/\/laiusepk.edu.ee\/?page_id=619"},"modified":"2019-01-15T12:57:00","modified_gmt":"2019-01-15T10:57:00","slug":"1960-a","status":"publish","type":"page","link":"https:\/\/laiusepk.edu.ee\/?page_id=619","title":{"rendered":"1960. a."},"content":{"rendered":"\n<ol class=\"wp-block-list\"><li>H\u00d5IM, TIIT<\/li><li>KASONEN, ELSA<\/li><li>KINK, MAIE<\/li><li>KOLBERG, LIIDIA<\/li><li>KOPPEL, J\u00dcRI-TEET<\/li><li>LAIDRE, MARE<\/li><li>LEPIK, ARNOLD<\/li><li>LINDSALU, LEMBIT<\/li><li>MALM, ELVE-REA<\/li><li>MERILO, OLEV<\/li><li>PAHLA, HEINI<\/li><li>PIIROJA, TIINA<\/li><li>PUU, VIIVE<\/li><li>SINIVEE, SIIRI<\/li><li>TART, LEILI<\/li><li>T\u00c4NAV, VALDEKO<\/li><li>UIBO, ELLEN<\/li><li>V\u00c4\u00c4R, ANTS<\/li><\/ol>\n\n\n\n<p class=\"wp-block-paragraph\"><strong>KL. JUH. \u00d5P. TAVEL<\/strong><\/p>\n","protected":false},"excerpt":{"rendered":"<p>H\u00d5IM, TIIT KASONEN, ELSA KINK, MAIE KOLBERG, LIIDIA KOPPEL, J\u00dcRI-TEET LAIDRE, MARE LEPIK, ARNOLD LINDSALU, LEMBIT MALM, ELVE-REA MERILO, OLEV PAHLA, HEINI PIIROJA, TIINA PUU, VIIVE SINIVEE, SIIRI TART, LEILI T\u00c4NAV, VALDEKO UIBO, ELLEN V\u00c4\u00c4R, ANTS KL. JUH. \u00d5P. TAVEL<\/p>\n","protected":false},"author":1,"featured_media":0,"parent":0,"menu_order":0,"comment_status":"closed","ping_status":"closed","template":"","meta":{"_crdt_document":"","_uag_custom_page_level_css":"","footnotes":""},"class_list":["post-619","page","type-page","status-publish","hentry"],"uagb_featured_image_src":{"full":false,"thumbnail":false,"medium":false,"medium_large":false,"large":false,"1536x1536":false,"2048x2048":false,"post-thumbnail":false},"uagb_author_info":{"display_name":"admin","author_link":"https:\/\/laiusepk.edu.ee\/?author=1"},"uagb_comment_info":0,"uagb_excerpt":"H\u00d5IM, TIIT KASONEN, ELSA KINK, MAIE KOLBERG, LIIDIA KOPPEL, J\u00dcRI-TEET LAIDRE, MARE LEPIK, ARNOLD LINDSALU, LEMBIT MALM, ELVE-REA MERILO, OLEV PAHLA, HEINI PIIROJA, TIINA PUU, VIIVE SINIVEE, SIIRI TART, LEILI T\u00c4NAV, VALDEKO UIBO, ELLEN V\u00c4\u00c4R, ANTS KL. JUH. \u00d5P. TAVEL","_links":{"self":[{"href":"https:\/\/laiusepk.edu.ee\/index.php?rest_route=\/wp\/v2\/pages\/619","targetHints":{"allow":["GET"]}}],"collection":[{"href":"https:\/\/laiusepk.edu.ee\/index.php?rest_route=\/wp\/v2\/pages"}],"about":[{"href":"https:\/\/laiusepk.edu.ee\/index.php?rest_route=\/wp\/v2\/types\/page"}],"author":[{"embeddable":true,"href":"https:\/\/laiusepk.edu.ee\/index.php?rest_route=\/wp\/v2\/users\/1"}],"replies":[{"embeddable":true,"href":"https:\/\/laiusepk.edu.ee\/index.php?rest_route=%2Fwp%2Fv2%2Fcomments&post=619"}],"version-history":[{"count":1,"href":"https:\/\/laiusepk.edu.ee\/index.php?rest_route=\/wp\/v2\/pages\/619\/revisions"}],"predecessor-version":[{"id":620,"href":"https:\/\/laiusepk.edu.ee\/index.php?rest_route=\/wp\/v2\/pages\/619\/revisions\/620"}],"wp:attachment":[{"href":"https:\/\/laiusepk.edu.ee\/index.php?rest_route=%2Fwp%2Fv2%2Fmedia&parent=619"}],"curies":[{"name":"wp","href":"https:\/\/api.w.org\/{rel}","templated":true}]}}