{"id":617,"date":"2019-01-15T12:56:29","date_gmt":"2019-01-15T10:56:29","guid":{"rendered":"http:\/\/laiusepk.edu.ee\/?page_id=617"},"modified":"2019-01-15T12:56:29","modified_gmt":"2019-01-15T10:56:29","slug":"1961-a","status":"publish","type":"page","link":"https:\/\/laiusepk.edu.ee\/?page_id=617","title":{"rendered":"1961. a."},"content":{"rendered":"\n<ol class=\"wp-block-list\"><li>ALLINGU, ANTS<\/li><li>H\u00d5IM, REIN<\/li><li>MARTINOV, REIN<\/li><li>N\u00d5GENE, T\u00d5NU<\/li><li>OHANDI, \u00dcLLE<\/li><li>OLGO, EEVI<\/li><li>TOOMJ\u00d5E, AVO<\/li><li>UIBO, PEETER<\/li><\/ol>\n\n\n\n<p class=\"wp-block-paragraph\"><strong>KL. JUH. ERNA KUUSK<\/strong><\/p>\n","protected":false},"excerpt":{"rendered":"<p>ALLINGU, ANTS H\u00d5IM, REIN MARTINOV, REIN N\u00d5GENE, T\u00d5NU OHANDI, \u00dcLLE OLGO, EEVI TOOMJ\u00d5E, AVO UIBO, PEETER KL. JUH. ERNA KUUSK<\/p>\n","protected":false},"author":1,"featured_media":0,"parent":0,"menu_order":0,"comment_status":"closed","ping_status":"closed","template":"","meta":{"_crdt_document":"","_uag_custom_page_level_css":"","footnotes":""},"class_list":["post-617","page","type-page","status-publish","hentry"],"uagb_featured_image_src":{"full":false,"thumbnail":false,"medium":false,"medium_large":false,"large":false,"1536x1536":false,"2048x2048":false,"post-thumbnail":false},"uagb_author_info":{"display_name":"admin","author_link":"https:\/\/laiusepk.edu.ee\/?author=1"},"uagb_comment_info":0,"uagb_excerpt":"ALLINGU, ANTS H\u00d5IM, REIN MARTINOV, REIN N\u00d5GENE, T\u00d5NU OHANDI, \u00dcLLE OLGO, EEVI TOOMJ\u00d5E, AVO UIBO, PEETER KL. JUH. ERNA KUUSK","_links":{"self":[{"href":"https:\/\/laiusepk.edu.ee\/index.php?rest_route=\/wp\/v2\/pages\/617","targetHints":{"allow":["GET"]}}],"collection":[{"href":"https:\/\/laiusepk.edu.ee\/index.php?rest_route=\/wp\/v2\/pages"}],"about":[{"href":"https:\/\/laiusepk.edu.ee\/index.php?rest_route=\/wp\/v2\/types\/page"}],"author":[{"embeddable":true,"href":"https:\/\/laiusepk.edu.ee\/index.php?rest_route=\/wp\/v2\/users\/1"}],"replies":[{"embeddable":true,"href":"https:\/\/laiusepk.edu.ee\/index.php?rest_route=%2Fwp%2Fv2%2Fcomments&post=617"}],"version-history":[{"count":1,"href":"https:\/\/laiusepk.edu.ee\/index.php?rest_route=\/wp\/v2\/pages\/617\/revisions"}],"predecessor-version":[{"id":618,"href":"https:\/\/laiusepk.edu.ee\/index.php?rest_route=\/wp\/v2\/pages\/617\/revisions\/618"}],"wp:attachment":[{"href":"https:\/\/laiusepk.edu.ee\/index.php?rest_route=%2Fwp%2Fv2%2Fmedia&parent=617"}],"curies":[{"name":"wp","href":"https:\/\/api.w.org\/{rel}","templated":true}]}}