{"id":611,"date":"2019-01-15T12:54:58","date_gmt":"2019-01-15T10:54:58","guid":{"rendered":"http:\/\/laiusepk.edu.ee\/?page_id=611"},"modified":"2019-01-15T12:54:58","modified_gmt":"2019-01-15T10:54:58","slug":"1964-a","status":"publish","type":"page","link":"https:\/\/laiusepk.edu.ee\/?page_id=611","title":{"rendered":"1964. a."},"content":{"rendered":"\n<ol class=\"wp-block-list\"><li>ARUTEE, JUTA<\/li><li>EIN, ENDLA<\/li><li>KASK, TATJANA<\/li><li>KOPPEL, MATS<\/li><li>KULLI, HELLE<\/li><li>LIIV, \u00dcLLE<\/li><li>NOORM\u00c4GI, EVI<\/li><li>OTS, SILVI<\/li><li>RANDLA, MARE<\/li><li>TOOMJ\u00d5E, JUTA<\/li><li>TOOMING, \u00dcLO<\/li><li>VINK, LUULE<\/li><\/ol>\n\n\n\n<p class=\"wp-block-paragraph\"><strong>KL. JUH. AINO KADUVEE<\/strong><\/p>\n","protected":false},"excerpt":{"rendered":"<p>ARUTEE, JUTA EIN, ENDLA KASK, TATJANA KOPPEL, MATS KULLI, HELLE LIIV, \u00dcLLE NOORM\u00c4GI, EVI OTS, SILVI RANDLA, MARE TOOMJ\u00d5E, JUTA TOOMING, \u00dcLO VINK, LUULE KL. JUH. AINO KADUVEE<\/p>\n","protected":false},"author":1,"featured_media":0,"parent":0,"menu_order":0,"comment_status":"closed","ping_status":"closed","template":"","meta":{"_crdt_document":"","_uag_custom_page_level_css":"","footnotes":""},"class_list":["post-611","page","type-page","status-publish","hentry"],"uagb_featured_image_src":{"full":false,"thumbnail":false,"medium":false,"medium_large":false,"large":false,"1536x1536":false,"2048x2048":false,"post-thumbnail":false},"uagb_author_info":{"display_name":"admin","author_link":"https:\/\/laiusepk.edu.ee\/?author=1"},"uagb_comment_info":0,"uagb_excerpt":"ARUTEE, JUTA EIN, ENDLA KASK, TATJANA KOPPEL, MATS KULLI, HELLE LIIV, \u00dcLLE NOORM\u00c4GI, EVI OTS, SILVI RANDLA, MARE TOOMJ\u00d5E, JUTA TOOMING, \u00dcLO VINK, LUULE KL. JUH. AINO KADUVEE","_links":{"self":[{"href":"https:\/\/laiusepk.edu.ee\/index.php?rest_route=\/wp\/v2\/pages\/611","targetHints":{"allow":["GET"]}}],"collection":[{"href":"https:\/\/laiusepk.edu.ee\/index.php?rest_route=\/wp\/v2\/pages"}],"about":[{"href":"https:\/\/laiusepk.edu.ee\/index.php?rest_route=\/wp\/v2\/types\/page"}],"author":[{"embeddable":true,"href":"https:\/\/laiusepk.edu.ee\/index.php?rest_route=\/wp\/v2\/users\/1"}],"replies":[{"embeddable":true,"href":"https:\/\/laiusepk.edu.ee\/index.php?rest_route=%2Fwp%2Fv2%2Fcomments&post=611"}],"version-history":[{"count":1,"href":"https:\/\/laiusepk.edu.ee\/index.php?rest_route=\/wp\/v2\/pages\/611\/revisions"}],"predecessor-version":[{"id":612,"href":"https:\/\/laiusepk.edu.ee\/index.php?rest_route=\/wp\/v2\/pages\/611\/revisions\/612"}],"wp:attachment":[{"href":"https:\/\/laiusepk.edu.ee\/index.php?rest_route=%2Fwp%2Fv2%2Fmedia&parent=611"}],"curies":[{"name":"wp","href":"https:\/\/api.w.org\/{rel}","templated":true}]}}