{"id":609,"date":"2019-01-15T12:54:27","date_gmt":"2019-01-15T10:54:27","guid":{"rendered":"http:\/\/laiusepk.edu.ee\/?page_id=609"},"modified":"2019-01-15T12:54:27","modified_gmt":"2019-01-15T10:54:27","slug":"1965-a","status":"publish","type":"page","link":"https:\/\/laiusepk.edu.ee\/?page_id=609","title":{"rendered":"1965. a."},"content":{"rendered":"\n<ol class=\"wp-block-list\"><li>J\u00d5URAM, HELLE<\/li><li>J\u00d5URAM, JAAN<\/li><li>KALDMA, AINO<\/li><li>KASK, IRINA<\/li><li>KOOR. ARNOLD<\/li><li>KORTS-P\u00c4RN, \u00dcLLE<\/li><li>KUKK, KRISTJAN<\/li><li>KUSLAP, ARVO<\/li><li>LEITEN, ILMAR<\/li><li>MEIBAUM, KALJU<\/li><li>M\u00c4GAR, INGRID<\/li><li>OJARAND, VIIVI<\/li><li>PAHLA, ERIKA<\/li><li>P\u00c4RN, RIINA<\/li><li>P\u00dcLSE, ROINE<\/li><li>SAAR, MAIE<\/li><li>SAAR, T\u00d5NU<\/li><li>STAUB, AHTO<\/li><li>VINK, ASTA<\/li><li>GERTSIK, MARGARITA<\/li><\/ol>\n\n\n\n<p class=\"wp-block-paragraph\"><strong>KL. JUH. ERNA KUUSK<\/strong><\/p>\n","protected":false},"excerpt":{"rendered":"<p>J\u00d5URAM, HELLE J\u00d5URAM, JAAN KALDMA, AINO KASK, IRINA KOOR. ARNOLD KORTS-P\u00c4RN, \u00dcLLE KUKK, KRISTJAN KUSLAP, ARVO LEITEN, ILMAR MEIBAUM, KALJU M\u00c4GAR, INGRID OJARAND, VIIVI PAHLA, ERIKA P\u00c4RN, RIINA P\u00dcLSE, ROINE SAAR, MAIE SAAR, T\u00d5NU STAUB, AHTO VINK, ASTA GERTSIK, MARGARITA KL. JUH. ERNA KUUSK<\/p>\n","protected":false},"author":1,"featured_media":0,"parent":0,"menu_order":0,"comment_status":"closed","ping_status":"closed","template":"","meta":{"_crdt_document":"","_uag_custom_page_level_css":"","footnotes":""},"class_list":["post-609","page","type-page","status-publish","hentry"],"uagb_featured_image_src":{"full":false,"thumbnail":false,"medium":false,"medium_large":false,"large":false,"1536x1536":false,"2048x2048":false,"post-thumbnail":false},"uagb_author_info":{"display_name":"admin","author_link":"https:\/\/laiusepk.edu.ee\/?author=1"},"uagb_comment_info":0,"uagb_excerpt":"J\u00d5URAM, HELLE J\u00d5URAM, JAAN KALDMA, AINO KASK, IRINA KOOR. ARNOLD KORTS-P\u00c4RN, \u00dcLLE KUKK, KRISTJAN KUSLAP, ARVO LEITEN, ILMAR MEIBAUM, KALJU M\u00c4GAR, INGRID OJARAND, VIIVI PAHLA, ERIKA P\u00c4RN, RIINA P\u00dcLSE, ROINE SAAR, MAIE SAAR, T\u00d5NU STAUB, AHTO VINK, ASTA GERTSIK, MARGARITA KL. JUH. ERNA KUUSK","_links":{"self":[{"href":"https:\/\/laiusepk.edu.ee\/index.php?rest_route=\/wp\/v2\/pages\/609","targetHints":{"allow":["GET"]}}],"collection":[{"href":"https:\/\/laiusepk.edu.ee\/index.php?rest_route=\/wp\/v2\/pages"}],"about":[{"href":"https:\/\/laiusepk.edu.ee\/index.php?rest_route=\/wp\/v2\/types\/page"}],"author":[{"embeddable":true,"href":"https:\/\/laiusepk.edu.ee\/index.php?rest_route=\/wp\/v2\/users\/1"}],"replies":[{"embeddable":true,"href":"https:\/\/laiusepk.edu.ee\/index.php?rest_route=%2Fwp%2Fv2%2Fcomments&post=609"}],"version-history":[{"count":1,"href":"https:\/\/laiusepk.edu.ee\/index.php?rest_route=\/wp\/v2\/pages\/609\/revisions"}],"predecessor-version":[{"id":610,"href":"https:\/\/laiusepk.edu.ee\/index.php?rest_route=\/wp\/v2\/pages\/609\/revisions\/610"}],"wp:attachment":[{"href":"https:\/\/laiusepk.edu.ee\/index.php?rest_route=%2Fwp%2Fv2%2Fmedia&parent=609"}],"curies":[{"name":"wp","href":"https:\/\/api.w.org\/{rel}","templated":true}]}}