{"id":607,"date":"2019-01-15T12:53:57","date_gmt":"2019-01-15T10:53:57","guid":{"rendered":"http:\/\/laiusepk.edu.ee\/?page_id=607"},"modified":"2019-01-15T12:53:57","modified_gmt":"2019-01-15T10:53:57","slug":"1966-a","status":"publish","type":"page","link":"https:\/\/laiusepk.edu.ee\/?page_id=607","title":{"rendered":"1966. a."},"content":{"rendered":"\n<ol class=\"wp-block-list\"><li>AVI, ANNE<\/li><li>GUSSEV, NIKOLAI<\/li><li>HELM, SULEV<\/li><li>J\u00dcRGENSON, VIKTOR<\/li><li>KALDMA, ARNO<\/li><li>KASE, ESTA<\/li><li>KOIT, AIME<\/li><li>LJA\u0160KOVA, NIINA<\/li><li>LIIV, PEETER<\/li><li>L\u00d5HMUSSAAR, AARE<\/li><li>MEIBAUM, ENN<\/li><li>METSUR, MADIS<\/li><li>OLGO, AVO<\/li><li>PALL, T\u00d5NU<\/li><li>R\u00c4HN, REIN<\/li><li>SAAR, JAAN<\/li><li>SAAR, TIIA<\/li><li>SEER, KALJU<\/li><li>TOOMING, ANU<\/li><li>V\u00c4\u00c4T, AARE<\/li><\/ol>\n\n\n\n<p class=\"wp-block-paragraph\"><strong>KL. JUH. KARL TIIDENBERG<\/strong><\/p>\n","protected":false},"excerpt":{"rendered":"<p>AVI, ANNE GUSSEV, NIKOLAI HELM, SULEV J\u00dcRGENSON, VIKTOR KALDMA, ARNO KASE, ESTA KOIT, AIME LJA\u0160KOVA, NIINA LIIV, PEETER L\u00d5HMUSSAAR, AARE MEIBAUM, ENN METSUR, MADIS OLGO, AVO PALL, T\u00d5NU R\u00c4HN, REIN SAAR, JAAN SAAR, TIIA SEER, KALJU TOOMING, ANU V\u00c4\u00c4T, AARE KL. JUH. KARL TIIDENBERG<\/p>\n","protected":false},"author":1,"featured_media":0,"parent":0,"menu_order":0,"comment_status":"closed","ping_status":"closed","template":"","meta":{"_crdt_document":"","_uag_custom_page_level_css":"","footnotes":""},"class_list":["post-607","page","type-page","status-publish","hentry"],"uagb_featured_image_src":{"full":false,"thumbnail":false,"medium":false,"medium_large":false,"large":false,"1536x1536":false,"2048x2048":false,"post-thumbnail":false},"uagb_author_info":{"display_name":"admin","author_link":"https:\/\/laiusepk.edu.ee\/?author=1"},"uagb_comment_info":0,"uagb_excerpt":"AVI, ANNE GUSSEV, NIKOLAI HELM, SULEV J\u00dcRGENSON, VIKTOR KALDMA, ARNO KASE, ESTA KOIT, AIME LJA\u0160KOVA, NIINA LIIV, PEETER L\u00d5HMUSSAAR, AARE MEIBAUM, ENN METSUR, MADIS OLGO, AVO PALL, T\u00d5NU R\u00c4HN, REIN SAAR, JAAN SAAR, TIIA SEER, KALJU TOOMING, ANU V\u00c4\u00c4T, AARE KL. JUH. KARL TIIDENBERG","_links":{"self":[{"href":"https:\/\/laiusepk.edu.ee\/index.php?rest_route=\/wp\/v2\/pages\/607","targetHints":{"allow":["GET"]}}],"collection":[{"href":"https:\/\/laiusepk.edu.ee\/index.php?rest_route=\/wp\/v2\/pages"}],"about":[{"href":"https:\/\/laiusepk.edu.ee\/index.php?rest_route=\/wp\/v2\/types\/page"}],"author":[{"embeddable":true,"href":"https:\/\/laiusepk.edu.ee\/index.php?rest_route=\/wp\/v2\/users\/1"}],"replies":[{"embeddable":true,"href":"https:\/\/laiusepk.edu.ee\/index.php?rest_route=%2Fwp%2Fv2%2Fcomments&post=607"}],"version-history":[{"count":1,"href":"https:\/\/laiusepk.edu.ee\/index.php?rest_route=\/wp\/v2\/pages\/607\/revisions"}],"predecessor-version":[{"id":608,"href":"https:\/\/laiusepk.edu.ee\/index.php?rest_route=\/wp\/v2\/pages\/607\/revisions\/608"}],"wp:attachment":[{"href":"https:\/\/laiusepk.edu.ee\/index.php?rest_route=%2Fwp%2Fv2%2Fmedia&parent=607"}],"curies":[{"name":"wp","href":"https:\/\/api.w.org\/{rel}","templated":true}]}}