{"id":603,"date":"2019-01-15T12:52:47","date_gmt":"2019-01-15T10:52:47","guid":{"rendered":"http:\/\/laiusepk.edu.ee\/?page_id=603"},"modified":"2019-01-15T12:52:47","modified_gmt":"2019-01-15T10:52:47","slug":"1968-a","status":"publish","type":"page","link":"https:\/\/laiusepk.edu.ee\/?page_id=603","title":{"rendered":"1968. a."},"content":{"rendered":"\n<ol class=\"wp-block-list\"><li>KALDMA, VELLO<\/li><li>KOIDU, JUHAN<\/li><li>KOOR, TAMARA<\/li><li>KUSLAP, V\u00c4INO<\/li><li>MILLER, \u00dcLLE<\/li><li>NOORM\u00c4GI, AARE<\/li><li>OLGO, PEEDO<\/li><li>OTS, HELDUR<\/li><li>PUSKAR, MEELI<\/li><li>P\u00c4RTELPOEG, ILMAR<\/li><li>P\u00d5DER, HELJE<\/li><li>SAAR, LEMBIT<\/li><li>SOPP, SILVI<\/li><li>T\u00c4HT, AHTO<\/li><li>VERULANE, MARE<\/li><\/ol>\n\n\n\n<p class=\"wp-block-paragraph\"><strong>KL. JUH.&nbsp; JUHAN LOIME<\/strong><\/p>\n","protected":false},"excerpt":{"rendered":"<p>KALDMA, VELLO KOIDU, JUHAN KOOR, TAMARA KUSLAP, V\u00c4INO MILLER, \u00dcLLE NOORM\u00c4GI, AARE OLGO, PEEDO OTS, HELDUR PUSKAR, MEELI P\u00c4RTELPOEG, ILMAR P\u00d5DER, HELJE SAAR, LEMBIT SOPP, SILVI T\u00c4HT, AHTO VERULANE, MARE KL. JUH.&nbsp; JUHAN LOIME<\/p>\n","protected":false},"author":1,"featured_media":0,"parent":0,"menu_order":0,"comment_status":"closed","ping_status":"closed","template":"","meta":{"_crdt_document":"","_uag_custom_page_level_css":"","footnotes":""},"class_list":["post-603","page","type-page","status-publish","hentry"],"uagb_featured_image_src":{"full":false,"thumbnail":false,"medium":false,"medium_large":false,"large":false,"1536x1536":false,"2048x2048":false,"post-thumbnail":false},"uagb_author_info":{"display_name":"admin","author_link":"https:\/\/laiusepk.edu.ee\/?author=1"},"uagb_comment_info":0,"uagb_excerpt":"KALDMA, VELLO KOIDU, JUHAN KOOR, TAMARA KUSLAP, V\u00c4INO MILLER, \u00dcLLE NOORM\u00c4GI, AARE OLGO, PEEDO OTS, HELDUR PUSKAR, MEELI P\u00c4RTELPOEG, ILMAR P\u00d5DER, HELJE SAAR, LEMBIT SOPP, SILVI T\u00c4HT, AHTO VERULANE, MARE KL. JUH.&nbsp; JUHAN LOIME","_links":{"self":[{"href":"https:\/\/laiusepk.edu.ee\/index.php?rest_route=\/wp\/v2\/pages\/603","targetHints":{"allow":["GET"]}}],"collection":[{"href":"https:\/\/laiusepk.edu.ee\/index.php?rest_route=\/wp\/v2\/pages"}],"about":[{"href":"https:\/\/laiusepk.edu.ee\/index.php?rest_route=\/wp\/v2\/types\/page"}],"author":[{"embeddable":true,"href":"https:\/\/laiusepk.edu.ee\/index.php?rest_route=\/wp\/v2\/users\/1"}],"replies":[{"embeddable":true,"href":"https:\/\/laiusepk.edu.ee\/index.php?rest_route=%2Fwp%2Fv2%2Fcomments&post=603"}],"version-history":[{"count":1,"href":"https:\/\/laiusepk.edu.ee\/index.php?rest_route=\/wp\/v2\/pages\/603\/revisions"}],"predecessor-version":[{"id":604,"href":"https:\/\/laiusepk.edu.ee\/index.php?rest_route=\/wp\/v2\/pages\/603\/revisions\/604"}],"wp:attachment":[{"href":"https:\/\/laiusepk.edu.ee\/index.php?rest_route=%2Fwp%2Fv2%2Fmedia&parent=603"}],"curies":[{"name":"wp","href":"https:\/\/api.w.org\/{rel}","templated":true}]}}