{"id":597,"date":"2019-01-15T12:50:27","date_gmt":"2019-01-15T10:50:27","guid":{"rendered":"http:\/\/laiusepk.edu.ee\/?page_id=597"},"modified":"2019-01-15T12:50:28","modified_gmt":"2019-01-15T10:50:28","slug":"1971-a","status":"publish","type":"page","link":"https:\/\/laiusepk.edu.ee\/?page_id=597","title":{"rendered":"1971. a."},"content":{"rendered":"\n<ol class=\"wp-block-list\"><li>AVI, HELDUR<\/li><li>KILP, ENDEL<\/li><li>K\u00c4GU, MEINHARD<\/li><li>LEPIK, EVE<\/li><li>LIIV, RIHO<\/li><li>MALM, ILME<\/li><li>MIKIVER, HILLAR<\/li><li>M\u00c4GI, MART<\/li><li>NARME, AINO<\/li><li>P\u00c4RTELPOEG, EHA<\/li><li>R\u00c4HN, EHA<\/li><li>UUSTALU, URVE<\/li><li>VAHTRE, KALEV<\/li><li>VILSON, ARVI<\/li><li><strong>KL. JUH. KARL TIIDENBERG<\/strong><\/li><\/ol>\n","protected":false},"excerpt":{"rendered":"<p>AVI, HELDUR KILP, ENDEL K\u00c4GU, MEINHARD LEPIK, EVE LIIV, RIHO MALM, ILME MIKIVER, HILLAR M\u00c4GI, MART NARME, AINO P\u00c4RTELPOEG, EHA R\u00c4HN, EHA UUSTALU, URVE VAHTRE, KALEV VILSON, ARVI KL. JUH. KARL TIIDENBERG<\/p>\n","protected":false},"author":1,"featured_media":0,"parent":0,"menu_order":0,"comment_status":"closed","ping_status":"closed","template":"","meta":{"_crdt_document":"","_uag_custom_page_level_css":"","footnotes":""},"class_list":["post-597","page","type-page","status-publish","hentry"],"uagb_featured_image_src":{"full":false,"thumbnail":false,"medium":false,"medium_large":false,"large":false,"1536x1536":false,"2048x2048":false,"post-thumbnail":false},"uagb_author_info":{"display_name":"admin","author_link":"https:\/\/laiusepk.edu.ee\/?author=1"},"uagb_comment_info":0,"uagb_excerpt":"AVI, HELDUR KILP, ENDEL K\u00c4GU, MEINHARD LEPIK, EVE LIIV, RIHO MALM, ILME MIKIVER, HILLAR M\u00c4GI, MART NARME, AINO P\u00c4RTELPOEG, EHA R\u00c4HN, EHA UUSTALU, URVE VAHTRE, KALEV VILSON, ARVI KL. JUH. KARL TIIDENBERG","_links":{"self":[{"href":"https:\/\/laiusepk.edu.ee\/index.php?rest_route=\/wp\/v2\/pages\/597","targetHints":{"allow":["GET"]}}],"collection":[{"href":"https:\/\/laiusepk.edu.ee\/index.php?rest_route=\/wp\/v2\/pages"}],"about":[{"href":"https:\/\/laiusepk.edu.ee\/index.php?rest_route=\/wp\/v2\/types\/page"}],"author":[{"embeddable":true,"href":"https:\/\/laiusepk.edu.ee\/index.php?rest_route=\/wp\/v2\/users\/1"}],"replies":[{"embeddable":true,"href":"https:\/\/laiusepk.edu.ee\/index.php?rest_route=%2Fwp%2Fv2%2Fcomments&post=597"}],"version-history":[{"count":1,"href":"https:\/\/laiusepk.edu.ee\/index.php?rest_route=\/wp\/v2\/pages\/597\/revisions"}],"predecessor-version":[{"id":598,"href":"https:\/\/laiusepk.edu.ee\/index.php?rest_route=\/wp\/v2\/pages\/597\/revisions\/598"}],"wp:attachment":[{"href":"https:\/\/laiusepk.edu.ee\/index.php?rest_route=%2Fwp%2Fv2%2Fmedia&parent=597"}],"curies":[{"name":"wp","href":"https:\/\/api.w.org\/{rel}","templated":true}]}}