{"id":591,"date":"2019-01-15T12:48:35","date_gmt":"2019-01-15T10:48:35","guid":{"rendered":"http:\/\/laiusepk.edu.ee\/?page_id=591"},"modified":"2019-01-15T12:48:35","modified_gmt":"2019-01-15T10:48:35","slug":"1974-a","status":"publish","type":"page","link":"https:\/\/laiusepk.edu.ee\/?page_id=591","title":{"rendered":"1974. a."},"content":{"rendered":"\n<ol class=\"wp-block-list\"><li>KADUVEE, TIINA<\/li><li>KAIV, SIRJE<\/li><li>KAUGE, KAJA<\/li><li>KULDM\u00c4GI, KALJU<\/li><li>KULL, AARO<\/li><li>LEPIK, VEIKKO<\/li><li>OJARAND, MARGUS<\/li><li>PAULUS, OLEV<\/li><li>PIHLAK, TIIT<\/li><li>RAJA, RIINA<\/li><li>RANNAM\u00c4E, MERIKE<\/li><li>SAAR, MILVI<\/li><li>TOOMING, HELJO<\/li><li>VAHUR, TIINA<\/li><\/ol>\n\n\n\n<p class=\"wp-block-paragraph\"><strong>KL. JUH. \u00d5P. REINSALU<\/strong><\/p>\n","protected":false},"excerpt":{"rendered":"<p>KADUVEE, TIINA KAIV, SIRJE KAUGE, KAJA KULDM\u00c4GI, KALJU KULL, AARO LEPIK, VEIKKO OJARAND, MARGUS PAULUS, OLEV PIHLAK, TIIT RAJA, RIINA RANNAM\u00c4E, MERIKE SAAR, MILVI TOOMING, HELJO VAHUR, TIINA KL. JUH. \u00d5P. REINSALU<\/p>\n","protected":false},"author":1,"featured_media":0,"parent":0,"menu_order":0,"comment_status":"closed","ping_status":"closed","template":"","meta":{"_crdt_document":"","_uag_custom_page_level_css":"","footnotes":""},"class_list":["post-591","page","type-page","status-publish","hentry"],"uagb_featured_image_src":{"full":false,"thumbnail":false,"medium":false,"medium_large":false,"large":false,"1536x1536":false,"2048x2048":false,"post-thumbnail":false},"uagb_author_info":{"display_name":"admin","author_link":"https:\/\/laiusepk.edu.ee\/?author=1"},"uagb_comment_info":0,"uagb_excerpt":"KADUVEE, TIINA KAIV, SIRJE KAUGE, KAJA KULDM\u00c4GI, KALJU KULL, AARO LEPIK, VEIKKO OJARAND, MARGUS PAULUS, OLEV PIHLAK, TIIT RAJA, RIINA RANNAM\u00c4E, MERIKE SAAR, MILVI TOOMING, HELJO VAHUR, TIINA KL. JUH. \u00d5P. REINSALU","_links":{"self":[{"href":"https:\/\/laiusepk.edu.ee\/index.php?rest_route=\/wp\/v2\/pages\/591","targetHints":{"allow":["GET"]}}],"collection":[{"href":"https:\/\/laiusepk.edu.ee\/index.php?rest_route=\/wp\/v2\/pages"}],"about":[{"href":"https:\/\/laiusepk.edu.ee\/index.php?rest_route=\/wp\/v2\/types\/page"}],"author":[{"embeddable":true,"href":"https:\/\/laiusepk.edu.ee\/index.php?rest_route=\/wp\/v2\/users\/1"}],"replies":[{"embeddable":true,"href":"https:\/\/laiusepk.edu.ee\/index.php?rest_route=%2Fwp%2Fv2%2Fcomments&post=591"}],"version-history":[{"count":1,"href":"https:\/\/laiusepk.edu.ee\/index.php?rest_route=\/wp\/v2\/pages\/591\/revisions"}],"predecessor-version":[{"id":592,"href":"https:\/\/laiusepk.edu.ee\/index.php?rest_route=\/wp\/v2\/pages\/591\/revisions\/592"}],"wp:attachment":[{"href":"https:\/\/laiusepk.edu.ee\/index.php?rest_route=%2Fwp%2Fv2%2Fmedia&parent=591"}],"curies":[{"name":"wp","href":"https:\/\/api.w.org\/{rel}","templated":true}]}}