{"id":589,"date":"2019-01-15T12:48:01","date_gmt":"2019-01-15T10:48:01","guid":{"rendered":"http:\/\/laiusepk.edu.ee\/?page_id=589"},"modified":"2019-01-15T12:48:01","modified_gmt":"2019-01-15T10:48:01","slug":"1975-a","status":"publish","type":"page","link":"https:\/\/laiusepk.edu.ee\/?page_id=589","title":{"rendered":"1975. a."},"content":{"rendered":"\n<ol class=\"wp-block-list\"><li>KASE, HILLE<\/li><li>KORTS-LAUR, SIIRI<\/li><li>KUKK, \u00dcLLE<\/li><li>NARITS, AIRA<\/li><li>OLESK, RAUL<\/li><li>PAULUS, ANDRES<\/li><li>RANNAM\u00c4E, MARJE<\/li><li>SAAR, RIINA<\/li><li>TALI, TIIT<\/li><li>TEOR, HELGI<\/li><li>TOOMING, HELI<\/li><li>T\u00c4HT, SIRJE<\/li><li>T\u00d5RUKE, VALJO<\/li><li>VILSON, AARE<\/li><\/ol>\n\n\n\n<p class=\"wp-block-paragraph\"><strong>KL. JUH. SISASK<\/strong><\/p>\n","protected":false},"excerpt":{"rendered":"<p>KASE, HILLE KORTS-LAUR, SIIRI KUKK, \u00dcLLE NARITS, AIRA OLESK, RAUL PAULUS, ANDRES RANNAM\u00c4E, MARJE SAAR, RIINA TALI, TIIT TEOR, HELGI TOOMING, HELI T\u00c4HT, SIRJE T\u00d5RUKE, VALJO VILSON, AARE KL. JUH. SISASK<\/p>\n","protected":false},"author":1,"featured_media":0,"parent":0,"menu_order":0,"comment_status":"closed","ping_status":"closed","template":"","meta":{"_crdt_document":"","_uag_custom_page_level_css":"","footnotes":""},"class_list":["post-589","page","type-page","status-publish","hentry"],"uagb_featured_image_src":{"full":false,"thumbnail":false,"medium":false,"medium_large":false,"large":false,"1536x1536":false,"2048x2048":false,"post-thumbnail":false},"uagb_author_info":{"display_name":"admin","author_link":"https:\/\/laiusepk.edu.ee\/?author=1"},"uagb_comment_info":0,"uagb_excerpt":"KASE, HILLE KORTS-LAUR, SIIRI KUKK, \u00dcLLE NARITS, AIRA OLESK, RAUL PAULUS, ANDRES RANNAM\u00c4E, MARJE SAAR, RIINA TALI, TIIT TEOR, HELGI TOOMING, HELI T\u00c4HT, SIRJE T\u00d5RUKE, VALJO VILSON, AARE KL. JUH. SISASK","_links":{"self":[{"href":"https:\/\/laiusepk.edu.ee\/index.php?rest_route=\/wp\/v2\/pages\/589","targetHints":{"allow":["GET"]}}],"collection":[{"href":"https:\/\/laiusepk.edu.ee\/index.php?rest_route=\/wp\/v2\/pages"}],"about":[{"href":"https:\/\/laiusepk.edu.ee\/index.php?rest_route=\/wp\/v2\/types\/page"}],"author":[{"embeddable":true,"href":"https:\/\/laiusepk.edu.ee\/index.php?rest_route=\/wp\/v2\/users\/1"}],"replies":[{"embeddable":true,"href":"https:\/\/laiusepk.edu.ee\/index.php?rest_route=%2Fwp%2Fv2%2Fcomments&post=589"}],"version-history":[{"count":1,"href":"https:\/\/laiusepk.edu.ee\/index.php?rest_route=\/wp\/v2\/pages\/589\/revisions"}],"predecessor-version":[{"id":590,"href":"https:\/\/laiusepk.edu.ee\/index.php?rest_route=\/wp\/v2\/pages\/589\/revisions\/590"}],"wp:attachment":[{"href":"https:\/\/laiusepk.edu.ee\/index.php?rest_route=%2Fwp%2Fv2%2Fmedia&parent=589"}],"curies":[{"name":"wp","href":"https:\/\/api.w.org\/{rel}","templated":true}]}}