{"id":587,"date":"2019-01-15T12:46:56","date_gmt":"2019-01-15T10:46:56","guid":{"rendered":"http:\/\/laiusepk.edu.ee\/?page_id=587"},"modified":"2019-01-15T12:46:57","modified_gmt":"2019-01-15T10:46:57","slug":"1976-a","status":"publish","type":"page","link":"https:\/\/laiusepk.edu.ee\/?page_id=587","title":{"rendered":"1976. a."},"content":{"rendered":"\n<ol class=\"wp-block-list\"><li>AVI, SIRJE<\/li><li>ISPRAVN\u00d5I, ARVET<\/li><li>KULLI, SIRJE<\/li><li>LAAS, MEELIKE<\/li><li>LILLEP\u00d5LD, RAILI<\/li><li>MEY, KARIN<\/li><li>PIUS, REIN<\/li><li>PLOOM, AIN<\/li><li>SAMSONOV, ALBERT<\/li><li>STAMM, RAIVO<\/li><li>TAMMEM\u00c4GI, AIVO<\/li><li>TOOMING, TIIU<\/li><li>T\u0160ERNOOK, LIIA<\/li><li>UUSTALU, URMAS<\/li><li>VAINO, MATI<\/li><\/ol>\n\n\n\n<p class=\"wp-block-paragraph\"><strong>KL. JUH. AINO KADUVEE<\/strong><\/p>\n","protected":false},"excerpt":{"rendered":"<p>AVI, SIRJE ISPRAVN\u00d5I, ARVET KULLI, SIRJE LAAS, MEELIKE LILLEP\u00d5LD, RAILI MEY, KARIN PIUS, REIN PLOOM, AIN SAMSONOV, ALBERT STAMM, RAIVO TAMMEM\u00c4GI, AIVO TOOMING, TIIU T\u0160ERNOOK, LIIA UUSTALU, URMAS VAINO, MATI KL. JUH. AINO KADUVEE<\/p>\n","protected":false},"author":1,"featured_media":0,"parent":0,"menu_order":0,"comment_status":"closed","ping_status":"closed","template":"","meta":{"_crdt_document":"","_uag_custom_page_level_css":"","footnotes":""},"class_list":["post-587","page","type-page","status-publish","hentry"],"uagb_featured_image_src":{"full":false,"thumbnail":false,"medium":false,"medium_large":false,"large":false,"1536x1536":false,"2048x2048":false,"post-thumbnail":false},"uagb_author_info":{"display_name":"admin","author_link":"https:\/\/laiusepk.edu.ee\/?author=1"},"uagb_comment_info":0,"uagb_excerpt":"AVI, SIRJE ISPRAVN\u00d5I, ARVET KULLI, SIRJE LAAS, MEELIKE LILLEP\u00d5LD, RAILI MEY, KARIN PIUS, REIN PLOOM, AIN SAMSONOV, ALBERT STAMM, RAIVO TAMMEM\u00c4GI, AIVO TOOMING, TIIU T\u0160ERNOOK, LIIA UUSTALU, URMAS VAINO, MATI KL. JUH. AINO KADUVEE","_links":{"self":[{"href":"https:\/\/laiusepk.edu.ee\/index.php?rest_route=\/wp\/v2\/pages\/587","targetHints":{"allow":["GET"]}}],"collection":[{"href":"https:\/\/laiusepk.edu.ee\/index.php?rest_route=\/wp\/v2\/pages"}],"about":[{"href":"https:\/\/laiusepk.edu.ee\/index.php?rest_route=\/wp\/v2\/types\/page"}],"author":[{"embeddable":true,"href":"https:\/\/laiusepk.edu.ee\/index.php?rest_route=\/wp\/v2\/users\/1"}],"replies":[{"embeddable":true,"href":"https:\/\/laiusepk.edu.ee\/index.php?rest_route=%2Fwp%2Fv2%2Fcomments&post=587"}],"version-history":[{"count":1,"href":"https:\/\/laiusepk.edu.ee\/index.php?rest_route=\/wp\/v2\/pages\/587\/revisions"}],"predecessor-version":[{"id":588,"href":"https:\/\/laiusepk.edu.ee\/index.php?rest_route=\/wp\/v2\/pages\/587\/revisions\/588"}],"wp:attachment":[{"href":"https:\/\/laiusepk.edu.ee\/index.php?rest_route=%2Fwp%2Fv2%2Fmedia&parent=587"}],"curies":[{"name":"wp","href":"https:\/\/api.w.org\/{rel}","templated":true}]}}