{"id":526,"date":"2019-01-15T09:48:58","date_gmt":"2019-01-15T07:48:58","guid":{"rendered":"http:\/\/laiusepk.edu.ee\/?page_id=526"},"modified":"2019-01-15T09:48:59","modified_gmt":"2019-01-15T07:48:59","slug":"1978-a","status":"publish","type":"page","link":"https:\/\/laiusepk.edu.ee\/?page_id=526","title":{"rendered":"1978 a."},"content":{"rendered":"\n<ol class=\"wp-block-list\"><li>KATTEL, MARGE<\/li><li>KAUGE, RIINA<\/li><li>KORTS-LAUR, RIINA<\/li><li>KULLAM\u00c4GI, ANNELY<\/li><li>LOIME, LIIA<\/li><li>M\u00c4GI, ANDRES<\/li><li>ODRAS ,VOLLI<\/li><li>OSTRAT, AIVAR<\/li><li>PLOOM, EDA<\/li><li>PLOOM, TIIT<\/li><li>POST, SILVI<\/li><li>P\u00c4ID, TIIT<\/li><li>RAJA, REIN<\/li><li>REIM, ALLA<\/li><li>SAAR, ANU<\/li><li>TREIER, KATRIN<\/li><li>TUVIKE, TARMO<\/li><li>VANAK\u00d5RTS, TIIT<\/li><\/ol>\n\n\n\n<p class=\"wp-block-paragraph\"><strong>KL. JUH. SILVI TANILOV<\/strong><\/p>\n","protected":false},"excerpt":{"rendered":"<p>KATTEL, MARGE KAUGE, RIINA KORTS-LAUR, RIINA KULLAM\u00c4GI, ANNELY LOIME, LIIA M\u00c4GI, ANDRES ODRAS ,VOLLI OSTRAT, AIVAR PLOOM, EDA PLOOM, TIIT POST, SILVI P\u00c4ID, TIIT RAJA, REIN REIM, ALLA SAAR, ANU TREIER, KATRIN TUVIKE, TARMO VANAK\u00d5RTS, TIIT KL. JUH. SILVI TANILOV<\/p>\n","protected":false},"author":1,"featured_media":0,"parent":0,"menu_order":0,"comment_status":"closed","ping_status":"closed","template":"","meta":{"_crdt_document":"","_uag_custom_page_level_css":"","footnotes":""},"class_list":["post-526","page","type-page","status-publish","hentry"],"uagb_featured_image_src":{"full":false,"thumbnail":false,"medium":false,"medium_large":false,"large":false,"1536x1536":false,"2048x2048":false,"post-thumbnail":false},"uagb_author_info":{"display_name":"admin","author_link":"https:\/\/laiusepk.edu.ee\/?author=1"},"uagb_comment_info":0,"uagb_excerpt":"KATTEL, MARGE KAUGE, RIINA KORTS-LAUR, RIINA KULLAM\u00c4GI, ANNELY LOIME, LIIA M\u00c4GI, ANDRES ODRAS ,VOLLI OSTRAT, AIVAR PLOOM, EDA PLOOM, TIIT POST, SILVI P\u00c4ID, TIIT RAJA, REIN REIM, ALLA SAAR, ANU TREIER, KATRIN TUVIKE, TARMO VANAK\u00d5RTS, TIIT KL. JUH. SILVI TANILOV","_links":{"self":[{"href":"https:\/\/laiusepk.edu.ee\/index.php?rest_route=\/wp\/v2\/pages\/526","targetHints":{"allow":["GET"]}}],"collection":[{"href":"https:\/\/laiusepk.edu.ee\/index.php?rest_route=\/wp\/v2\/pages"}],"about":[{"href":"https:\/\/laiusepk.edu.ee\/index.php?rest_route=\/wp\/v2\/types\/page"}],"author":[{"embeddable":true,"href":"https:\/\/laiusepk.edu.ee\/index.php?rest_route=\/wp\/v2\/users\/1"}],"replies":[{"embeddable":true,"href":"https:\/\/laiusepk.edu.ee\/index.php?rest_route=%2Fwp%2Fv2%2Fcomments&post=526"}],"version-history":[{"count":1,"href":"https:\/\/laiusepk.edu.ee\/index.php?rest_route=\/wp\/v2\/pages\/526\/revisions"}],"predecessor-version":[{"id":527,"href":"https:\/\/laiusepk.edu.ee\/index.php?rest_route=\/wp\/v2\/pages\/526\/revisions\/527"}],"wp:attachment":[{"href":"https:\/\/laiusepk.edu.ee\/index.php?rest_route=%2Fwp%2Fv2%2Fmedia&parent=526"}],"curies":[{"name":"wp","href":"https:\/\/api.w.org\/{rel}","templated":true}]}}