{"id":520,"date":"2019-01-15T09:33:40","date_gmt":"2019-01-15T07:33:40","guid":{"rendered":"http:\/\/laiusepk.edu.ee\/?page_id=520"},"modified":"2019-01-15T09:33:40","modified_gmt":"2019-01-15T07:33:40","slug":"1981-a","status":"publish","type":"page","link":"https:\/\/laiusepk.edu.ee\/?page_id=520","title":{"rendered":"1981 a."},"content":{"rendered":"\n<p class=\"wp-block-paragraph\">1.ARULA, MEELIS<br>2.AVI, MATI<br>3.IVANOV, ALFREDES<br>4.KASE, RAIN<br>5.KIRJUTAJA, MARIKA&nbsp;<br>6.KULLI, KAIRE<br>7.LAANEMAA, \u00dcLLE<br>8.LEITEN, ANDRUS<br>9.LINDUS, MARGE<br>10.N\u00d5MME, MALLUR<br>11.ODRAS, SULEV<br>12.ORAV, RAUL&nbsp;<br>13.OZOL, J\u00dcRI<br>14.P\u00c4RN, OLEV<br>15.S\u00d6\u00d6T, SULEV<br>16.VILSON, MAIMU&nbsp;<br>17.V\u00c4LJAOTS, VALLO<\/p>\n\n\n\n<p class=\"wp-block-paragraph\"><strong>KL. JUH. AINO KADUVEE<\/strong><\/p>\n","protected":false},"excerpt":{"rendered":"<p>1.ARULA, MEELIS2.AVI, MATI3.IVANOV, ALFREDES4.KASE, RAIN5.KIRJUTAJA, MARIKA&nbsp;6.KULLI, KAIRE7.LAANEMAA, \u00dcLLE8.LEITEN, ANDRUS9.LINDUS, MARGE10.N\u00d5MME, MALLUR11.ODRAS, SULEV12.ORAV, RAUL&nbsp;13.OZOL, J\u00dcRI14.P\u00c4RN, OLEV15.S\u00d6\u00d6T, SULEV16.VILSON, MAIMU&nbsp;17.V\u00c4LJAOTS, VALLO KL. JUH. AINO KADUVEE<\/p>\n","protected":false},"author":1,"featured_media":0,"parent":0,"menu_order":0,"comment_status":"closed","ping_status":"closed","template":"","meta":{"_crdt_document":"","_uag_custom_page_level_css":"","footnotes":""},"class_list":["post-520","page","type-page","status-publish","hentry"],"uagb_featured_image_src":{"full":false,"thumbnail":false,"medium":false,"medium_large":false,"large":false,"1536x1536":false,"2048x2048":false,"post-thumbnail":false},"uagb_author_info":{"display_name":"admin","author_link":"https:\/\/laiusepk.edu.ee\/?author=1"},"uagb_comment_info":0,"uagb_excerpt":"1.ARULA, MEELIS2.AVI, MATI3.IVANOV, ALFREDES4.KASE, RAIN5.KIRJUTAJA, MARIKA&nbsp;6.KULLI, KAIRE7.LAANEMAA, \u00dcLLE8.LEITEN, ANDRUS9.LINDUS, MARGE10.N\u00d5MME, MALLUR11.ODRAS, SULEV12.ORAV, RAUL&nbsp;13.OZOL, J\u00dcRI14.P\u00c4RN, OLEV15.S\u00d6\u00d6T, SULEV16.VILSON, MAIMU&nbsp;17.V\u00c4LJAOTS, VALLO KL. JUH. AINO KADUVEE","_links":{"self":[{"href":"https:\/\/laiusepk.edu.ee\/index.php?rest_route=\/wp\/v2\/pages\/520","targetHints":{"allow":["GET"]}}],"collection":[{"href":"https:\/\/laiusepk.edu.ee\/index.php?rest_route=\/wp\/v2\/pages"}],"about":[{"href":"https:\/\/laiusepk.edu.ee\/index.php?rest_route=\/wp\/v2\/types\/page"}],"author":[{"embeddable":true,"href":"https:\/\/laiusepk.edu.ee\/index.php?rest_route=\/wp\/v2\/users\/1"}],"replies":[{"embeddable":true,"href":"https:\/\/laiusepk.edu.ee\/index.php?rest_route=%2Fwp%2Fv2%2Fcomments&post=520"}],"version-history":[{"count":1,"href":"https:\/\/laiusepk.edu.ee\/index.php?rest_route=\/wp\/v2\/pages\/520\/revisions"}],"predecessor-version":[{"id":521,"href":"https:\/\/laiusepk.edu.ee\/index.php?rest_route=\/wp\/v2\/pages\/520\/revisions\/521"}],"wp:attachment":[{"href":"https:\/\/laiusepk.edu.ee\/index.php?rest_route=%2Fwp%2Fv2%2Fmedia&parent=520"}],"curies":[{"name":"wp","href":"https:\/\/api.w.org\/{rel}","templated":true}]}}