{"id":518,"date":"2019-01-15T09:33:07","date_gmt":"2019-01-15T07:33:07","guid":{"rendered":"http:\/\/laiusepk.edu.ee\/?page_id=518"},"modified":"2019-01-15T09:33:08","modified_gmt":"2019-01-15T07:33:08","slug":"1982-a","status":"publish","type":"page","link":"https:\/\/laiusepk.edu.ee\/?page_id=518","title":{"rendered":"1982 a."},"content":{"rendered":"\n<p class=\"wp-block-paragraph\">1.BIRK, URMAS<br>2.BU\u0160UJEVA, MARIKA<br>3.KIKKAS, IVI<br>4.MERE, ENDEL&nbsp;<br>5. MEY, KULDAR<br>6.PIHO, ANNELY<br>7.PLOOM, RITA<br>8.POST, URMAS<br>9.PUUSEPP, \u00dcLO<br>10.P\u00c4RN, AIVAR<br>11.SAAR, TOOMAS<br>12.SAZONOV, KALLE<br>13.VALGM\u00c4E, ELMET<br>15.VOODLA, RAIVO<br>16.V\u00c4LB, HELI<br>17.\u00d6\u00d6VEL, TARMO<br>18.OZOL, REIN<\/p>\n\n\n\n<p class=\"wp-block-paragraph\"><strong>KL. JUH. T\u00d5NU KRAUBNER<\/strong><\/p>\n","protected":false},"excerpt":{"rendered":"<p>1.BIRK, URMAS2.BU\u0160UJEVA, MARIKA3.KIKKAS, IVI4.MERE, ENDEL&nbsp;5. MEY, KULDAR6.PIHO, ANNELY7.PLOOM, RITA8.POST, URMAS9.PUUSEPP, \u00dcLO10.P\u00c4RN, AIVAR11.SAAR, TOOMAS12.SAZONOV, KALLE13.VALGM\u00c4E, ELMET15.VOODLA, RAIVO16.V\u00c4LB, HELI17.\u00d6\u00d6VEL, TARMO18.OZOL, REIN KL. JUH. T\u00d5NU KRAUBNER<\/p>\n","protected":false},"author":1,"featured_media":0,"parent":0,"menu_order":0,"comment_status":"closed","ping_status":"closed","template":"","meta":{"_crdt_document":"","_uag_custom_page_level_css":"","footnotes":""},"class_list":["post-518","page","type-page","status-publish","hentry"],"uagb_featured_image_src":{"full":false,"thumbnail":false,"medium":false,"medium_large":false,"large":false,"1536x1536":false,"2048x2048":false,"post-thumbnail":false},"uagb_author_info":{"display_name":"admin","author_link":"https:\/\/laiusepk.edu.ee\/?author=1"},"uagb_comment_info":0,"uagb_excerpt":"1.BIRK, URMAS2.BU\u0160UJEVA, MARIKA3.KIKKAS, IVI4.MERE, ENDEL&nbsp;5. MEY, KULDAR6.PIHO, ANNELY7.PLOOM, RITA8.POST, URMAS9.PUUSEPP, \u00dcLO10.P\u00c4RN, AIVAR11.SAAR, TOOMAS12.SAZONOV, KALLE13.VALGM\u00c4E, ELMET15.VOODLA, RAIVO16.V\u00c4LB, HELI17.\u00d6\u00d6VEL, TARMO18.OZOL, REIN KL. JUH. T\u00d5NU KRAUBNER","_links":{"self":[{"href":"https:\/\/laiusepk.edu.ee\/index.php?rest_route=\/wp\/v2\/pages\/518","targetHints":{"allow":["GET"]}}],"collection":[{"href":"https:\/\/laiusepk.edu.ee\/index.php?rest_route=\/wp\/v2\/pages"}],"about":[{"href":"https:\/\/laiusepk.edu.ee\/index.php?rest_route=\/wp\/v2\/types\/page"}],"author":[{"embeddable":true,"href":"https:\/\/laiusepk.edu.ee\/index.php?rest_route=\/wp\/v2\/users\/1"}],"replies":[{"embeddable":true,"href":"https:\/\/laiusepk.edu.ee\/index.php?rest_route=%2Fwp%2Fv2%2Fcomments&post=518"}],"version-history":[{"count":1,"href":"https:\/\/laiusepk.edu.ee\/index.php?rest_route=\/wp\/v2\/pages\/518\/revisions"}],"predecessor-version":[{"id":519,"href":"https:\/\/laiusepk.edu.ee\/index.php?rest_route=\/wp\/v2\/pages\/518\/revisions\/519"}],"wp:attachment":[{"href":"https:\/\/laiusepk.edu.ee\/index.php?rest_route=%2Fwp%2Fv2%2Fmedia&parent=518"}],"curies":[{"name":"wp","href":"https:\/\/api.w.org\/{rel}","templated":true}]}}