{"id":506,"date":"2019-01-15T09:29:51","date_gmt":"2019-01-15T07:29:51","guid":{"rendered":"http:\/\/laiusepk.edu.ee\/?page_id=506"},"modified":"2019-01-15T09:29:51","modified_gmt":"2019-01-15T07:29:51","slug":"1988-a","status":"publish","type":"page","link":"https:\/\/laiusepk.edu.ee\/?page_id=506","title":{"rendered":"1988 a."},"content":{"rendered":"\n<ol class=\"wp-block-list\"><li>ALLINGU, AIMAR<\/li><li>JEGOROVA, MERLE<\/li><li>KOPPEL, JAANUS<\/li><li>KORTS-LAUR, MERIKE<\/li><li>KROON, MAREK<\/li><li>KULLI, PILLE<\/li><li>LAANEMAA, KARME<\/li><li>LIPPUR, MARIANNE<\/li><li>MEIBAUM, MAREK<\/li><li>NIGOL, \u00dcLO<\/li><li>N\u00d5MME, KALMER<\/li><li>OJASTE, MALLE<\/li><li>OLT, URMAS<\/li><li>PERK, HANNES<\/li><li>RANDLA, ANNE<\/li><li>SAAR, MAREK<\/li><li>SAAR, TOOMAS<\/li><li>TABERLAND, KAIDO<\/li><li>TAMMEM\u00c4GI, KERSTI<\/li><\/ol>\n\n\n\n<p class=\"wp-block-paragraph\"><strong>KL. JUH. RAIVO REIMETS<\/strong><\/p>\n","protected":false},"excerpt":{"rendered":"<p>ALLINGU, AIMAR JEGOROVA, MERLE KOPPEL, JAANUS KORTS-LAUR, MERIKE KROON, MAREK KULLI, PILLE LAANEMAA, KARME LIPPUR, MARIANNE MEIBAUM, MAREK NIGOL, \u00dcLO N\u00d5MME, KALMER OJASTE, MALLE OLT, URMAS PERK, HANNES RANDLA, ANNE SAAR, MAREK SAAR, TOOMAS TABERLAND, KAIDO TAMMEM\u00c4GI, KERSTI KL. JUH. RAIVO REIMETS<\/p>\n","protected":false},"author":1,"featured_media":0,"parent":0,"menu_order":0,"comment_status":"closed","ping_status":"closed","template":"","meta":{"_crdt_document":"","_uag_custom_page_level_css":"","footnotes":""},"class_list":["post-506","page","type-page","status-publish","hentry"],"uagb_featured_image_src":{"full":false,"thumbnail":false,"medium":false,"medium_large":false,"large":false,"1536x1536":false,"2048x2048":false,"post-thumbnail":false},"uagb_author_info":{"display_name":"admin","author_link":"https:\/\/laiusepk.edu.ee\/?author=1"},"uagb_comment_info":0,"uagb_excerpt":"ALLINGU, AIMAR JEGOROVA, MERLE KOPPEL, JAANUS KORTS-LAUR, MERIKE KROON, MAREK KULLI, PILLE LAANEMAA, KARME LIPPUR, MARIANNE MEIBAUM, MAREK NIGOL, \u00dcLO N\u00d5MME, KALMER OJASTE, MALLE OLT, URMAS PERK, HANNES RANDLA, ANNE SAAR, MAREK SAAR, TOOMAS TABERLAND, KAIDO TAMMEM\u00c4GI, KERSTI KL. JUH. RAIVO REIMETS","_links":{"self":[{"href":"https:\/\/laiusepk.edu.ee\/index.php?rest_route=\/wp\/v2\/pages\/506","targetHints":{"allow":["GET"]}}],"collection":[{"href":"https:\/\/laiusepk.edu.ee\/index.php?rest_route=\/wp\/v2\/pages"}],"about":[{"href":"https:\/\/laiusepk.edu.ee\/index.php?rest_route=\/wp\/v2\/types\/page"}],"author":[{"embeddable":true,"href":"https:\/\/laiusepk.edu.ee\/index.php?rest_route=\/wp\/v2\/users\/1"}],"replies":[{"embeddable":true,"href":"https:\/\/laiusepk.edu.ee\/index.php?rest_route=%2Fwp%2Fv2%2Fcomments&post=506"}],"version-history":[{"count":1,"href":"https:\/\/laiusepk.edu.ee\/index.php?rest_route=\/wp\/v2\/pages\/506\/revisions"}],"predecessor-version":[{"id":507,"href":"https:\/\/laiusepk.edu.ee\/index.php?rest_route=\/wp\/v2\/pages\/506\/revisions\/507"}],"wp:attachment":[{"href":"https:\/\/laiusepk.edu.ee\/index.php?rest_route=%2Fwp%2Fv2%2Fmedia&parent=506"}],"curies":[{"name":"wp","href":"https:\/\/api.w.org\/{rel}","templated":true}]}}