{"id":503,"date":"2019-01-15T09:28:22","date_gmt":"2019-01-15T07:28:22","guid":{"rendered":"http:\/\/laiusepk.edu.ee\/?page_id=503"},"modified":"2019-01-15T09:29:05","modified_gmt":"2019-01-15T07:29:05","slug":"1989-a","status":"publish","type":"page","link":"https:\/\/laiusepk.edu.ee\/?page_id=503","title":{"rendered":"1989 a."},"content":{"rendered":"\n<p class=\"wp-block-paragraph\">&nbsp;1.&nbsp;&nbsp;&nbsp;&nbsp;&nbsp;&nbsp;ALUOJA, RIINA<br>2.&nbsp;&nbsp;&nbsp;&nbsp;&nbsp;&nbsp;FJODOROV, ROMAN<br>3.&nbsp;&nbsp;&nbsp;&nbsp;&nbsp;&nbsp;GUSTKE, ALDER<br>4.&nbsp;&nbsp;&nbsp;&nbsp;&nbsp;&nbsp;HAAVISTE, RAIDO<br>5.&nbsp;&nbsp;&nbsp;&nbsp;&nbsp;&nbsp;HRAPAL, VLASTA<br>6.&nbsp;&nbsp;&nbsp;&nbsp;&nbsp;&nbsp;KALM, MERLE<br>7.&nbsp;&nbsp;&nbsp;&nbsp;&nbsp;&nbsp;KARU, \u00dcLLAR<br>8.&nbsp;&nbsp;&nbsp;&nbsp;&nbsp;&nbsp;KREEK, ARVI<br>9.&nbsp;&nbsp;&nbsp;&nbsp;&nbsp;&nbsp;K\u00dcTT, AIMAR<br>10.&nbsp;&nbsp;LEITEN, JAANUS<br>11.&nbsp;&nbsp;LEITEN, JUHAN&nbsp;<br>12.&nbsp;&nbsp;L\u00dcHISTE, JANE<br>13.&nbsp;&nbsp;MIIL, MARCO<br>14.&nbsp;&nbsp;M\u00c4GI, TOOMAS<br>15.&nbsp;&nbsp;NORMAK, ARGO&nbsp;<br>16.&nbsp;&nbsp;NUUDI, SVEA<br>17.&nbsp;&nbsp;OJAMETS, LEHO<br>18.&nbsp;&nbsp;OJAMETS, TAMBET<br>19.&nbsp;&nbsp;PALUJ\u00d5E, PRIIT<br>20.&nbsp;&nbsp;P\u00c4RTIN, PIRET<br>21.&nbsp;&nbsp;UIG, MARGOT<br>22.&nbsp;&nbsp;UKU, ILLIMAR<\/p>\n\n\n\n<p class=\"wp-block-paragraph\"><strong>KL. JUH. EEVI PERK<\/strong><\/p>\n","protected":false},"excerpt":{"rendered":"<p>&nbsp;1.&nbsp;&nbsp;&nbsp;&nbsp;&nbsp;&nbsp;ALUOJA, RIINA2.&nbsp;&nbsp;&nbsp;&nbsp;&nbsp;&nbsp;FJODOROV, ROMAN3.&nbsp;&nbsp;&nbsp;&nbsp;&nbsp;&nbsp;GUSTKE, ALDER4.&nbsp;&nbsp;&nbsp;&nbsp;&nbsp;&nbsp;HAAVISTE, RAIDO5.&nbsp;&nbsp;&nbsp;&nbsp;&nbsp;&nbsp;HRAPAL, VLASTA6.&nbsp;&nbsp;&nbsp;&nbsp;&nbsp;&nbsp;KALM, MERLE7.&nbsp;&nbsp;&nbsp;&nbsp;&nbsp;&nbsp;KARU, \u00dcLLAR8.&nbsp;&nbsp;&nbsp;&nbsp;&nbsp;&nbsp;KREEK, ARVI9.&nbsp;&nbsp;&nbsp;&nbsp;&nbsp;&nbsp;K\u00dcTT, AIMAR10.&nbsp;&nbsp;LEITEN, JAANUS11.&nbsp;&nbsp;LEITEN, JUHAN&nbsp;12.&nbsp;&nbsp;L\u00dcHISTE, JANE13.&nbsp;&nbsp;MIIL, MARCO14.&nbsp;&nbsp;M\u00c4GI, TOOMAS15.&nbsp;&nbsp;NORMAK, ARGO&nbsp;16.&nbsp;&nbsp;NUUDI, SVEA17.&nbsp;&nbsp;OJAMETS, LEHO18.&nbsp;&nbsp;OJAMETS, TAMBET19.&nbsp;&nbsp;PALUJ\u00d5E, PRIIT20.&nbsp;&nbsp;P\u00c4RTIN, PIRET21.&nbsp;&nbsp;UIG, MARGOT22.&nbsp;&nbsp;UKU, ILLIMAR KL. JUH. EEVI PERK<\/p>\n","protected":false},"author":1,"featured_media":0,"parent":0,"menu_order":0,"comment_status":"closed","ping_status":"closed","template":"","meta":{"_crdt_document":"","_uag_custom_page_level_css":"","footnotes":""},"class_list":["post-503","page","type-page","status-publish","hentry"],"uagb_featured_image_src":{"full":false,"thumbnail":false,"medium":false,"medium_large":false,"large":false,"1536x1536":false,"2048x2048":false,"post-thumbnail":false},"uagb_author_info":{"display_name":"admin","author_link":"https:\/\/laiusepk.edu.ee\/?author=1"},"uagb_comment_info":0,"uagb_excerpt":"&nbsp;1.&nbsp;&nbsp;&nbsp;&nbsp;&nbsp;&nbsp;ALUOJA, RIINA2.&nbsp;&nbsp;&nbsp;&nbsp;&nbsp;&nbsp;FJODOROV, ROMAN3.&nbsp;&nbsp;&nbsp;&nbsp;&nbsp;&nbsp;GUSTKE, ALDER4.&nbsp;&nbsp;&nbsp;&nbsp;&nbsp;&nbsp;HAAVISTE, RAIDO5.&nbsp;&nbsp;&nbsp;&nbsp;&nbsp;&nbsp;HRAPAL, VLASTA6.&nbsp;&nbsp;&nbsp;&nbsp;&nbsp;&nbsp;KALM, MERLE7.&nbsp;&nbsp;&nbsp;&nbsp;&nbsp;&nbsp;KARU, \u00dcLLAR8.&nbsp;&nbsp;&nbsp;&nbsp;&nbsp;&nbsp;KREEK, ARVI9.&nbsp;&nbsp;&nbsp;&nbsp;&nbsp;&nbsp;K\u00dcTT, AIMAR10.&nbsp;&nbsp;LEITEN, JAANUS11.&nbsp;&nbsp;LEITEN, JUHAN&nbsp;12.&nbsp;&nbsp;L\u00dcHISTE, JANE13.&nbsp;&nbsp;MIIL, MARCO14.&nbsp;&nbsp;M\u00c4GI, TOOMAS15.&nbsp;&nbsp;NORMAK, ARGO&nbsp;16.&nbsp;&nbsp;NUUDI, SVEA17.&nbsp;&nbsp;OJAMETS, LEHO18.&nbsp;&nbsp;OJAMETS, TAMBET19.&nbsp;&nbsp;PALUJ\u00d5E, PRIIT20.&nbsp;&nbsp;P\u00c4RTIN, PIRET21.&nbsp;&nbsp;UIG, MARGOT22.&nbsp;&nbsp;UKU, ILLIMAR KL. JUH. EEVI PERK","_links":{"self":[{"href":"https:\/\/laiusepk.edu.ee\/index.php?rest_route=\/wp\/v2\/pages\/503","targetHints":{"allow":["GET"]}}],"collection":[{"href":"https:\/\/laiusepk.edu.ee\/index.php?rest_route=\/wp\/v2\/pages"}],"about":[{"href":"https:\/\/laiusepk.edu.ee\/index.php?rest_route=\/wp\/v2\/types\/page"}],"author":[{"embeddable":true,"href":"https:\/\/laiusepk.edu.ee\/index.php?rest_route=\/wp\/v2\/users\/1"}],"replies":[{"embeddable":true,"href":"https:\/\/laiusepk.edu.ee\/index.php?rest_route=%2Fwp%2Fv2%2Fcomments&post=503"}],"version-history":[{"count":2,"href":"https:\/\/laiusepk.edu.ee\/index.php?rest_route=\/wp\/v2\/pages\/503\/revisions"}],"predecessor-version":[{"id":505,"href":"https:\/\/laiusepk.edu.ee\/index.php?rest_route=\/wp\/v2\/pages\/503\/revisions\/505"}],"wp:attachment":[{"href":"https:\/\/laiusepk.edu.ee\/index.php?rest_route=%2Fwp%2Fv2%2Fmedia&parent=503"}],"curies":[{"name":"wp","href":"https:\/\/api.w.org\/{rel}","templated":true}]}}