{"id":499,"date":"2019-01-15T09:26:08","date_gmt":"2019-01-15T07:26:08","guid":{"rendered":"http:\/\/laiusepk.edu.ee\/?page_id=499"},"modified":"2019-01-15T09:26:08","modified_gmt":"2019-01-15T07:26:08","slug":"1991-a","status":"publish","type":"page","link":"https:\/\/laiusepk.edu.ee\/?page_id=499","title":{"rendered":"1991 a."},"content":{"rendered":"\n<ol class=\"wp-block-list\"><li>ALLINGU, VEIKO<\/li><li>ALUOJA, LIIVI<\/li><li>ALUOJA, TARVO<\/li><li>KAPP, EVERT<\/li><li>KATTEL, JAAK<\/li><li>KIRIK, MERIKE<\/li><li>KOPTI, MONIKA<\/li><li>KUKLI, TOMEK<\/li><li>KULVERE, KALEV<\/li><li>K\u00dcTT, JANEK<\/li><li>LEITEN, ESTER<\/li><li>MEIBAUM, MARIELL<\/li><li>M\u00c4GI, ANDRUS<\/li><li>M\u00d6LLER, PRIIT<\/li><li>NIKKEL, PIRET<\/li><li>NOORM\u00c4GI, ANDRES<\/li><li>OJAMETS, KADRI<\/li><li>OLESK, SIGNE<\/li><li>OLT, KATRIN<\/li><li>P\u00dcTSEP, ERKI<\/li><li>R\u00c4\u00c4K, RAINO<\/li><li>SAATRE, JANE<\/li><li>SOLOVJOV, KAIRI<\/li><li>SULLAN, ARDI<\/li><li>TRALLA, RAILI<\/li><li>TRUIJA, RIINA<\/li><li>UKU, HELINA<\/li><li>V\u00c4RV, ANNELI<\/li><\/ol>\n\n\n\n<p class=\"wp-block-paragraph\"><strong>KL. JUH. EEVI PERK<\/strong>&nbsp;<\/p>\n","protected":false},"excerpt":{"rendered":"<p>ALLINGU, VEIKO ALUOJA, LIIVI ALUOJA, TARVO KAPP, EVERT KATTEL, JAAK KIRIK, MERIKE KOPTI, MONIKA KUKLI, TOMEK KULVERE, KALEV K\u00dcTT, JANEK LEITEN, ESTER MEIBAUM, MARIELL M\u00c4GI, ANDRUS M\u00d6LLER, PRIIT NIKKEL, PIRET NOORM\u00c4GI, ANDRES OJAMETS, KADRI OLESK, SIGNE OLT, KATRIN P\u00dcTSEP, ERKI R\u00c4\u00c4K, RAINO SAATRE, JANE SOLOVJOV, KAIRI SULLAN, ARDI TRALLA, RAILI TRUIJA, RIINA UKU, HELINA V\u00c4RV,&hellip;<\/p>\n","protected":false},"author":1,"featured_media":0,"parent":0,"menu_order":0,"comment_status":"closed","ping_status":"closed","template":"","meta":{"_crdt_document":"","_uag_custom_page_level_css":"","footnotes":""},"class_list":["post-499","page","type-page","status-publish","hentry"],"uagb_featured_image_src":{"full":false,"thumbnail":false,"medium":false,"medium_large":false,"large":false,"1536x1536":false,"2048x2048":false,"post-thumbnail":false},"uagb_author_info":{"display_name":"admin","author_link":"https:\/\/laiusepk.edu.ee\/?author=1"},"uagb_comment_info":0,"uagb_excerpt":"ALLINGU, VEIKO ALUOJA, LIIVI ALUOJA, TARVO KAPP, EVERT KATTEL, JAAK KIRIK, MERIKE KOPTI, MONIKA KUKLI, TOMEK KULVERE, KALEV K\u00dcTT, JANEK LEITEN, ESTER MEIBAUM, MARIELL M\u00c4GI, ANDRUS M\u00d6LLER, PRIIT NIKKEL, PIRET NOORM\u00c4GI, ANDRES OJAMETS, KADRI OLESK, SIGNE OLT, KATRIN P\u00dcTSEP, ERKI R\u00c4\u00c4K, RAINO SAATRE, JANE SOLOVJOV, KAIRI SULLAN, ARDI TRALLA, RAILI TRUIJA, RIINA UKU, HELINA V\u00c4RV,&hellip;","_links":{"self":[{"href":"https:\/\/laiusepk.edu.ee\/index.php?rest_route=\/wp\/v2\/pages\/499","targetHints":{"allow":["GET"]}}],"collection":[{"href":"https:\/\/laiusepk.edu.ee\/index.php?rest_route=\/wp\/v2\/pages"}],"about":[{"href":"https:\/\/laiusepk.edu.ee\/index.php?rest_route=\/wp\/v2\/types\/page"}],"author":[{"embeddable":true,"href":"https:\/\/laiusepk.edu.ee\/index.php?rest_route=\/wp\/v2\/users\/1"}],"replies":[{"embeddable":true,"href":"https:\/\/laiusepk.edu.ee\/index.php?rest_route=%2Fwp%2Fv2%2Fcomments&post=499"}],"version-history":[{"count":1,"href":"https:\/\/laiusepk.edu.ee\/index.php?rest_route=\/wp\/v2\/pages\/499\/revisions"}],"predecessor-version":[{"id":500,"href":"https:\/\/laiusepk.edu.ee\/index.php?rest_route=\/wp\/v2\/pages\/499\/revisions\/500"}],"wp:attachment":[{"href":"https:\/\/laiusepk.edu.ee\/index.php?rest_route=%2Fwp%2Fv2%2Fmedia&parent=499"}],"curies":[{"name":"wp","href":"https:\/\/api.w.org\/{rel}","templated":true}]}}