{"id":497,"date":"2019-01-15T09:25:16","date_gmt":"2019-01-15T07:25:16","guid":{"rendered":"http:\/\/laiusepk.edu.ee\/?page_id=497"},"modified":"2019-01-15T09:25:17","modified_gmt":"2019-01-15T07:25:17","slug":"1992-a","status":"publish","type":"page","link":"https:\/\/laiusepk.edu.ee\/?page_id=497","title":{"rendered":"1992 a."},"content":{"rendered":"\n<table class=\"wp-block-table\"><tbody><tr><td>1. BAIDA, ANDRUS&nbsp;<\/td><\/tr><tr><td>2. EOMOIS, HELJA&nbsp;<\/td><\/tr><tr><td>3. GROSSTHAL, RAIMO&nbsp;<\/td><\/tr><tr><td>4. IVASK, EELIKA&nbsp;<\/td><\/tr><tr><td>5. KARU, JAANIKA&nbsp;<\/td><\/tr><tr><td>6. KUKLI, TIINA&nbsp;<\/td><\/tr><tr><td>7. KUUSKM\u00c4E, KARIN&nbsp;<\/td><\/tr><tr><td>8. KUUSKM\u00c4E, KATRIN&nbsp;<\/td><\/tr><tr><td>9. K\u00dcTT, MAREK&nbsp;<\/td><\/tr><tr><td>10. LEITEN, MARE&nbsp;<\/td><\/tr><tr><td>11. MIIL, MAREK&nbsp;<\/td><\/tr><tr><td>12. PRITSON, CARMEN&nbsp;<\/td><\/tr><tr><td>13. ROSIN, ANDRES&nbsp;<\/td><\/tr><tr><td>14. R\u00c4\u00c4K, RAILI&nbsp;<\/td><\/tr><tr><td>15. SAAR, MERIT&nbsp;<\/td><\/tr><tr><td>16. SAAR, TERJE&nbsp;<\/td><\/tr><tr><td>17. SOLOVJOV, MAIDO&nbsp;<\/td><\/tr><tr><td>18. VEINMANN, KRISTEL&nbsp;<\/td><\/tr><tr><td>19. VILT, REILI&nbsp;<\/td><\/tr><tr><td>20. VIRKUNEN, MARKO&nbsp;<\/td><\/tr><tr><td><strong>KL. JUH. KASE MAIVE<\/strong><\/td><\/tr><\/tbody><\/table>\n","protected":false},"excerpt":{"rendered":"<p>1. BAIDA, ANDRUS&nbsp; 2. EOMOIS, HELJA&nbsp; 3. GROSSTHAL, RAIMO&nbsp; 4. IVASK, EELIKA&nbsp; 5. KARU, JAANIKA&nbsp; 6. KUKLI, TIINA&nbsp; 7. KUUSKM\u00c4E, KARIN&nbsp; 8. KUUSKM\u00c4E, KATRIN&nbsp; 9. K\u00dcTT, MAREK&nbsp; 10. LEITEN, MARE&nbsp; 11. MIIL, MAREK&nbsp; 12. PRITSON, CARMEN&nbsp; 13. ROSIN, ANDRES&nbsp; 14. R\u00c4\u00c4K, RAILI&nbsp; 15. SAAR, MERIT&nbsp; 16. SAAR, TERJE&nbsp; 17. SOLOVJOV, MAIDO&nbsp; 18. VEINMANN, KRISTEL&nbsp; 19.&hellip;<\/p>\n","protected":false},"author":1,"featured_media":0,"parent":0,"menu_order":0,"comment_status":"closed","ping_status":"closed","template":"","meta":{"_crdt_document":"","_uag_custom_page_level_css":"","footnotes":""},"class_list":["post-497","page","type-page","status-publish","hentry"],"uagb_featured_image_src":{"full":false,"thumbnail":false,"medium":false,"medium_large":false,"large":false,"1536x1536":false,"2048x2048":false,"post-thumbnail":false},"uagb_author_info":{"display_name":"admin","author_link":"https:\/\/laiusepk.edu.ee\/?author=1"},"uagb_comment_info":0,"uagb_excerpt":"1. BAIDA, ANDRUS&nbsp; 2. EOMOIS, HELJA&nbsp; 3. GROSSTHAL, RAIMO&nbsp; 4. IVASK, EELIKA&nbsp; 5. KARU, JAANIKA&nbsp; 6. KUKLI, TIINA&nbsp; 7. KUUSKM\u00c4E, KARIN&nbsp; 8. KUUSKM\u00c4E, KATRIN&nbsp; 9. K\u00dcTT, MAREK&nbsp; 10. LEITEN, MARE&nbsp; 11. MIIL, MAREK&nbsp; 12. PRITSON, CARMEN&nbsp; 13. ROSIN, ANDRES&nbsp; 14. R\u00c4\u00c4K, RAILI&nbsp; 15. SAAR, MERIT&nbsp; 16. SAAR, TERJE&nbsp; 17. SOLOVJOV, MAIDO&nbsp; 18. VEINMANN, KRISTEL&nbsp; 19.&hellip;","_links":{"self":[{"href":"https:\/\/laiusepk.edu.ee\/index.php?rest_route=\/wp\/v2\/pages\/497","targetHints":{"allow":["GET"]}}],"collection":[{"href":"https:\/\/laiusepk.edu.ee\/index.php?rest_route=\/wp\/v2\/pages"}],"about":[{"href":"https:\/\/laiusepk.edu.ee\/index.php?rest_route=\/wp\/v2\/types\/page"}],"author":[{"embeddable":true,"href":"https:\/\/laiusepk.edu.ee\/index.php?rest_route=\/wp\/v2\/users\/1"}],"replies":[{"embeddable":true,"href":"https:\/\/laiusepk.edu.ee\/index.php?rest_route=%2Fwp%2Fv2%2Fcomments&post=497"}],"version-history":[{"count":1,"href":"https:\/\/laiusepk.edu.ee\/index.php?rest_route=\/wp\/v2\/pages\/497\/revisions"}],"predecessor-version":[{"id":498,"href":"https:\/\/laiusepk.edu.ee\/index.php?rest_route=\/wp\/v2\/pages\/497\/revisions\/498"}],"wp:attachment":[{"href":"https:\/\/laiusepk.edu.ee\/index.php?rest_route=%2Fwp%2Fv2%2Fmedia&parent=497"}],"curies":[{"name":"wp","href":"https:\/\/api.w.org\/{rel}","templated":true}]}}