{"id":495,"date":"2019-01-15T09:24:03","date_gmt":"2019-01-15T07:24:03","guid":{"rendered":"http:\/\/laiusepk.edu.ee\/?page_id=495"},"modified":"2019-01-15T09:24:03","modified_gmt":"2019-01-15T07:24:03","slug":"1993-a","status":"publish","type":"page","link":"https:\/\/laiusepk.edu.ee\/?page_id=495","title":{"rendered":"1993 a."},"content":{"rendered":"\n<ol class=\"wp-block-list\"><li>ALLINGU, VALLO<\/li><li>GROSSTHAL, INDREK<\/li><li>KAASIK, PRIIT<\/li><li>KANGUST, MARKO<\/li><li>KATTEL, EBE<\/li><li>KIRJUTAJA, JANEK<\/li><li>KIRJUTAJA, JANAR<\/li><li>KLEIN, KRISTEL<\/li><li>KOPTI, OTT<\/li><li>KREEK, AARE<\/li><li>K\u00c4GU, JANEK<\/li><li>LEITEN, KAJA<\/li><li>METJER, AINA<\/li><li>M\u00d6LDER, KAIRI<\/li><li>M\u00d6LLER, TAAVI<\/li><li>NOORM\u00c4GI, MOONIKA<\/li><li>NORMAK, AULI<\/li><li>OLT, ANDRES<\/li><li>PLOVITS, SIRJE<\/li><li>POLTRAGO, MAREK<\/li><li>P\u00c4RN, TARMO<\/li><li>R\u00c4HN, ALAR<\/li><li>SAAR, REIMO<\/li><li>\u0160ARIKOV, MATI<\/li><li>UIBO, MADIS<\/li><li>VINK, AARE<\/li><\/ol>\n\n\n\n<p class=\"wp-block-paragraph\"><strong>KL. JUH. ANDRES ANTON<\/strong>&nbsp;<\/p>\n","protected":false},"excerpt":{"rendered":"<p>ALLINGU, VALLO GROSSTHAL, INDREK KAASIK, PRIIT KANGUST, MARKO KATTEL, EBE KIRJUTAJA, JANEK KIRJUTAJA, JANAR KLEIN, KRISTEL KOPTI, OTT KREEK, AARE K\u00c4GU, JANEK LEITEN, KAJA METJER, AINA M\u00d6LDER, KAIRI M\u00d6LLER, TAAVI NOORM\u00c4GI, MOONIKA NORMAK, AULI OLT, ANDRES PLOVITS, SIRJE POLTRAGO, MAREK P\u00c4RN, TARMO R\u00c4HN, ALAR SAAR, REIMO \u0160ARIKOV, MATI UIBO, MADIS VINK, AARE KL. JUH. ANDRES&hellip;<\/p>\n","protected":false},"author":1,"featured_media":0,"parent":0,"menu_order":0,"comment_status":"closed","ping_status":"closed","template":"","meta":{"_crdt_document":"","_uag_custom_page_level_css":"","footnotes":""},"class_list":["post-495","page","type-page","status-publish","hentry"],"uagb_featured_image_src":{"full":false,"thumbnail":false,"medium":false,"medium_large":false,"large":false,"1536x1536":false,"2048x2048":false,"post-thumbnail":false},"uagb_author_info":{"display_name":"admin","author_link":"https:\/\/laiusepk.edu.ee\/?author=1"},"uagb_comment_info":0,"uagb_excerpt":"ALLINGU, VALLO GROSSTHAL, INDREK KAASIK, PRIIT KANGUST, MARKO KATTEL, EBE KIRJUTAJA, JANEK KIRJUTAJA, JANAR KLEIN, KRISTEL KOPTI, OTT KREEK, AARE K\u00c4GU, JANEK LEITEN, KAJA METJER, AINA M\u00d6LDER, KAIRI M\u00d6LLER, TAAVI NOORM\u00c4GI, MOONIKA NORMAK, AULI OLT, ANDRES PLOVITS, SIRJE POLTRAGO, MAREK P\u00c4RN, TARMO R\u00c4HN, ALAR SAAR, REIMO \u0160ARIKOV, MATI UIBO, MADIS VINK, AARE KL. JUH. ANDRES&hellip;","_links":{"self":[{"href":"https:\/\/laiusepk.edu.ee\/index.php?rest_route=\/wp\/v2\/pages\/495","targetHints":{"allow":["GET"]}}],"collection":[{"href":"https:\/\/laiusepk.edu.ee\/index.php?rest_route=\/wp\/v2\/pages"}],"about":[{"href":"https:\/\/laiusepk.edu.ee\/index.php?rest_route=\/wp\/v2\/types\/page"}],"author":[{"embeddable":true,"href":"https:\/\/laiusepk.edu.ee\/index.php?rest_route=\/wp\/v2\/users\/1"}],"replies":[{"embeddable":true,"href":"https:\/\/laiusepk.edu.ee\/index.php?rest_route=%2Fwp%2Fv2%2Fcomments&post=495"}],"version-history":[{"count":1,"href":"https:\/\/laiusepk.edu.ee\/index.php?rest_route=\/wp\/v2\/pages\/495\/revisions"}],"predecessor-version":[{"id":496,"href":"https:\/\/laiusepk.edu.ee\/index.php?rest_route=\/wp\/v2\/pages\/495\/revisions\/496"}],"wp:attachment":[{"href":"https:\/\/laiusepk.edu.ee\/index.php?rest_route=%2Fwp%2Fv2%2Fmedia&parent=495"}],"curies":[{"name":"wp","href":"https:\/\/api.w.org\/{rel}","templated":true}]}}