{"id":489,"date":"2019-01-15T09:16:57","date_gmt":"2019-01-15T07:16:57","guid":{"rendered":"http:\/\/laiusepk.edu.ee\/?page_id=489"},"modified":"2019-01-15T09:18:45","modified_gmt":"2019-01-15T07:18:45","slug":"1995-a","status":"publish","type":"page","link":"https:\/\/laiusepk.edu.ee\/?page_id=489","title":{"rendered":"1995 a."},"content":{"rendered":"\n<table class=\"wp-block-table\"><tbody><tr><td>1. AAVASALU, LIISI&nbsp;<\/td><\/tr><tr><td>2. ALAND, ANDREAS&nbsp;<\/td><\/tr><tr><td>3. J\u00d5ESAAR, EINAR&nbsp;<\/td><\/tr><tr><td>4. KIRIK, MARIS&nbsp;<\/td><\/tr><tr><td>5. KULDM\u00c4GI, SIRJE&nbsp;<\/td><\/tr><tr><td>6. LAUL, KRISTI&nbsp;<\/td><\/tr><tr><td>7. LIBE, MARIS&nbsp;<\/td><\/tr><tr><td>8. M\u00d6LDER, INGRID&nbsp;<\/td><\/tr><tr><td>9. M\u00d6LLER, TRIIN&nbsp;<\/td><\/tr><tr><td>10. NOORM\u00c4GI, VERONIKA&nbsp;<\/td><\/tr><tr><td>11. OLT, KIRKE&nbsp;<\/td><\/tr><tr><td>12. P\u00c4RN, TANEL&nbsp;<\/td><\/tr><tr><td>13. P\u00c4RS, MARTTI&nbsp;<\/td><\/tr><tr><td>14. P\u00c4\u00c4BUS, INDREK&nbsp;<\/td><\/tr><tr><td>15. R\u00c4HN, AHTO&nbsp;<\/td><\/tr><tr><td>16. SOLVAK, SANDER&nbsp;<\/td><\/tr><tr><td>17. TOOMING, TAVE&nbsp;<\/td><\/tr><tr><td>18. V\u00c4LJARU, REELIKA&nbsp;<\/td><\/tr><tr><td><strong>KL. JUH. K\u00dcLLI SOLVAK<\/strong><\/td><\/tr><\/tbody><\/table>\n","protected":false},"excerpt":{"rendered":"<p>1. AAVASALU, LIISI&nbsp; 2. ALAND, ANDREAS&nbsp; 3. J\u00d5ESAAR, EINAR&nbsp; 4. KIRIK, MARIS&nbsp; 5. KULDM\u00c4GI, SIRJE&nbsp; 6. LAUL, KRISTI&nbsp; 7. LIBE, MARIS&nbsp; 8. M\u00d6LDER, INGRID&nbsp; 9. M\u00d6LLER, TRIIN&nbsp; 10. NOORM\u00c4GI, VERONIKA&nbsp; 11. OLT, KIRKE&nbsp; 12. P\u00c4RN, TANEL&nbsp; 13. P\u00c4RS, MARTTI&nbsp; 14. P\u00c4\u00c4BUS, INDREK&nbsp; 15. R\u00c4HN, AHTO&nbsp; 16. SOLVAK, SANDER&nbsp; 17. TOOMING, TAVE&nbsp; 18. V\u00c4LJARU, REELIKA&nbsp; KL.&hellip;<\/p>\n","protected":false},"author":1,"featured_media":0,"parent":0,"menu_order":0,"comment_status":"closed","ping_status":"closed","template":"","meta":{"_crdt_document":"","_uag_custom_page_level_css":"","footnotes":""},"class_list":["post-489","page","type-page","status-publish","hentry"],"uagb_featured_image_src":{"full":false,"thumbnail":false,"medium":false,"medium_large":false,"large":false,"1536x1536":false,"2048x2048":false,"post-thumbnail":false},"uagb_author_info":{"display_name":"admin","author_link":"https:\/\/laiusepk.edu.ee\/?author=1"},"uagb_comment_info":0,"uagb_excerpt":"1. AAVASALU, LIISI&nbsp; 2. ALAND, ANDREAS&nbsp; 3. J\u00d5ESAAR, EINAR&nbsp; 4. KIRIK, MARIS&nbsp; 5. KULDM\u00c4GI, SIRJE&nbsp; 6. LAUL, KRISTI&nbsp; 7. LIBE, MARIS&nbsp; 8. M\u00d6LDER, INGRID&nbsp; 9. M\u00d6LLER, TRIIN&nbsp; 10. NOORM\u00c4GI, VERONIKA&nbsp; 11. OLT, KIRKE&nbsp; 12. P\u00c4RN, TANEL&nbsp; 13. P\u00c4RS, MARTTI&nbsp; 14. P\u00c4\u00c4BUS, INDREK&nbsp; 15. R\u00c4HN, AHTO&nbsp; 16. SOLVAK, SANDER&nbsp; 17. TOOMING, TAVE&nbsp; 18. V\u00c4LJARU, REELIKA&nbsp; KL.&hellip;","_links":{"self":[{"href":"https:\/\/laiusepk.edu.ee\/index.php?rest_route=\/wp\/v2\/pages\/489","targetHints":{"allow":["GET"]}}],"collection":[{"href":"https:\/\/laiusepk.edu.ee\/index.php?rest_route=\/wp\/v2\/pages"}],"about":[{"href":"https:\/\/laiusepk.edu.ee\/index.php?rest_route=\/wp\/v2\/types\/page"}],"author":[{"embeddable":true,"href":"https:\/\/laiusepk.edu.ee\/index.php?rest_route=\/wp\/v2\/users\/1"}],"replies":[{"embeddable":true,"href":"https:\/\/laiusepk.edu.ee\/index.php?rest_route=%2Fwp%2Fv2%2Fcomments&post=489"}],"version-history":[{"count":2,"href":"https:\/\/laiusepk.edu.ee\/index.php?rest_route=\/wp\/v2\/pages\/489\/revisions"}],"predecessor-version":[{"id":492,"href":"https:\/\/laiusepk.edu.ee\/index.php?rest_route=\/wp\/v2\/pages\/489\/revisions\/492"}],"wp:attachment":[{"href":"https:\/\/laiusepk.edu.ee\/index.php?rest_route=%2Fwp%2Fv2%2Fmedia&parent=489"}],"curies":[{"name":"wp","href":"https:\/\/api.w.org\/{rel}","templated":true}]}}