{"id":487,"date":"2019-01-15T09:16:13","date_gmt":"2019-01-15T07:16:13","guid":{"rendered":"http:\/\/laiusepk.edu.ee\/?page_id=487"},"modified":"2019-01-15T09:16:13","modified_gmt":"2019-01-15T07:16:13","slug":"1996-a","status":"publish","type":"page","link":"https:\/\/laiusepk.edu.ee\/?page_id=487","title":{"rendered":"1996 a."},"content":{"rendered":"\n<ol class=\"wp-block-list\"><li>AIA, AVO<\/li><li>ALUOJA, PILLE<\/li><li>AVI, JANE<\/li><li>J\u00dcRJENBERG, KAUPO<\/li><li>K\u00c4GU, ANNIKA<\/li><li>KESKE, KAIRE<\/li><li>KOMPUS, MAIRI<\/li><li>KULDM\u00c4GI, KAIDO<\/li><li>KUSLAP, HANNO<\/li><li>LAASER, LAURI<\/li><li>LEITEN, KALEV<\/li><li>L\u00c4\u00c4NE, KULDAR<\/li><li>L\u00d5OKE, KAIDO<\/li><li>L\u00d5OKE, MAIDU<\/li><li>M\u00d6LLER, KAIRI<\/li><li>METJER, ANDRES<\/li><li>METJER, T\u00d5NIS<\/li><li>PRIKS, HILLAR<\/li><li>PRIKS, KALMER<\/li><li>R\u00c4HN, ERKI<\/li><li>ROOS, VEIKO<\/li><li>SAVI, MARIKA<\/li><li>TANILOV, SIRET<\/li><li>\u00dcTT, RAINAR<\/li><\/ol>\n\n\n\n<p class=\"wp-block-paragraph\"><strong>KL. JUH. EEVI PERK<\/strong>&nbsp;&nbsp;<\/p>\n","protected":false},"excerpt":{"rendered":"<p>AIA, AVO ALUOJA, PILLE AVI, JANE J\u00dcRJENBERG, KAUPO K\u00c4GU, ANNIKA KESKE, KAIRE KOMPUS, MAIRI KULDM\u00c4GI, KAIDO KUSLAP, HANNO LAASER, LAURI LEITEN, KALEV L\u00c4\u00c4NE, KULDAR L\u00d5OKE, KAIDO L\u00d5OKE, MAIDU M\u00d6LLER, KAIRI METJER, ANDRES METJER, T\u00d5NIS PRIKS, HILLAR PRIKS, KALMER R\u00c4HN, ERKI ROOS, VEIKO SAVI, MARIKA TANILOV, SIRET \u00dcTT, RAINAR KL. JUH. EEVI PERK&nbsp;&nbsp;<\/p>\n","protected":false},"author":1,"featured_media":0,"parent":0,"menu_order":0,"comment_status":"closed","ping_status":"closed","template":"","meta":{"_crdt_document":"","_uag_custom_page_level_css":"","footnotes":""},"class_list":["post-487","page","type-page","status-publish","hentry"],"uagb_featured_image_src":{"full":false,"thumbnail":false,"medium":false,"medium_large":false,"large":false,"1536x1536":false,"2048x2048":false,"post-thumbnail":false},"uagb_author_info":{"display_name":"admin","author_link":"https:\/\/laiusepk.edu.ee\/?author=1"},"uagb_comment_info":0,"uagb_excerpt":"AIA, AVO ALUOJA, PILLE AVI, JANE J\u00dcRJENBERG, KAUPO K\u00c4GU, ANNIKA KESKE, KAIRE KOMPUS, MAIRI KULDM\u00c4GI, KAIDO KUSLAP, HANNO LAASER, LAURI LEITEN, KALEV L\u00c4\u00c4NE, KULDAR L\u00d5OKE, KAIDO L\u00d5OKE, MAIDU M\u00d6LLER, KAIRI METJER, ANDRES METJER, T\u00d5NIS PRIKS, HILLAR PRIKS, KALMER R\u00c4HN, ERKI ROOS, VEIKO SAVI, MARIKA TANILOV, SIRET \u00dcTT, RAINAR KL. JUH. EEVI PERK&nbsp;&nbsp;","_links":{"self":[{"href":"https:\/\/laiusepk.edu.ee\/index.php?rest_route=\/wp\/v2\/pages\/487","targetHints":{"allow":["GET"]}}],"collection":[{"href":"https:\/\/laiusepk.edu.ee\/index.php?rest_route=\/wp\/v2\/pages"}],"about":[{"href":"https:\/\/laiusepk.edu.ee\/index.php?rest_route=\/wp\/v2\/types\/page"}],"author":[{"embeddable":true,"href":"https:\/\/laiusepk.edu.ee\/index.php?rest_route=\/wp\/v2\/users\/1"}],"replies":[{"embeddable":true,"href":"https:\/\/laiusepk.edu.ee\/index.php?rest_route=%2Fwp%2Fv2%2Fcomments&post=487"}],"version-history":[{"count":1,"href":"https:\/\/laiusepk.edu.ee\/index.php?rest_route=\/wp\/v2\/pages\/487\/revisions"}],"predecessor-version":[{"id":488,"href":"https:\/\/laiusepk.edu.ee\/index.php?rest_route=\/wp\/v2\/pages\/487\/revisions\/488"}],"wp:attachment":[{"href":"https:\/\/laiusepk.edu.ee\/index.php?rest_route=%2Fwp%2Fv2%2Fmedia&parent=487"}],"curies":[{"name":"wp","href":"https:\/\/api.w.org\/{rel}","templated":true}]}}