{"id":485,"date":"2019-01-15T09:15:40","date_gmt":"2019-01-15T07:15:40","guid":{"rendered":"http:\/\/laiusepk.edu.ee\/?page_id=485"},"modified":"2019-01-15T09:15:40","modified_gmt":"2019-01-15T07:15:40","slug":"1997-a","status":"publish","type":"page","link":"https:\/\/laiusepk.edu.ee\/?page_id=485","title":{"rendered":"1997 a."},"content":{"rendered":"\n<ol class=\"wp-block-list\"><li>ALITS, JANEK<\/li><li>ANNUK, TRIINU<\/li><li>J\u00d5ESAAR, MARJU<\/li><li>J\u00dcRJENBERG, KAIRE<\/li><li>KARHEIDING, KAISA<\/li><li>HANSING, KAJA<\/li><li>KLEIN, KRISTO<\/li><li>KUSLAP, HANDRI<\/li><li>LILLEM\u00c4GI, VILJAR<\/li><li>P\u00d5DER, MARIANNE<\/li><li>SOLVAK, MIHKEL<\/li><li>TOOMING, KATRE<\/li><li>TOOMING, TEET<\/li><li>VILIM\u00c4E, HARDO<\/li><\/ol>\n\n\n\n<p class=\"wp-block-paragraph\"><strong>KL. JUH. EPP J\u00c4RV<\/strong>&nbsp;<\/p>\n","protected":false},"excerpt":{"rendered":"<p>ALITS, JANEK ANNUK, TRIINU J\u00d5ESAAR, MARJU J\u00dcRJENBERG, KAIRE KARHEIDING, KAISA HANSING, KAJA KLEIN, KRISTO KUSLAP, HANDRI LILLEM\u00c4GI, VILJAR P\u00d5DER, MARIANNE SOLVAK, MIHKEL TOOMING, KATRE TOOMING, TEET VILIM\u00c4E, HARDO KL. JUH. EPP J\u00c4RV&nbsp;<\/p>\n","protected":false},"author":1,"featured_media":0,"parent":0,"menu_order":0,"comment_status":"closed","ping_status":"closed","template":"","meta":{"_crdt_document":"","_uag_custom_page_level_css":"","footnotes":""},"class_list":["post-485","page","type-page","status-publish","hentry"],"uagb_featured_image_src":{"full":false,"thumbnail":false,"medium":false,"medium_large":false,"large":false,"1536x1536":false,"2048x2048":false,"post-thumbnail":false},"uagb_author_info":{"display_name":"admin","author_link":"https:\/\/laiusepk.edu.ee\/?author=1"},"uagb_comment_info":0,"uagb_excerpt":"ALITS, JANEK ANNUK, TRIINU J\u00d5ESAAR, MARJU J\u00dcRJENBERG, KAIRE KARHEIDING, KAISA HANSING, KAJA KLEIN, KRISTO KUSLAP, HANDRI LILLEM\u00c4GI, VILJAR P\u00d5DER, MARIANNE SOLVAK, MIHKEL TOOMING, KATRE TOOMING, TEET VILIM\u00c4E, HARDO KL. JUH. EPP J\u00c4RV&nbsp;","_links":{"self":[{"href":"https:\/\/laiusepk.edu.ee\/index.php?rest_route=\/wp\/v2\/pages\/485","targetHints":{"allow":["GET"]}}],"collection":[{"href":"https:\/\/laiusepk.edu.ee\/index.php?rest_route=\/wp\/v2\/pages"}],"about":[{"href":"https:\/\/laiusepk.edu.ee\/index.php?rest_route=\/wp\/v2\/types\/page"}],"author":[{"embeddable":true,"href":"https:\/\/laiusepk.edu.ee\/index.php?rest_route=\/wp\/v2\/users\/1"}],"replies":[{"embeddable":true,"href":"https:\/\/laiusepk.edu.ee\/index.php?rest_route=%2Fwp%2Fv2%2Fcomments&post=485"}],"version-history":[{"count":1,"href":"https:\/\/laiusepk.edu.ee\/index.php?rest_route=\/wp\/v2\/pages\/485\/revisions"}],"predecessor-version":[{"id":486,"href":"https:\/\/laiusepk.edu.ee\/index.php?rest_route=\/wp\/v2\/pages\/485\/revisions\/486"}],"wp:attachment":[{"href":"https:\/\/laiusepk.edu.ee\/index.php?rest_route=%2Fwp%2Fv2%2Fmedia&parent=485"}],"curies":[{"name":"wp","href":"https:\/\/api.w.org\/{rel}","templated":true}]}}