{"id":481,"date":"2019-01-15T09:14:26","date_gmt":"2019-01-15T07:14:26","guid":{"rendered":"http:\/\/laiusepk.edu.ee\/?page_id=481"},"modified":"2019-01-15T09:14:27","modified_gmt":"2019-01-15T07:14:27","slug":"1999-a","status":"publish","type":"page","link":"https:\/\/laiusepk.edu.ee\/?page_id=481","title":{"rendered":"1999 a."},"content":{"rendered":"\n<ol class=\"wp-block-list\"><li>HUNT, ANNE-LY<\/li><li>J\u00dcRJENBERG, TIINA<\/li><li>KURVITS, TRIIN<\/li><li>LILLEM\u00c4GI, MAREK<\/li><li>L\u00dcHISTE, K\u00c4TLIN<\/li><li>MANDRI, RENE<\/li><li>PEETS, MERLI<\/li><li>ROOSIPUU, VIIA<\/li><li>SAAR, EVELY<\/li><li>\u0160ARIKOVA, ENE<\/li><li>\u0160ARIKOVA, EVE<\/li><li>TABERLAND, KAIRE<\/li><li>TAGAV\u00c4LJA, KADRI<\/li><li>VORONTSOV, JANAR<\/li><li>KOHO, SIIM<\/li><\/ol>\n\n\n\n<p class=\"wp-block-paragraph\"><strong>KL. JUH. EVE LAOS<\/strong>&nbsp;&nbsp;<\/p>\n","protected":false},"excerpt":{"rendered":"<p>HUNT, ANNE-LY J\u00dcRJENBERG, TIINA KURVITS, TRIIN LILLEM\u00c4GI, MAREK L\u00dcHISTE, K\u00c4TLIN MANDRI, RENE PEETS, MERLI ROOSIPUU, VIIA SAAR, EVELY \u0160ARIKOVA, ENE \u0160ARIKOVA, EVE TABERLAND, KAIRE TAGAV\u00c4LJA, KADRI VORONTSOV, JANAR KOHO, SIIM KL. JUH. EVE LAOS&nbsp;&nbsp;<\/p>\n","protected":false},"author":1,"featured_media":0,"parent":0,"menu_order":0,"comment_status":"closed","ping_status":"closed","template":"","meta":{"_crdt_document":"","_uag_custom_page_level_css":"","footnotes":""},"class_list":["post-481","page","type-page","status-publish","hentry"],"uagb_featured_image_src":{"full":false,"thumbnail":false,"medium":false,"medium_large":false,"large":false,"1536x1536":false,"2048x2048":false,"post-thumbnail":false},"uagb_author_info":{"display_name":"admin","author_link":"https:\/\/laiusepk.edu.ee\/?author=1"},"uagb_comment_info":0,"uagb_excerpt":"HUNT, ANNE-LY J\u00dcRJENBERG, TIINA KURVITS, TRIIN LILLEM\u00c4GI, MAREK L\u00dcHISTE, K\u00c4TLIN MANDRI, RENE PEETS, MERLI ROOSIPUU, VIIA SAAR, EVELY \u0160ARIKOVA, ENE \u0160ARIKOVA, EVE TABERLAND, KAIRE TAGAV\u00c4LJA, KADRI VORONTSOV, JANAR KOHO, SIIM KL. JUH. EVE LAOS&nbsp;&nbsp;","_links":{"self":[{"href":"https:\/\/laiusepk.edu.ee\/index.php?rest_route=\/wp\/v2\/pages\/481","targetHints":{"allow":["GET"]}}],"collection":[{"href":"https:\/\/laiusepk.edu.ee\/index.php?rest_route=\/wp\/v2\/pages"}],"about":[{"href":"https:\/\/laiusepk.edu.ee\/index.php?rest_route=\/wp\/v2\/types\/page"}],"author":[{"embeddable":true,"href":"https:\/\/laiusepk.edu.ee\/index.php?rest_route=\/wp\/v2\/users\/1"}],"replies":[{"embeddable":true,"href":"https:\/\/laiusepk.edu.ee\/index.php?rest_route=%2Fwp%2Fv2%2Fcomments&post=481"}],"version-history":[{"count":1,"href":"https:\/\/laiusepk.edu.ee\/index.php?rest_route=\/wp\/v2\/pages\/481\/revisions"}],"predecessor-version":[{"id":482,"href":"https:\/\/laiusepk.edu.ee\/index.php?rest_route=\/wp\/v2\/pages\/481\/revisions\/482"}],"wp:attachment":[{"href":"https:\/\/laiusepk.edu.ee\/index.php?rest_route=%2Fwp%2Fv2%2Fmedia&parent=481"}],"curies":[{"name":"wp","href":"https:\/\/api.w.org\/{rel}","templated":true}]}}