{"id":479,"date":"2019-01-15T09:13:36","date_gmt":"2019-01-15T07:13:36","guid":{"rendered":"http:\/\/laiusepk.edu.ee\/?page_id=479"},"modified":"2019-01-15T09:13:36","modified_gmt":"2019-01-15T07:13:36","slug":"2000-a","status":"publish","type":"page","link":"https:\/\/laiusepk.edu.ee\/?page_id=479","title":{"rendered":"2000 a."},"content":{"rendered":"\n<ol class=\"wp-block-list\"><li>AIA, ANDRES<\/li><li>ALUOJA, PIIA<\/li><li>ILM, AHTO<\/li><li>KARU, GERLE<\/li><li>KATIT\u0160EVA, RAILI<\/li><li>KULDM\u00c4GI, KRISTJAN<\/li><li>OLESK, ROLAND<\/li><li>P\u00d5DER, J\u00dcRI<\/li><li>RIDAL, K\u00c4ROLIN<\/li><li>R\u00c4HN, INDREK<\/li><li>R\u00c4HN, MERJE<\/li><li>TOMBERG, GRISTIINA<\/li><\/ol>\n\n\n\n<p class=\"wp-block-paragraph\"><strong>KL. JUH. VALLO V\u00c4LJAOTS<\/strong>&nbsp;&nbsp;<\/p>\n","protected":false},"excerpt":{"rendered":"<p>AIA, ANDRES ALUOJA, PIIA ILM, AHTO KARU, GERLE KATIT\u0160EVA, RAILI KULDM\u00c4GI, KRISTJAN OLESK, ROLAND P\u00d5DER, J\u00dcRI RIDAL, K\u00c4ROLIN R\u00c4HN, INDREK R\u00c4HN, MERJE TOMBERG, GRISTIINA KL. JUH. VALLO V\u00c4LJAOTS&nbsp;&nbsp;<\/p>\n","protected":false},"author":1,"featured_media":0,"parent":0,"menu_order":0,"comment_status":"closed","ping_status":"closed","template":"","meta":{"_crdt_document":"","_uag_custom_page_level_css":"","footnotes":""},"class_list":["post-479","page","type-page","status-publish","hentry"],"uagb_featured_image_src":{"full":false,"thumbnail":false,"medium":false,"medium_large":false,"large":false,"1536x1536":false,"2048x2048":false,"post-thumbnail":false},"uagb_author_info":{"display_name":"admin","author_link":"https:\/\/laiusepk.edu.ee\/?author=1"},"uagb_comment_info":0,"uagb_excerpt":"AIA, ANDRES ALUOJA, PIIA ILM, AHTO KARU, GERLE KATIT\u0160EVA, RAILI KULDM\u00c4GI, KRISTJAN OLESK, ROLAND P\u00d5DER, J\u00dcRI RIDAL, K\u00c4ROLIN R\u00c4HN, INDREK R\u00c4HN, MERJE TOMBERG, GRISTIINA KL. JUH. VALLO V\u00c4LJAOTS&nbsp;&nbsp;","_links":{"self":[{"href":"https:\/\/laiusepk.edu.ee\/index.php?rest_route=\/wp\/v2\/pages\/479","targetHints":{"allow":["GET"]}}],"collection":[{"href":"https:\/\/laiusepk.edu.ee\/index.php?rest_route=\/wp\/v2\/pages"}],"about":[{"href":"https:\/\/laiusepk.edu.ee\/index.php?rest_route=\/wp\/v2\/types\/page"}],"author":[{"embeddable":true,"href":"https:\/\/laiusepk.edu.ee\/index.php?rest_route=\/wp\/v2\/users\/1"}],"replies":[{"embeddable":true,"href":"https:\/\/laiusepk.edu.ee\/index.php?rest_route=%2Fwp%2Fv2%2Fcomments&post=479"}],"version-history":[{"count":1,"href":"https:\/\/laiusepk.edu.ee\/index.php?rest_route=\/wp\/v2\/pages\/479\/revisions"}],"predecessor-version":[{"id":480,"href":"https:\/\/laiusepk.edu.ee\/index.php?rest_route=\/wp\/v2\/pages\/479\/revisions\/480"}],"wp:attachment":[{"href":"https:\/\/laiusepk.edu.ee\/index.php?rest_route=%2Fwp%2Fv2%2Fmedia&parent=479"}],"curies":[{"name":"wp","href":"https:\/\/api.w.org\/{rel}","templated":true}]}}