{"id":475,"date":"2019-01-15T09:12:17","date_gmt":"2019-01-15T07:12:17","guid":{"rendered":"http:\/\/laiusepk.edu.ee\/?page_id=475"},"modified":"2019-01-15T09:12:17","modified_gmt":"2019-01-15T07:12:17","slug":"2002-a","status":"publish","type":"page","link":"https:\/\/laiusepk.edu.ee\/?page_id=475","title":{"rendered":"2002 a."},"content":{"rendered":"\n<ol class=\"wp-block-list\"><li>HUNT, MADIS<\/li><li>KARU, ANDRE<\/li><li>KELDER, ANNIKA<\/li><li>LILLE, LAURI<\/li><li>M\u00c4GI, ERKI<\/li><li>MOOR, MARI<\/li><li>P\u00d5LDKIVI, ANNEMARI<\/li><li>ROOTS, AUGUST<\/li><\/ol>\n\n\n\n<p class=\"wp-block-paragraph\"><strong>KL. JUH. EPP J\u00c4RV<\/strong>&nbsp;<\/p>\n","protected":false},"excerpt":{"rendered":"<p>HUNT, MADIS KARU, ANDRE KELDER, ANNIKA LILLE, LAURI M\u00c4GI, ERKI MOOR, MARI P\u00d5LDKIVI, ANNEMARI ROOTS, AUGUST KL. JUH. EPP J\u00c4RV&nbsp;<\/p>\n","protected":false},"author":1,"featured_media":0,"parent":0,"menu_order":0,"comment_status":"closed","ping_status":"closed","template":"","meta":{"_crdt_document":"","_uag_custom_page_level_css":"","footnotes":""},"class_list":["post-475","page","type-page","status-publish","hentry"],"uagb_featured_image_src":{"full":false,"thumbnail":false,"medium":false,"medium_large":false,"large":false,"1536x1536":false,"2048x2048":false,"post-thumbnail":false},"uagb_author_info":{"display_name":"admin","author_link":"https:\/\/laiusepk.edu.ee\/?author=1"},"uagb_comment_info":0,"uagb_excerpt":"HUNT, MADIS KARU, ANDRE KELDER, ANNIKA LILLE, LAURI M\u00c4GI, ERKI MOOR, MARI P\u00d5LDKIVI, ANNEMARI ROOTS, AUGUST KL. JUH. EPP J\u00c4RV&nbsp;","_links":{"self":[{"href":"https:\/\/laiusepk.edu.ee\/index.php?rest_route=\/wp\/v2\/pages\/475","targetHints":{"allow":["GET"]}}],"collection":[{"href":"https:\/\/laiusepk.edu.ee\/index.php?rest_route=\/wp\/v2\/pages"}],"about":[{"href":"https:\/\/laiusepk.edu.ee\/index.php?rest_route=\/wp\/v2\/types\/page"}],"author":[{"embeddable":true,"href":"https:\/\/laiusepk.edu.ee\/index.php?rest_route=\/wp\/v2\/users\/1"}],"replies":[{"embeddable":true,"href":"https:\/\/laiusepk.edu.ee\/index.php?rest_route=%2Fwp%2Fv2%2Fcomments&post=475"}],"version-history":[{"count":1,"href":"https:\/\/laiusepk.edu.ee\/index.php?rest_route=\/wp\/v2\/pages\/475\/revisions"}],"predecessor-version":[{"id":476,"href":"https:\/\/laiusepk.edu.ee\/index.php?rest_route=\/wp\/v2\/pages\/475\/revisions\/476"}],"wp:attachment":[{"href":"https:\/\/laiusepk.edu.ee\/index.php?rest_route=%2Fwp%2Fv2%2Fmedia&parent=475"}],"curies":[{"name":"wp","href":"https:\/\/api.w.org\/{rel}","templated":true}]}}