{"id":471,"date":"2019-01-15T09:10:55","date_gmt":"2019-01-15T07:10:55","guid":{"rendered":"http:\/\/laiusepk.edu.ee\/?page_id=471"},"modified":"2019-01-15T09:10:55","modified_gmt":"2019-01-15T07:10:55","slug":"2004-a","status":"publish","type":"page","link":"https:\/\/laiusepk.edu.ee\/?page_id=471","title":{"rendered":"2004 a."},"content":{"rendered":"\n<ol class=\"wp-block-list\"><li>AARE, CRIS<\/li><li>AARE, KADRI<\/li><li>ERIKSON, EVELYN<\/li><li>KAMPUS, KRISTIINA<\/li><li>KRIISA, MARGUS<\/li><li>LILLEM\u00c4GI, MARIO<\/li><li>M\u00c4GI, MARIO<\/li><li>ORAV, PENTTI<\/li><li>OSTRAT, RAIN<\/li><li>SAAR, MAIRO<\/li><li>SULG, KRISTO<\/li><li>TAUR, MAIRI<\/li><li>UIBOMAA, RAGNE<\/li><li>VALGM\u00c4E, TAAVI<\/li><li>VALGM\u00c4E, TAUNO<\/li><li>KRIKMANN, KAISA<\/li><li>POLTRAGO, TANEL<\/li><li>L\u00d5OKE, MARGO<\/li><li>OLGO, MARKO<\/li><\/ol>\n\n\n\n<p class=\"wp-block-paragraph\"><strong>KL. JUH. EVE LAOS<\/strong>&nbsp;<\/p>\n","protected":false},"excerpt":{"rendered":"<p>AARE, CRIS AARE, KADRI ERIKSON, EVELYN KAMPUS, KRISTIINA KRIISA, MARGUS LILLEM\u00c4GI, MARIO M\u00c4GI, MARIO ORAV, PENTTI OSTRAT, RAIN SAAR, MAIRO SULG, KRISTO TAUR, MAIRI UIBOMAA, RAGNE VALGM\u00c4E, TAAVI VALGM\u00c4E, TAUNO KRIKMANN, KAISA POLTRAGO, TANEL L\u00d5OKE, MARGO OLGO, MARKO KL. JUH. EVE LAOS&nbsp;<\/p>\n","protected":false},"author":1,"featured_media":0,"parent":0,"menu_order":0,"comment_status":"closed","ping_status":"closed","template":"","meta":{"_crdt_document":"","_uag_custom_page_level_css":"","footnotes":""},"class_list":["post-471","page","type-page","status-publish","hentry"],"uagb_featured_image_src":{"full":false,"thumbnail":false,"medium":false,"medium_large":false,"large":false,"1536x1536":false,"2048x2048":false,"post-thumbnail":false},"uagb_author_info":{"display_name":"admin","author_link":"https:\/\/laiusepk.edu.ee\/?author=1"},"uagb_comment_info":0,"uagb_excerpt":"AARE, CRIS AARE, KADRI ERIKSON, EVELYN KAMPUS, KRISTIINA KRIISA, MARGUS LILLEM\u00c4GI, MARIO M\u00c4GI, MARIO ORAV, PENTTI OSTRAT, RAIN SAAR, MAIRO SULG, KRISTO TAUR, MAIRI UIBOMAA, RAGNE VALGM\u00c4E, TAAVI VALGM\u00c4E, TAUNO KRIKMANN, KAISA POLTRAGO, TANEL L\u00d5OKE, MARGO OLGO, MARKO KL. JUH. EVE LAOS&nbsp;","_links":{"self":[{"href":"https:\/\/laiusepk.edu.ee\/index.php?rest_route=\/wp\/v2\/pages\/471","targetHints":{"allow":["GET"]}}],"collection":[{"href":"https:\/\/laiusepk.edu.ee\/index.php?rest_route=\/wp\/v2\/pages"}],"about":[{"href":"https:\/\/laiusepk.edu.ee\/index.php?rest_route=\/wp\/v2\/types\/page"}],"author":[{"embeddable":true,"href":"https:\/\/laiusepk.edu.ee\/index.php?rest_route=\/wp\/v2\/users\/1"}],"replies":[{"embeddable":true,"href":"https:\/\/laiusepk.edu.ee\/index.php?rest_route=%2Fwp%2Fv2%2Fcomments&post=471"}],"version-history":[{"count":1,"href":"https:\/\/laiusepk.edu.ee\/index.php?rest_route=\/wp\/v2\/pages\/471\/revisions"}],"predecessor-version":[{"id":472,"href":"https:\/\/laiusepk.edu.ee\/index.php?rest_route=\/wp\/v2\/pages\/471\/revisions\/472"}],"wp:attachment":[{"href":"https:\/\/laiusepk.edu.ee\/index.php?rest_route=%2Fwp%2Fv2%2Fmedia&parent=471"}],"curies":[{"name":"wp","href":"https:\/\/api.w.org\/{rel}","templated":true}]}}