{"id":463,"date":"2019-01-15T09:08:35","date_gmt":"2019-01-15T07:08:35","guid":{"rendered":"http:\/\/laiusepk.edu.ee\/?page_id=463"},"modified":"2019-01-15T09:08:35","modified_gmt":"2019-01-15T07:08:35","slug":"2008-a","status":"publish","type":"page","link":"https:\/\/laiusepk.edu.ee\/?page_id=463","title":{"rendered":"2008 a."},"content":{"rendered":"\n<ol class=\"wp-block-list\"><li>ALAND,MAIRO<\/li><li>ALITS,DIANA<\/li><li>KASEMAA,MADIS<\/li><li>KULDM\u00c4GI,MATIS<\/li><li>LASS,VERONICA<\/li><li>LILLE,KADI<\/li><li>M\u00d5ISAVALD,KEIT<\/li><li>PLIIATS,KEITHY-MAARJA<\/li><li>P\u00c4RS,MAILI<\/li><li>P\u00c4RTELPOEG,TRIIN<\/li><li>TEDER,HELIINA<\/li><li>VAIKM\u00c4E,KAUR<\/li><li>V\u00c4RNIK,KADRI<\/li><\/ol>\n\n\n\n<p class=\"wp-block-paragraph\"><strong>KL. JUH. SIIRI RAHN<\/strong><\/p>\n","protected":false},"excerpt":{"rendered":"<p>ALAND,MAIRO ALITS,DIANA KASEMAA,MADIS KULDM\u00c4GI,MATIS LASS,VERONICA LILLE,KADI M\u00d5ISAVALD,KEIT PLIIATS,KEITHY-MAARJA P\u00c4RS,MAILI P\u00c4RTELPOEG,TRIIN TEDER,HELIINA VAIKM\u00c4E,KAUR V\u00c4RNIK,KADRI KL. JUH. SIIRI RAHN<\/p>\n","protected":false},"author":1,"featured_media":0,"parent":0,"menu_order":0,"comment_status":"closed","ping_status":"closed","template":"","meta":{"_crdt_document":"","_uag_custom_page_level_css":"","footnotes":""},"class_list":["post-463","page","type-page","status-publish","hentry"],"uagb_featured_image_src":{"full":false,"thumbnail":false,"medium":false,"medium_large":false,"large":false,"1536x1536":false,"2048x2048":false,"post-thumbnail":false},"uagb_author_info":{"display_name":"admin","author_link":"https:\/\/laiusepk.edu.ee\/?author=1"},"uagb_comment_info":0,"uagb_excerpt":"ALAND,MAIRO ALITS,DIANA KASEMAA,MADIS KULDM\u00c4GI,MATIS LASS,VERONICA LILLE,KADI M\u00d5ISAVALD,KEIT PLIIATS,KEITHY-MAARJA P\u00c4RS,MAILI P\u00c4RTELPOEG,TRIIN TEDER,HELIINA VAIKM\u00c4E,KAUR V\u00c4RNIK,KADRI KL. JUH. SIIRI RAHN","_links":{"self":[{"href":"https:\/\/laiusepk.edu.ee\/index.php?rest_route=\/wp\/v2\/pages\/463","targetHints":{"allow":["GET"]}}],"collection":[{"href":"https:\/\/laiusepk.edu.ee\/index.php?rest_route=\/wp\/v2\/pages"}],"about":[{"href":"https:\/\/laiusepk.edu.ee\/index.php?rest_route=\/wp\/v2\/types\/page"}],"author":[{"embeddable":true,"href":"https:\/\/laiusepk.edu.ee\/index.php?rest_route=\/wp\/v2\/users\/1"}],"replies":[{"embeddable":true,"href":"https:\/\/laiusepk.edu.ee\/index.php?rest_route=%2Fwp%2Fv2%2Fcomments&post=463"}],"version-history":[{"count":1,"href":"https:\/\/laiusepk.edu.ee\/index.php?rest_route=\/wp\/v2\/pages\/463\/revisions"}],"predecessor-version":[{"id":464,"href":"https:\/\/laiusepk.edu.ee\/index.php?rest_route=\/wp\/v2\/pages\/463\/revisions\/464"}],"wp:attachment":[{"href":"https:\/\/laiusepk.edu.ee\/index.php?rest_route=%2Fwp%2Fv2%2Fmedia&parent=463"}],"curies":[{"name":"wp","href":"https:\/\/api.w.org\/{rel}","templated":true}]}}