{"id":459,"date":"2019-01-15T09:07:21","date_gmt":"2019-01-15T07:07:21","guid":{"rendered":"http:\/\/laiusepk.edu.ee\/?page_id=459"},"modified":"2019-01-15T09:07:22","modified_gmt":"2019-01-15T07:07:22","slug":"2010-a","status":"publish","type":"page","link":"https:\/\/laiusepk.edu.ee\/?page_id=459","title":{"rendered":"2010 a."},"content":{"rendered":"\n<p class=\"wp-block-paragraph\">1.ALAND AGNE-MAI<\/p>\n\n\n\n<p class=\"wp-block-paragraph\">2.ANNUK KALEV<\/p>\n\n\n\n<p class=\"wp-block-paragraph\">3.ARUTEE VAMBOLA<\/p>\n\n\n\n<p class=\"wp-block-paragraph\">4.KAPP ELERIN<\/p>\n\n\n\n<p class=\"wp-block-paragraph\">5.LIINAM\u00c4E JAANUS<\/p>\n\n\n\n<p class=\"wp-block-paragraph\">6.LINDEPUU GRETE<\/p>\n\n\n\n<p class=\"wp-block-paragraph\">7. M\u00c4GI MARLEEN<\/p>\n\n\n\n<p class=\"wp-block-paragraph\">8.P\u00c4RN MARGUS<\/p>\n\n\n\n<p class=\"wp-block-paragraph\">9.SAAR RAUNO<\/p>\n\n\n\n<p class=\"wp-block-paragraph\">10.TOOTS TERJE<\/p>\n\n\n\n<p class=\"wp-block-paragraph\">11.UUSNA SILVA<\/p>\n\n\n\n<p class=\"wp-block-paragraph\"><strong>Klassijuhataja Karin Noorhanni<\/strong><\/p>\n","protected":false},"excerpt":{"rendered":"<p>1.ALAND AGNE-MAI 2.ANNUK KALEV 3.ARUTEE VAMBOLA 4.KAPP ELERIN 5.LIINAM\u00c4E JAANUS 6.LINDEPUU GRETE 7. M\u00c4GI MARLEEN 8.P\u00c4RN MARGUS 9.SAAR RAUNO 10.TOOTS TERJE 11.UUSNA SILVA Klassijuhataja Karin Noorhanni<\/p>\n","protected":false},"author":1,"featured_media":0,"parent":0,"menu_order":0,"comment_status":"closed","ping_status":"closed","template":"","meta":{"_crdt_document":"","_uag_custom_page_level_css":"","footnotes":""},"class_list":["post-459","page","type-page","status-publish","hentry"],"uagb_featured_image_src":{"full":false,"thumbnail":false,"medium":false,"medium_large":false,"large":false,"1536x1536":false,"2048x2048":false,"post-thumbnail":false},"uagb_author_info":{"display_name":"admin","author_link":"https:\/\/laiusepk.edu.ee\/?author=1"},"uagb_comment_info":0,"uagb_excerpt":"1.ALAND AGNE-MAI 2.ANNUK KALEV 3.ARUTEE VAMBOLA 4.KAPP ELERIN 5.LIINAM\u00c4E JAANUS 6.LINDEPUU GRETE 7. M\u00c4GI MARLEEN 8.P\u00c4RN MARGUS 9.SAAR RAUNO 10.TOOTS TERJE 11.UUSNA SILVA Klassijuhataja Karin Noorhanni","_links":{"self":[{"href":"https:\/\/laiusepk.edu.ee\/index.php?rest_route=\/wp\/v2\/pages\/459","targetHints":{"allow":["GET"]}}],"collection":[{"href":"https:\/\/laiusepk.edu.ee\/index.php?rest_route=\/wp\/v2\/pages"}],"about":[{"href":"https:\/\/laiusepk.edu.ee\/index.php?rest_route=\/wp\/v2\/types\/page"}],"author":[{"embeddable":true,"href":"https:\/\/laiusepk.edu.ee\/index.php?rest_route=\/wp\/v2\/users\/1"}],"replies":[{"embeddable":true,"href":"https:\/\/laiusepk.edu.ee\/index.php?rest_route=%2Fwp%2Fv2%2Fcomments&post=459"}],"version-history":[{"count":1,"href":"https:\/\/laiusepk.edu.ee\/index.php?rest_route=\/wp\/v2\/pages\/459\/revisions"}],"predecessor-version":[{"id":460,"href":"https:\/\/laiusepk.edu.ee\/index.php?rest_route=\/wp\/v2\/pages\/459\/revisions\/460"}],"wp:attachment":[{"href":"https:\/\/laiusepk.edu.ee\/index.php?rest_route=%2Fwp%2Fv2%2Fmedia&parent=459"}],"curies":[{"name":"wp","href":"https:\/\/api.w.org\/{rel}","templated":true}]}}