{"id":443,"date":"2019-01-15T08:33:44","date_gmt":"2019-01-15T06:33:44","guid":{"rendered":"http:\/\/laiusepk.edu.ee\/?page_id=443"},"modified":"2019-01-22T09:36:09","modified_gmt":"2019-01-22T07:36:09","slug":"informaatika","status":"publish","type":"page","link":"https:\/\/laiusepk.edu.ee\/?page_id=443","title":{"rendered":"Informaatika"},"content":{"rendered":"<p>15.01<\/p>\n<ol>\n<li>Tutvu j\u00e4rgnevate lehek\u00fclgedega p\u00f5hjalikult<\/li>\n<li>Tee dokument enda kausta(tuleta meelde kuidas luua dokumenti, kuhu esmalt salvestada ja kuhu dokumendi valmides see lohistada), kuhu kirjutad v\u00e4hemalt nelja lauselise kokkuv\u00f5tte(enda arvamuse: mida said teada?)&nbsp;lehek\u00fclje kohta, mida k\u00fclastad ja uurid.<\/li>\n<\/ol>\n<p>Lehek\u00fcljed, mida pead k\u00fclastama:\n<\/p>\n<p style=\"font-weight: 400;\">(tuleta meelde kuidas luua dokumenti, kuhu esmalt salvestada ja kuhu dokumendi valmides see lohistada)<\/p>\n<ol>\n<li><a href=\"https:\/\/laps.targaltinternetis.ee\/\">Targalt internetis<\/a><\/li>\n<li><a href=\"http:\/\/opetaja.edu.ee\/kustuti\/kustuti_content.htm\">Tulekustuti<\/a><\/li>\n<li><a href=\"https:\/\/toitumine.ee\/muinasjutukad\/index-2.html\">Toitumine<\/a><\/li>\n<li><a href=\"http:\/\/fiidikaru.toitumine.ee\/\">Fiidi karu<\/a><\/li>\n<li><a href=\"http:\/\/e.loodus.ee\/\">eLoodus<\/a><\/li>\n<\/ol>\n\n\n<p class=\"wp-block-paragraph\">22.01<\/p>\n\n\n\n<p class=\"wp-block-paragraph\"><a rel=\"noreferrer noopener\" href=\"https:\/\/drive.google.com\/file\/d\/0B-oy-sfUJ_2xTGFscS0zejdKTzg\/view?usp=sharing\" target=\"_blank\">Harjutus 1 &#8211; tekstit\u00f6\u00f6tlemine<\/a><br><a rel=\"noreferrer noopener\" href=\"https:\/\/drive.google.com\/file\/d\/0B-oy-sfUJ_2xQXJYcFhGdGhjeE0\/view?usp=sharing\" target=\"_blank\">Harjutus 2 &#8211; tekstit\u00f6\u00f6tlemine<\/a><br><\/p>\n\n\n\n<ol class=\"wp-block-list\"><li><a rel=\"noreferrer noopener\" href=\"http:\/\/lihtnearvuti.weebly.com\/mis-on-riistvara.html\" target=\"_blank\">Mis on arvuti osad?<\/a><\/li><li><a rel=\"noreferrer noopener\" href=\"http:\/\/lihtnearvuti.weebly.com\/toumlouml-lotildeikudega.html\" target=\"_blank\">T\u00f6\u00f6 l\u00f5ikudega<\/a><\/li><li><a rel=\"noreferrer noopener\" href=\"http:\/\/lihtnearvuti.weebly.com\/piltide-lisamine.html\" target=\"_blank\">Piltide lisamine<\/a><\/li><li><a rel=\"noreferrer noopener\" href=\"http:\/\/lihtnearvuti.weebly.com\/tabelite-lisamine.html\" target=\"_blank\">Tabelite lisamine<\/a><\/li><li><a rel=\"noreferrer noopener\" href=\"https:\/\/docs.google.com\/document\/d\/1PRHAkCmcf8cuOebWhXQ8a_f5jV4A6SL-HMVFyjafUPM\/edit?usp=sharing\" target=\"_blank\">\u00dclesanne tabelid ja pildid<\/a><\/li><li><\/li><\/ol>\n\n\n\n<p class=\"wp-block-paragraph\">29.01<\/p>\n\n\n\n<ol class=\"wp-block-list\"><li><a href=\"http:\/\/lihtnearvuti.weebly.com\/mis-on-riistvara.html\" target=\"_blank\" rel=\"noreferrer noopener\">Mis on arvuti osad?<\/a><\/li><li><a href=\"http:\/\/lihtnearvuti.weebly.com\/toumlouml-lotildeikudega.html\" target=\"_blank\" rel=\"noreferrer noopener\">T\u00f6\u00f6 l\u00f5ikudega<\/a><\/li><li><a href=\"http:\/\/lihtnearvuti.weebly.com\/piltide-lisamine.html\" target=\"_blank\" rel=\"noreferrer noopener\">Piltide lisamine<\/a><\/li><li><a href=\"http:\/\/lihtnearvuti.weebly.com\/tabelite-lisamine.html\" target=\"_blank\" rel=\"noreferrer noopener\">Tabelite lisamine<\/a><\/li><li><a href=\"https:\/\/docs.google.com\/document\/d\/1PRHAkCmcf8cuOebWhXQ8a_f5jV4A6SL-HMVFyjafUPM\/edit?usp=sharing\" target=\"_blank\" rel=\"noreferrer noopener\">\u00dclesanne tabelid ja pildid<\/a><\/li><\/ol>\n","protected":false},"excerpt":{"rendered":"<p>15.01 Tutvu j\u00e4rgnevate lehek\u00fclgedega p\u00f5hjalikult Tee dokument enda kausta(tuleta meelde kuidas luua dokumenti, kuhu esmalt salvestada ja kuhu dokumendi valmides see lohistada), kuhu kirjutad v\u00e4hemalt nelja lauselise kokkuv\u00f5tte(enda arvamuse: mida said teada?)&nbsp;lehek\u00fclje kohta, mida k\u00fclastad ja uurid. Lehek\u00fcljed, mida pead k\u00fclastama: (tuleta meelde kuidas luua dokumenti, kuhu esmalt salvestada ja kuhu dokumendi valmides see lohistada)&hellip;<\/p>\n","protected":false},"author":1,"featured_media":0,"parent":0,"menu_order":0,"comment_status":"closed","ping_status":"closed","template":"","meta":{"_crdt_document":"","_uag_custom_page_level_css":"","footnotes":""},"class_list":["post-443","page","type-page","status-publish","hentry"],"uagb_featured_image_src":{"full":false,"thumbnail":false,"medium":false,"medium_large":false,"large":false,"1536x1536":false,"2048x2048":false,"post-thumbnail":false},"uagb_author_info":{"display_name":"admin","author_link":"https:\/\/laiusepk.edu.ee\/?author=1"},"uagb_comment_info":0,"uagb_excerpt":"15.01 Tutvu j\u00e4rgnevate lehek\u00fclgedega p\u00f5hjalikult Tee dokument enda kausta(tuleta meelde kuidas luua dokumenti, kuhu esmalt salvestada ja kuhu dokumendi valmides see lohistada), kuhu kirjutad v\u00e4hemalt nelja lauselise kokkuv\u00f5tte(enda arvamuse: mida said teada?)&nbsp;lehek\u00fclje kohta, mida k\u00fclastad ja uurid. Lehek\u00fcljed, mida pead k\u00fclastama: (tuleta meelde kuidas luua dokumenti, kuhu esmalt salvestada ja kuhu dokumendi valmides see lohistada)&hellip;","_links":{"self":[{"href":"https:\/\/laiusepk.edu.ee\/index.php?rest_route=\/wp\/v2\/pages\/443","targetHints":{"allow":["GET"]}}],"collection":[{"href":"https:\/\/laiusepk.edu.ee\/index.php?rest_route=\/wp\/v2\/pages"}],"about":[{"href":"https:\/\/laiusepk.edu.ee\/index.php?rest_route=\/wp\/v2\/types\/page"}],"author":[{"embeddable":true,"href":"https:\/\/laiusepk.edu.ee\/index.php?rest_route=\/wp\/v2\/users\/1"}],"replies":[{"embeddable":true,"href":"https:\/\/laiusepk.edu.ee\/index.php?rest_route=%2Fwp%2Fv2%2Fcomments&post=443"}],"version-history":[{"count":10,"href":"https:\/\/laiusepk.edu.ee\/index.php?rest_route=\/wp\/v2\/pages\/443\/revisions"}],"predecessor-version":[{"id":701,"href":"https:\/\/laiusepk.edu.ee\/index.php?rest_route=\/wp\/v2\/pages\/443\/revisions\/701"}],"wp:attachment":[{"href":"https:\/\/laiusepk.edu.ee\/index.php?rest_route=%2Fwp%2Fv2%2Fmedia&parent=443"}],"curies":[{"name":"wp","href":"https:\/\/api.w.org\/{rel}","templated":true}]}}