{"id":349,"date":"2018-09-14T07:40:38","date_gmt":"2018-09-14T05:40:38","guid":{"rendered":"http:\/\/laiusepk.edu.ee\/?page_id=349"},"modified":"2026-03-03T11:07:46","modified_gmt":"2026-03-03T09:07:46","slug":"nutinurk","status":"publish","type":"page","link":"https:\/\/laiusepk.edu.ee\/?page_id=349","title":{"rendered":"Nutinurk"},"content":{"rendered":"<h1><span style=\"font-size: 12pt;\"><a href=\"https:\/\/e-koolikott.ee\/et\/oppematerjal\/31343-Edu-ja-Tegu-ettevotlus-ja-karjaar-valikkursus-Ettevotlusopetus-interaktiivsed-toolehed\/a34a4e5d-5e1d-4541-a20d-248d46dc4bee\"><span style=\"font-size: 14pt;\">EDu ja tegu<\/span><\/a><\/span><\/h1>\n<h1><a href=\"https:\/\/kysimustik.edu.ee\/index.php?r=survey\/index&amp;sid=114298&amp;token=3peOak4LbN3Rck4&amp;lang=et\"><span style=\"font-size: 14pt;\">4. klassi \u00f5pilaste rahulolu- ja koolikeskkonna k\u00fcsitlus 2026<\/span><\/a><\/h1>\n<h1 class=\" survey-name text-center\"><a href=\"https:\/\/kysimustik.edu.ee\/index.php?r=survey\/index&amp;sid=529823&amp;token=4Ty60SMKPrc20nB&amp;lang=et\"><span style=\"font-size: 14pt;\">8. klassi \u00f5pilaste rahulolu- ja koolikeskkonna k\u00fcsitlus 2026<\/span><\/a><\/h1>\n<h2><a href=\"https:\/\/metshein.com\/courses\/microsoft-word-2016\/\">MS Word 7.klass<\/a><\/h2>\n<h2><a href=\"https:\/\/www.tinkercad.com\/joinclass\/PTYE1SFUNZNQ\" rel=\"nofollow\">Tinkercad 7klass<\/a><\/h2>\n<h2><a href=\"https:\/\/docs.google.com\/forms\/d\/e\/1FAIpQLSepmIfeNhQueNavv9KK4fOmbbqFVwqfbMsqUYY9vl_7dVU1mg\/viewform?pli=1\">k\u00dcBERP\u00c4HKEL 2025<\/a><\/h2>\n<h2><a href=\"https:\/\/docs.google.com\/forms\/d\/e\/1FAIpQLSdG3NRk-rH5lDPjj10qlLjxNdHmAHDVd-6jx9VT9YxJDCcBxA\/viewform\">K\u00fcberp\u00e4hkel 2025 RU<\/a><\/h2>\n<h2><a href=\"https:\/\/studio.code.org\/s\/express-2024\">code.org express<\/a><\/h2>\n<h2><a href=\"https:\/\/docs.google.com\/forms\/d\/e\/1FAIpQLSdDmJ6RaPMTtdSH6uW2yrmM7s68XIf3himJRgZhvP9Ia9_fbw\/viewform\">hobide n\u00e4dal<\/a><\/h2>\n<h2><a href=\"https:\/\/view.genially.com\/60be4911ec9f2a0d461e958e\/interactive-content-suvevaheajale\">suvevaheajale p\u00e4\u00e4semiseks<\/a><\/h2>\n<h2><a href=\"https:\/\/view.genially.com\/6433ce0004a9bb0019ba0917\/interactive-content-pogenemistuba\">P\u00f5genemistuba Orav Tom<\/a><\/h2>\n<h2><a href=\"https:\/\/view.genially.com\/641c989cb223180012e6a95b\/interactive-content-kuberkiusamise-pogenemistuba\">K\u00fcberkiusamise p\u00f5genemistuba<\/a><\/h2>\n<h2><a href=\"https:\/\/view.genially.com\/5e82043a7fd6910db48a6572\/interactive-content-pokemon-lets-go-english\">Pokemon Let`s Go English<\/a><\/h2>\n<h2><a href=\"https:\/\/view.genially.com\/6172fd82f967db0df9ffbfd3\/interactive-content-halloweeni-pogenemistuba\">Helloween<\/a><\/h2>\n<h2><a href=\"https:\/\/app.musiquest.com\/welcome\">\u00d5pi muusikat tegema<\/a><\/h2>\n<h2><a href=\"https:\/\/www.metshein.com\/unit\/2660-2\/\">Referaadi vormistamine<\/a><\/h2>\n<h2><a href=\"https:\/\/studio.code.org\/s\/mc\/lessons\/1\/levels\/1\">Code.org minecraft<\/a><\/h2>\n<h2><a href=\"https:\/\/learningapps.org\/1178107\">E-ohutus<\/a><\/h2>\n<h2><a href=\"https:\/\/learningapps.org\/830645\">Turvaline k\u00e4itumine veebis<\/a><\/h2>\n<h2><a href=\"https:\/\/www.targaltinternetis.ee\/test\/\">Turvaline internetikasutus test noorematele<\/a><\/h2>\n<h2><a href=\"https:\/\/video.just.ee\/paastaliisaid\/html\/\">P\u00e4\u00e4sta Liisa ID<\/a><\/h2>\n<h2><a href=\"https:\/\/view.genial.ly\/61f152b6d3ebae00195ad7e8\/interactive-content-nutikalt-netis\" rel=\"nofollow\">Turvalise interneti p\u00e4ev 2<\/a><\/h2>\n<h2><a href=\"https:\/\/rahvusraamatukogu.typeform.com\/sotsiaalmeedia\" rel=\"nofollow\">Turvalise interneti p\u00e4ev 1<\/a><\/h2>\n<h2><a href=\"https:\/\/kysimustik.edu.ee\/index.php?r=survey\/index&amp;sid=577483&amp;token=olFOhrjeazzQxAs&amp;lang=et\">rahuloluk\u00fcsitlus 8.klass<\/a><\/h2>\n<h2><a href=\"https:\/\/docs.google.com\/forms\/d\/e\/1FAIpQLSe9gZ93xi78ebJuTXSe17Ex7O5aUBOob42xNWPyzfkilFB3wg\/viewform?usp=header\">Traktorid minu elus<\/a><\/h2>\n<h2><a href=\"https:\/\/leanway.ee\/swot-analuus\/\">SWOT<\/a><\/h2>\n<h2><a href=\"https:\/\/milos.ee\/googel\/\">30 nippi kuidas guugeldada nagu proff<\/a><\/h2>\n<h2><a href=\"https:\/\/forms.gle\/EKL8aagCm7TsaCen7\">Google viktoriin<\/a><\/h2>\n<h2><a href=\"https:\/\/forms.gle\/dpDDYHJDuKv3cLGz8\">Infootsing kooli kodulehelt<\/a><\/h2>\n<h2><a href=\"https:\/\/laiusepk.edu.ee\/?page_id=2489\">E-kiri<\/a><\/h2>\n<h2><a href=\"https:\/\/laiusepk.edu.ee\/?page_id=2485\">Arvuti osad<\/a><\/h2>\n<h2><a href=\"https:\/\/e4pfyppp.smai.ly\/r?oid=9222&amp;mid=b99NuN5rb&amp;lid=0doobzep&amp;url=https%3A%2F%2Fbit.ly%2Fkoolilaste_uuring_2024%3Futm_campaign%3DKoolid%2520okt%252024%26utm_medium%3Demail%26utm_source%3Dsendsmaily&amp;s=9ad88a4240841766b0339a0bcac218343875a8bebb300e35934b6a0979559ba8\">Eesti koolinoorte sotsiaalmeedia kasutuse uuring<\/a><\/h2>\n<h2><a href=\"https:\/\/forms.gle\/FQzE3D1JH4g739h9A\">Otsing internetis<\/a><\/h2>\n<h2><a href=\"https:\/\/ideogram.ai\/login\">Ideogram Ai Pildigeneraator<\/a><\/h2>\n<h2><a href=\"https:\/\/www.bing.com\/images\/create\">Microsoft bing image creator<\/a><\/h2>\n<h2><a href=\"https:\/\/www.bingimagecreator.net\/\">Bing Image creator<\/a><\/h2>\n<h2><a href=\"https:\/\/gencraft.com\/\">GEncraft<\/a><\/h2>\n<h2><a href=\"https:\/\/web.htk.tlu.ee\/informaatika\/opik1\/\">Digi\u00f5pik I kooliaste<\/a><\/h2>\n<h2><a href=\"https:\/\/web.htk.tlu.ee\/informaatika\/opik2\/\">digi\u00f5pik II kooliaste<\/a><\/h2>\n<h2><a href=\"https:\/\/www.targaltinternetis.ee\/robot-otto-targalt-internetis\/\">Robot otto<\/a><\/h2>\n<h2><a href=\"https:\/\/skillshop.exceedlms.com\/student\/catalog?locale=et\">GOOgle skillshop<\/a><\/h2>\n<h2><a href=\"https:\/\/www.blockadelabs.com\/\">Blocade Labs<\/a>&#8211; AI loob kirjelduse p\u00f5hjal 360\u00b0 maailma<\/h2>\n<h2><a href=\"https:\/\/audiomass.co\/\">Audiomass<\/a>&#8211; salvesta ja t\u00f6\u00f6tle helifaile<\/h2>\n<h2><a href=\"https:\/\/monkeytype.com\/\">Monkeytype<\/a>&#8211; harjutused klavituuriga kirjutamiseks<\/h2>\n<h2><a href=\"https:\/\/bomomo.com\/\" rel=\"nofollow\">Bomomo<\/a> &#8211; teistmoodi joonistamine<\/h2>\n<h2><a href=\"https:\/\/www.typinggames.zone\/key-memory-game\" rel=\"nofollow\">memoriin<\/a><\/h2>\n<h2><a href=\"https:\/\/www.typinggames.zone\/mavis-typing-tomb-adventure\" rel=\"nofollow\">H\u00fcppamine<\/a>&#8211; klaviatuuri \u00f5ppimiseks<\/h2>\n<h2><a href=\"https:\/\/www.typinggames.zone\/snake\" rel=\"nofollow\">Uss<\/a>&#8211; Klaviatuuri \u00f5ppimiseks<\/h2>\n<h2><a href=\"https:\/\/www.typinggames.zone\/keytower?keys=abcdefghijklmnopqrstuvwxyz\" rel=\"nofollow\">T\u00e4htedest torn <\/a>&#8211; klaviatuuri \u00f5ppimiseks<\/h2>\n<h2><a href=\"https:\/\/www.freetypinggame.net\/play3.asp\" rel=\"nofollow\">Konnad<\/a>&#8211; klaviatuuri \u00f5ppimiseks<\/h2>\n<h2><a href=\"https:\/\/pivotanimator.net\/stk-library\/\" rel=\"nofollow\">Pivot kujud<\/a><\/h2>\n<h2><a href=\"https:\/\/www.craiyon.com\/\" rel=\"nofollow\">craiyon Ai image generator<\/a><\/h2>\n<h2><a href=\"https:\/\/research.google.com\/semantris\" rel=\"nofollow\">SEMANTRIS s\u00f5nam\u00e4ng<\/a><\/h2>\n<h2><a href=\"https:\/\/neal.fun\/\" rel=\"nofollow\">NEAL.FUN<\/a><\/h2>\n<h2><a href=\"https:\/\/h5p.arve.ee\/h5p\/embed\/618\" rel=\"nofollow\">LIIklus2<\/a><\/h2>\n<h2><a href=\"https:\/\/www.h5p.arve.ee\/node?page=11\" rel=\"nofollow\">Liiklus1<\/a><\/h2>\n<h2><a href=\"https:\/\/www.h5p.arve.ee\/node\/528\" rel=\"nofollow\">Liiklus<\/a><\/h2>\n<h2><a href=\"https:\/\/view.genial.ly\/619f596fd56b5c0d38d85868\/interactive-content-lepatriinude-joulupogenemine\" rel=\"nofollow\">lepatriinude j\u00f5ulud<\/a><\/h2>\n<h2><a href=\"https:\/\/view.genial.ly\/5eb3fe3ed4d59a0d61ff8a9e\/learning-experience-challenges-millisest-teatmeteosest-leiad-oige-vastuse\" rel=\"nofollow\">Turvalise interneti p\u00e4ev 4<\/a><\/h2>\n<h2><a href=\"https:\/\/view.genial.ly\/602241f98d60280dc12c7af1\/learning-experience-challenges-pildimang\" rel=\"nofollow\">turvalise interneti p\u00e4ev 3<\/a><\/h2>\n<h2><a href=\"https:\/\/www.liikluskasvatus.ee\/et\/lapsele-ja-noorele\/3\/testid\" rel=\"nofollow\">Liiklustestid<\/a><\/h2>\n<h2><a href=\"https:\/\/genial.ly\/\" rel=\"nofollow\">Genial.ly<\/a><\/h2>\n<h2><a href=\"https:\/\/learnhip.com\/boardgames\/create.php\" rel=\"nofollow\">lauam\u00e4ngu generaator<\/a><\/h2>\n<h2><a href=\"https:\/\/tinywow.com\/\" rel=\"nofollow\">Tinywow-failide teisendaja<\/a><\/h2>\n<h2><a href=\"https:\/\/www.deepl.com\/translator\" rel=\"nofollow\">Deepl translate<\/a><\/h2>\n<h2><a href=\"https:\/\/gate2home.com\/\" rel=\"nofollow\">Virtuaalne klaviatuur<\/a><\/h2>\n<h2><a href=\"https:\/\/explore.org\/livecams\" rel=\"nofollow\">Looduskaamerad<\/a><\/h2>\n<h2><a href=\"https:\/\/beinternetawesome.withgoogle.com\/en_us\/interland\" rel=\"nofollow\">Interland<\/a><\/h2>\n<h2><a href=\"https:\/\/digi.geenius.ee\/rubriik\/hea-nipp\/selle-tooriistaga-saad-teha-tappisotsinguid-nii-otsingumootorites-kui-ka-youtubeis\/\" rel=\"nofollow\">T\u00e4ppisotsingud otsingumootorites<\/a><\/h2>\n<h2 class=\"display-2 mb-4\"><a href=\"https:\/\/digi.geenius.ee\/rubriik\/hea-nipp\/19-youtubei-otsingufraasi-mille-abil-alati-oige-video-ules-leiad\/\" rel=\"nofollow\">19 YouTube\u2019i otsingufraasi<\/a><\/h2>\n<h2><a href=\"https:\/\/tineye.com\/\" rel=\"nofollow\">Tineye pildiotsing<\/a><\/h2>\n<h2><a href=\"https:\/\/view.genial.ly\/61f152b6d3ebae00195ad7e8\/interactive-content-nutikalt-netis\" rel=\"nofollow\">Digiturvalisuse viktoriin<\/a><\/h2>\n<h2><a href=\"https:\/\/view.genial.ly\/5e6b70f0af975a0f88e95ec6\/learning-experience-challenges-meediapadevuse-viktoriin\" rel=\"nofollow\">Meediap\u00e4devuse viktoriin<\/a><\/h2>\n<h2><a href=\"https:\/\/toytheater.com\/\" rel=\"nofollow\">Toytheater<\/a><\/h2>\n<h2><a href=\"http:\/\/www.pbclibrary.org\/mousing\/mousercise.htm?\" rel=\"nofollow\">Hiire k\u00e4sitsemine<\/a><\/h2>\n<h2><a href=\"https:\/\/runmarco.allcancode.com\/\" rel=\"nofollow\">RUnmarco progemine<\/a><\/h2>\n<h2><a href=\"https:\/\/www.looveesti.ee\/alusta-ettevotlusega\/ettevotlusvormid\/\" rel=\"nofollow\">Ettev\u00f5tlusvormid<\/a><\/h2>\n<h2><a href=\"https:\/\/www.onlinequizcreator.com\/ettevotlusvormid\/quiz-270282\" rel=\"nofollow\">Ettev\u00f5tlusvormid test<\/a><\/h2>\n<h2><a href=\"https:\/\/www.metshein.com\/unit\/excel-2016-piltide-kasutamine-harjutus-10\/\" rel=\"nofollow\">Piltide kasutamine MS Office<\/a><\/h2>\n<h2><a href=\"https:\/\/learndigital.withgoogle.com\/digitalgarage-ee\/\" rel=\"nofollow\">Google Digital Garage<\/a><\/h2>\n<h1 class=\"styles__StyledHeading-sc-k2xxpr-0 jFzMCF Heading-sc-132dr24-0 fVjyW\"><a href=\"https:\/\/thenounproject.com\/\" rel=\"nofollow\"><span style=\"font-size: 14pt;\">Icons and Photos For Everything<\/span><\/a><\/h1>\n<h2><span style=\"font-size: 14pt;\"><a href=\"https:\/\/roomstyler.com\/3dplanner\" rel=\"nofollow\">Roomstyler<\/a><\/span><\/h2>\n<h2><a href=\"https:\/\/www.postermywall.com\/\" rel=\"nofollow\">postermywall<\/a><\/h2>\n<h2><a href=\"https:\/\/icograms.com\/icograms-designer.php\" rel=\"nofollow\">icograms<\/a><\/h2>\n<h2><a href=\"https:\/\/leanway.ee\/swot-analuus\/\" rel=\"nofollow\">SWot anal\u00fc\u00fcs<\/a><\/h2>\n<h2><a href=\"https:\/\/www.instapainting.com\/ai-painter\" rel=\"nofollow\">AI painter<\/a><\/h2>\n<h2><span style=\"font-family: 'times new roman', times, serif; font-size: 14pt;\"><a href=\"https:\/\/vectr.com\/\" rel=\"nofollow\">Vektorgraafika<\/a><\/span><\/h2>\n<h2><a href=\"https:\/\/forms.gle\/wyb2GK6QCXDUznfz7\" rel=\"nofollow\">Majandus<\/a><\/h2>\n<h2><a href=\"https:\/\/www.pizap.com\/\" rel=\"nofollow\">pizap\u00a0 fotot\u00f6\u00f6tlus<\/a><\/h2>\n<h2><a href=\"https:\/\/croppola.com\/\" rel=\"nofollow\">Croppola online cropping<\/a><\/h2>\n<h2><a href=\"https:\/\/photos.icons8.com\/creator#\" rel=\"nofollow\">Moose Photocreator<\/a><\/h2>\n<h2><a href=\"https:\/\/skribbl.io\/\" rel=\"nofollow\">skribbl.io<\/a><\/h2>\n<h2><a href=\"https:\/\/www.cartoonify.de\/\" rel=\"nofollow\">cartoonify<\/a><\/h2>\n<h2><a href=\"https:\/\/memeful.com\/generator\" rel=\"nofollow\">Meme generator<\/a><\/h2>\n<h2><a href=\"https:\/\/www.abcya.com\/games\/abcya_paint\" rel=\"nofollow\">abcya! paint<\/a><\/h2>\n<h2><a href=\"http:\/\/weavesilk.com\/\" rel=\"nofollow\">Weavesilk<\/a><\/h2>\n<h2><a href=\"https:\/\/www.tinkercad.com\/joinclass\/PTYE1SFUNZNQ\" rel=\"nofollow\">Tinkercad 3.klass<\/a><\/h2>\n<h2><a href=\"https:\/\/www7.lunapic.com\/editor\/\" rel=\"nofollow\">lunapic<\/a><\/h2>\n<h2><a href=\"https:\/\/photofunia.com\/\" rel=\"nofollow\">Photophunia<\/a><\/h2>\n<h2><a href=\"https:\/\/www.tinkercad.com\/joinclass\/573JURMC5HHN\" rel=\"nofollow\">TINKERCAD 4 klass<\/a><\/h2>\n<h2><a href=\"https:\/\/www.youtube.com\/watch?v=N_ofKSoQ-lM\" rel=\"nofollow\">TINKERCAD piparkoogivorm<\/a><\/h2>\n<h2><a href=\"https:\/\/www.tinkercad.com\/joinclass\/DHYSJPE8JIVY\" rel=\"nofollow\">TInkERCAD 5-6 klass<\/a><\/h2>\n<h2><a href=\"https:\/\/www.storyjumper.com\/joinClass\/6264794\" rel=\"nofollow\">Storyjumper 3.klass<\/a><\/h2>\n<h2><a href=\"https:\/\/www.pixilart.com\/draw\" rel=\"nofollow\">Pixilart<\/a><\/h2>\n<h2><a href=\"http:\/\/www.rak.edu.ee\/opiobjektid\/otsing\/index.htm\" rel=\"nofollow\">Otsing internetist<\/a><\/h2>\n<h2><a href=\"https:\/\/imgflip.com\/memegenerator\" rel=\"nofollow\">Meme Generator<\/a><\/h2>\n<h2><a href=\"https:\/\/www.humanbenchmark.com\" rel=\"nofollow\">Human Benchmark<\/a><\/h2>\n<h2><a href=\"https:\/\/www.instructables.com\/\" rel=\"nofollow\">Instructables<\/a><\/h2>\n<h2><a href=\"https:\/\/pbnify.com\/\" rel=\"nofollow\">V\u00e4rvi numbrite j\u00e4rgi<\/a> (tee ise t\u00f6\u00f6leht)<\/h2>\n<h2><a href=\"https:\/\/www.storyjumper.com\/\" rel=\"nofollow\">Storyjumper.com<\/a> -tee ise raamat\u00a0 <a href=\"http:\/\/storyjumper.com\/joinClass\/0261204\" rel=\"nofollow\">3klass<\/a><\/h2>\n<h2><a style=\"font-size: 1.6em;\" href=\"http:\/\/www.picturedots.com\/\" rel=\"nofollow\">\u00dchenda numbrid pildiks tarkvara<\/a><\/h2>\n<h2><a href=\"https:\/\/www.tinkercad.com\/dashboard\" rel=\"nofollow\">3D modelleerimine (tinkercad)<\/a><\/h2>\n<h2><a href=\"http:\/\/tools.atozteacherstuff.com\/free-printable-crossword-puzzle-maker\/\" rel=\"nofollow\">Rists\u00f5nad 1<\/a><\/h2>\n<h2><a href=\"https:\/\/crosswordlabs.com\/\" rel=\"nofollow\">Rists\u00f5na<\/a><\/h2>\n<h2><a href=\"https:\/\/wordsearchlabs.com\/\" rel=\"nofollow\">S\u00f5nar\u00e4gastik<\/a><\/h2>\n<h2><span style=\"color: #3366ff;\"><strong><a style=\"color: #3366ff;\" href=\"http:\/\/laiusepk.edu.ee\/?page_id=734\">Klaviatuur, kirjutamine<\/a><\/strong><\/span><\/h2>\n<h2><span style=\"color: #3366ff;\"><strong><a style=\"color: #3366ff;\" href=\"http:\/\/laiusepk.edu.ee\/?page_id=707\">Turvalise Interneti P\u00e4ev<\/a><\/strong><\/span><\/h2>\n<p><strong><span style=\"font-size: 12pt;\"><a href=\"http:\/\/laiusepk.edu.ee\/?page_id=443\">Informaatika<\/a><\/span><\/strong><\/p>\n<p><a href=\"http:\/\/laiusepk.edu.ee\/?page_id=419\"><strong><span style=\"font-size: 12pt;\">Word<\/span><\/strong><\/a><\/p>\n<p><strong><span style=\"font-size: 12pt;\"><a href=\"https:\/\/spark.adobe.com\/sp\/\" rel=\"nofollow\">Adobe Spark\u00a0<\/a><\/span><\/strong><\/p>\n<p><strong><a href=\"http:\/\/nutinurk.weebly.com\/veebikeskkonnad-ja-aumlpid\/adobe-spark\" rel=\"nofollow\"><span style=\"font-size: 10pt;\">Adobe Spark juhendid<\/span><\/a><\/strong><\/p>\n<p><span style=\"font-family: 'arial black', sans-serif; font-size: 10pt;\"><a href=\"http:\/\/nutiraama.weebly.com\/nutiviki.html\" rel=\"nofollow\">Viktoriin<\/a><\/span><\/p>\n<p><span style=\"font-family: 'arial black', sans-serif; font-size: 10pt;\"><a href=\"http:\/\/www.eki.ee\/tarkvara\/anagramm\/\" rel=\"nofollow\">Anagramm<\/a><\/span><\/p>\n<p><span style=\"font-family: 'arial black', sans-serif; font-size: 10pt;\"><a href=\"http:\/\/www.ellermaasoft.ee\/tester.php\" rel=\"nofollow\">Tekstisisestamise kiirus<\/a><\/span><\/p>\n<p><a href=\"https:\/\/courses.cs.ut.ee\/t\/digiopik\/Digimeedia\/Digimeedia\" rel=\"nofollow\"><span style=\"font-size: 10pt; font-family: 'arial black', sans-serif;\">Digimeedia<\/span><\/a><\/p>\n<p><span style=\"font-size: 10pt; font-family: 'arial black', sans-serif;\">JOONISTAMINE:<\/span><\/p>\n<p><span style=\"font-size: 10pt; font-family: 'arial black', sans-serif;\"><a href=\"https:\/\/sketch.io\/sketchpad\/\" rel=\"nofollow\">Sketchpad<\/a><\/span><\/p>\n<p><span style=\"font-size: 10pt; font-family: 'arial black', sans-serif;\"><a href=\"http:\/\/kleki.com\/\" rel=\"nofollow\">Kleki<\/a><\/span><\/p>\n<p><span style=\"font-size: 10pt; font-family: 'arial black', sans-serif;\"><a href=\"http:\/\/www.onemotion.com\/flash\/sketch-paint\/\" rel=\"nofollow\">Onemotion<\/a><\/span><\/p>\n<p><span style=\"font-size: 10pt; font-family: 'arial black', sans-serif;\"><a href=\"https:\/\/www.sumopaint.com\/paint\/\" rel=\"nofollow\">Sumopaint<\/a><\/span><\/p>\n<p><span style=\"font-size: 10pt; font-family: 'arial black', sans-serif;\"><a href=\"https:\/\/awwapp.com\/\" rel=\"nofollow\">\u201cOnline\u201d valge tahvel<\/a>\u00a0(saab kaaslastega koos joonistada, kirjutada)<\/span><\/p>\n<p><span style=\"font-size: 10pt; font-family: 'arial black', sans-serif;\">PLAKATID POSTRID<\/span><\/p>\n<p><span style=\"font-size: 10pt; font-family: 'arial black', sans-serif;\"><a href=\"https:\/\/www.typographyeditor.com\/\" rel=\"nofollow\">Typographyeditor<\/a><\/span><\/p>\n<p><span style=\"font-size: 10pt; font-family: 'arial black', sans-serif;\"><a href=\"https:\/\/crello.com\/nl\/create\/posters\/\" rel=\"nofollow\">Crello<\/a><\/span><\/p>\n<p><span style=\"font-size: 10pt; font-family: 'arial black', sans-serif;\"><a href=\"https:\/\/www.canva.com\/create\/posters\/\" rel=\"nofollow\">Canva<\/a><\/span><\/p>\n<p><span style=\"font-size: 10pt; font-family: 'arial black', sans-serif;\"><a href=\"https:\/\/www.fotor.com\/features\/poster.html\" rel=\"nofollow\">Fotor<\/a><\/span><\/p>\n<p><span style=\"font-size: 10pt; font-family: 'arial black', sans-serif;\"><a href=\"http:\/\/www.toondoo.com\/\" rel=\"nofollow\">Koomiksite tegemine<\/a><\/span><\/p>\n<p><span style=\"font-size: 10pt; font-family: 'arial black', sans-serif;\"><a href=\"https:\/\/vizia.co\/\" rel=\"nofollow\">Videod koos k\u00fcsimustega<\/a><\/span><\/p>\n<p><span style=\"font-size: 10pt; font-family: 'arial black', sans-serif;\"><a href=\"https:\/\/quizizz.com\/\" rel=\"nofollow\">Quizizz<\/a><\/span><\/p>\n<p><span style=\"font-size: 10pt; font-family: 'arial black', sans-serif;\"><a href=\"https:\/\/www.wordclouds.com\/\" rel=\"nofollow\">S\u00f5napilvide koostamine<\/a><\/span><\/p>\n<p><span style=\"font-size: 10pt; font-family: 'arial black', sans-serif;\">PLAANID JOONISED<\/span><\/p>\n<p><span style=\"font-size: 10pt; font-family: 'arial black', sans-serif;\"><a href=\"https:\/\/home.by.me\/en\/\" rel=\"nofollow\">3D kodukujundus<\/a><\/span><\/p>\n<p><span style=\"font-size: 10pt; font-family: 'arial black', sans-serif;\"><a href=\"http:\/\/www.sweethome3d.com\/\" rel=\"nofollow\">SweetHome3D<\/a><\/span><\/p>\n<p><span style=\"font-size: 10pt; font-family: 'arial black', sans-serif;\"><a href=\"https:\/\/roomstyler.com\/3dplanner\" rel=\"nofollow\">Kujundus 3D<\/a><\/span><\/p>\n<p><span style=\"font-size: 10pt; font-family: 'arial black', sans-serif;\"><a href=\"https:\/\/www.homestyler.com\/floorplan\/?&amp;lang=en_US\" rel=\"nofollow\">Homestyler<\/a><\/span><\/p>\n<p><span style=\"font-size: 10pt; font-family: 'arial black', sans-serif;\"><a href=\"http:\/\/colorjinn.com\/products\/colorjive-lite\" rel=\"nofollow\">Home virtual painter<\/a><\/span><\/p>\n<p><span style=\"font-size: 10pt; font-family: 'arial black', sans-serif;\"><a href=\"http:\/\/www.cpvisualizer.com\/signup\" rel=\"nofollow\">DesignScape visualizer<\/a><\/span><\/p>\n<p><span style=\"font-size: 10pt; font-family: 'arial black', sans-serif;\"><a href=\"http:\/\/www.certainteed.com\/certainteed-colorview\/\" rel=\"nofollow\">Certainteed colorview\u00a0<\/a>-kujunda oma maja<\/span><\/p>\n<p><span style=\"font-size: 10pt; font-family: 'arial black', sans-serif;\"><a href=\"http:\/\/www.smallblueprinter.com\/garden\/planner.html\" rel=\"nofollow\">Aiakujundus<\/a><\/span><\/p>\n<p><span style=\"font-size: 10pt; font-family: 'arial black', sans-serif;\"><a href=\"https:\/\/www.bhg.com\/common\/profile\/regStep1.jsp?regSource=0993\" rel=\"nofollow\">Planeeri oma aed<\/a><\/span><\/p>\n<p><span style=\"font-size: 10pt; font-family: 'arial black', sans-serif;\">VEEBILEHTEDE LOOMINE<\/span><\/p>\n<p><span style=\"font-size: 10pt; font-family: 'arial black', sans-serif;\"><a href=\"https:\/\/koolielu.ee\/tools\/read\/532347\" rel=\"nofollow\">Vix<\/a><\/span><\/p>\n<p><span style=\"font-size: 10pt; font-family: 'arial black', sans-serif;\"><a href=\"http:\/\/www.onepagefree.com\/\" rel=\"nofollow\">Onepagefree<\/a><\/span><\/p>\n<p><span style=\"font-size: 10pt; font-family: 'arial black', sans-serif;\"><a href=\"https:\/\/weeblyopetus.weebly.com\/\" rel=\"nofollow\">Weebly<\/a><\/span><\/p>\n<p><span style=\"font-size: 10pt; font-family: 'arial black', sans-serif;\"><strong><a href=\"https:\/\/weeblyopetus.weebly.com\/\" rel=\"nofollow\">Weebly \u00f5petus<\/a><\/strong><\/span><\/p>\n<p><span style=\"font-size: 10pt; font-family: 'arial black', sans-serif;\"><a href=\"https:\/\/www.simplesite.com\/pages\/receive.aspx?target=ftp3:crea&amp;culturekey=et&amp;partnerkey=ffgoogle:EUR_EE_ET_Search_Competitor_CampaignID=1113345099_AdGroupID=54511519658_MatchType=b_Keyword=weebly_KeywordID=kwd-2842375416_Device=c_Network=g_Geo=9061563_256808583027&amp;gclid=Cj0KCQjw5qrXBRC3ARIsAJq3bwoPNzXfU0_i-2EDBzth5ffSIwBKTC3oXId67Ui1lHb1Eh9eJ96ChTQaAk7LEALw_wcB\" rel=\"nofollow\">Simplesite<\/a><\/span><\/p>\n","protected":false},"excerpt":{"rendered":"<p>EDu ja tegu 4. klassi \u00f5pilaste rahulolu- ja koolikeskkonna k\u00fcsitlus 2026 8. klassi \u00f5pilaste rahulolu- ja koolikeskkonna k\u00fcsitlus 2026 MS Word 7.klass Tinkercad 7klass k\u00dcBERP\u00c4HKEL 2025 K\u00fcberp\u00e4hkel 2025 RU code.org express hobide n\u00e4dal suvevaheajale p\u00e4\u00e4semiseks P\u00f5genemistuba Orav Tom K\u00fcberkiusamise p\u00f5genemistuba Pokemon Let`s Go English Helloween \u00d5pi muusikat tegema Referaadi vormistamine Code.org minecraft E-ohutus Turvaline k\u00e4itumine&hellip;<\/p>\n","protected":false},"author":1,"featured_media":0,"parent":0,"menu_order":0,"comment_status":"closed","ping_status":"closed","template":"","meta":{"_crdt_document":"","_uag_custom_page_level_css":"","footnotes":""},"class_list":["post-349","page","type-page","status-publish","hentry"],"uagb_featured_image_src":{"full":false,"thumbnail":false,"medium":false,"medium_large":false,"large":false,"1536x1536":false,"2048x2048":false,"post-thumbnail":false},"uagb_author_info":{"display_name":"admin","author_link":"https:\/\/laiusepk.edu.ee\/?author=1"},"uagb_comment_info":0,"uagb_excerpt":"EDu ja tegu 4. klassi \u00f5pilaste rahulolu- ja koolikeskkonna k\u00fcsitlus 2026 8. klassi \u00f5pilaste rahulolu- ja koolikeskkonna k\u00fcsitlus 2026 MS Word 7.klass Tinkercad 7klass k\u00dcBERP\u00c4HKEL 2025 K\u00fcberp\u00e4hkel 2025 RU code.org express hobide n\u00e4dal suvevaheajale p\u00e4\u00e4semiseks P\u00f5genemistuba Orav Tom K\u00fcberkiusamise p\u00f5genemistuba Pokemon Let`s Go English Helloween \u00d5pi muusikat tegema Referaadi vormistamine Code.org minecraft E-ohutus Turvaline k\u00e4itumine&hellip;","_links":{"self":[{"href":"https:\/\/laiusepk.edu.ee\/index.php?rest_route=\/wp\/v2\/pages\/349","targetHints":{"allow":["GET"]}}],"collection":[{"href":"https:\/\/laiusepk.edu.ee\/index.php?rest_route=\/wp\/v2\/pages"}],"about":[{"href":"https:\/\/laiusepk.edu.ee\/index.php?rest_route=\/wp\/v2\/types\/page"}],"author":[{"embeddable":true,"href":"https:\/\/laiusepk.edu.ee\/index.php?rest_route=\/wp\/v2\/users\/1"}],"replies":[{"embeddable":true,"href":"https:\/\/laiusepk.edu.ee\/index.php?rest_route=%2Fwp%2Fv2%2Fcomments&post=349"}],"version-history":[{"count":235,"href":"https:\/\/laiusepk.edu.ee\/index.php?rest_route=\/wp\/v2\/pages\/349\/revisions"}],"predecessor-version":[{"id":3119,"href":"https:\/\/laiusepk.edu.ee\/index.php?rest_route=\/wp\/v2\/pages\/349\/revisions\/3119"}],"wp:attachment":[{"href":"https:\/\/laiusepk.edu.ee\/index.php?rest_route=%2Fwp%2Fv2%2Fmedia&parent=349"}],"curies":[{"name":"wp","href":"https:\/\/api.w.org\/{rel}","templated":true}]}}