{"id":3003,"date":"2025-10-28T08:09:27","date_gmt":"2025-10-28T06:09:27","guid":{"rendered":"https:\/\/laiusepk.edu.ee\/?page_id=3003"},"modified":"2025-10-28T08:27:49","modified_gmt":"2025-10-28T06:27:49","slug":"inimeseopetus","status":"publish","type":"page","link":"https:\/\/laiusepk.edu.ee\/?page_id=3003","title":{"rendered":"Inimese\u00f5petus"},"content":{"rendered":"<p><a href=\"https:\/\/laiusepk.edu.ee\/wp-content\/uploads\/2025\/10\/Inimeseop-oppeaine-kirjeldus-I-ka-II-ka-III-ka.pdf\"><span style=\"font-family: 'times new roman', times, serif; font-size: 12pt;\">\u00d5ppeaine kirjeldus<\/span><\/a><\/p>\n<p><span style=\"font-family: 'times new roman', times, serif; font-size: 12pt;\"><a href=\"https:\/\/laiusepk.edu.ee\/wp-content\/uploads\/2025\/10\/Inimeseop-2.-kl.pdf\">Inimese\u00f5petus 2.klass<\/a><\/span><\/p>\n<p><a href=\"https:\/\/laiusepk.edu.ee\/wp-content\/uploads\/2025\/10\/Inimeseop-3.-kl.pdf\"><span style=\"font-family: 'times new roman', times, serif; font-size: 12pt;\">Inimese\u00f5petus 3.klass<\/span><\/a><\/p>\n<p><a href=\"https:\/\/laiusepk.edu.ee\/wp-content\/uploads\/2025\/10\/Inimeseop-I-kooliaste-opitulemused.pdf\"><span style=\"font-family: 'times new roman', times, serif; font-size: 12pt;\">I kooliastme \u00f5pitulemused<\/span><\/a><\/p>\n<p><a href=\"https:\/\/laiusepk.edu.ee\/wp-content\/uploads\/2025\/10\/Inimeseop-5.-kl.pdf\"><span style=\"font-family: 'times new roman', times, serif; font-size: 12pt;\">Inimese\u00f5petus 5.klass<\/span><\/a><\/p>\n<p><a href=\"https:\/\/laiusepk.edu.ee\/wp-content\/uploads\/2025\/10\/Inimeseop-6.-kl.pdf\"><span style=\"font-family: 'times new roman', times, serif; font-size: 12pt;\">Inimese\u00f5petus 6.klass<\/span><\/a><\/p>\n<p><a href=\"https:\/\/laiusepk.edu.ee\/wp-content\/uploads\/2025\/10\/Inimeseop-II-kooliaste-opitulemused.pdf\"><span style=\"font-family: 'times new roman', times, serif; font-size: 12pt;\">II kooliastme \u00f5pitulemused<\/span><\/a><\/p>\n<p><a href=\"https:\/\/laiusepk.edu.ee\/wp-content\/uploads\/2025\/10\/Inimeseop-7.-kl.pdf\"><span style=\"font-family: 'times new roman', times, serif; font-size: 12pt;\">Inimese\u00f5petus 7.klass<\/span><\/a><\/p>\n<p><a href=\"https:\/\/laiusepk.edu.ee\/wp-content\/uploads\/2025\/10\/Inimeseop-8.-kl.pdf\"><span style=\"font-family: 'times new roman', times, serif; font-size: 12pt;\">Inimese\u00f5petus 8.klass<\/span><\/a><\/p>\n<p><a href=\"https:\/\/laiusepk.edu.ee\/wp-content\/uploads\/2025\/10\/Inimeseop-III-kooliaste-opitulemused.pdf\"><span style=\"font-family: 'times new roman', times, serif; font-size: 12pt;\">III kooliastme \u00f5pitulemused<\/span><\/a><\/p>\n","protected":false},"excerpt":{"rendered":"<p>\u00d5ppeaine kirjeldus Inimese\u00f5petus 2.klass Inimese\u00f5petus 3.klass I kooliastme \u00f5pitulemused Inimese\u00f5petus 5.klass Inimese\u00f5petus 6.klass II kooliastme \u00f5pitulemused Inimese\u00f5petus 7.klass Inimese\u00f5petus 8.klass III kooliastme \u00f5pitulemused<\/p>\n","protected":false},"author":1,"featured_media":0,"parent":0,"menu_order":0,"comment_status":"closed","ping_status":"closed","template":"","meta":{"_crdt_document":"","_uag_custom_page_level_css":"","footnotes":""},"class_list":["post-3003","page","type-page","status-publish","hentry"],"uagb_featured_image_src":{"full":false,"thumbnail":false,"medium":false,"medium_large":false,"large":false,"1536x1536":false,"2048x2048":false,"post-thumbnail":false},"uagb_author_info":{"display_name":"admin","author_link":"https:\/\/laiusepk.edu.ee\/?author=1"},"uagb_comment_info":0,"uagb_excerpt":"\u00d5ppeaine kirjeldus Inimese\u00f5petus 2.klass Inimese\u00f5petus 3.klass I kooliastme \u00f5pitulemused Inimese\u00f5petus 5.klass Inimese\u00f5petus 6.klass II kooliastme \u00f5pitulemused Inimese\u00f5petus 7.klass Inimese\u00f5petus 8.klass III kooliastme \u00f5pitulemused","_links":{"self":[{"href":"https:\/\/laiusepk.edu.ee\/index.php?rest_route=\/wp\/v2\/pages\/3003","targetHints":{"allow":["GET"]}}],"collection":[{"href":"https:\/\/laiusepk.edu.ee\/index.php?rest_route=\/wp\/v2\/pages"}],"about":[{"href":"https:\/\/laiusepk.edu.ee\/index.php?rest_route=\/wp\/v2\/types\/page"}],"author":[{"embeddable":true,"href":"https:\/\/laiusepk.edu.ee\/index.php?rest_route=\/wp\/v2\/users\/1"}],"replies":[{"embeddable":true,"href":"https:\/\/laiusepk.edu.ee\/index.php?rest_route=%2Fwp%2Fv2%2Fcomments&post=3003"}],"version-history":[{"count":3,"href":"https:\/\/laiusepk.edu.ee\/index.php?rest_route=\/wp\/v2\/pages\/3003\/revisions"}],"predecessor-version":[{"id":3017,"href":"https:\/\/laiusepk.edu.ee\/index.php?rest_route=\/wp\/v2\/pages\/3003\/revisions\/3017"}],"wp:attachment":[{"href":"https:\/\/laiusepk.edu.ee\/index.php?rest_route=%2Fwp%2Fv2%2Fmedia&parent=3003"}],"curies":[{"name":"wp","href":"https:\/\/api.w.org\/{rel}","templated":true}]}}