{"id":283,"date":"2018-08-06T16:09:53","date_gmt":"2018-08-06T14:09:53","guid":{"rendered":"http:\/\/laiusepk.edu.ee\/?page_id=283"},"modified":"2025-08-29T09:15:30","modified_gmt":"2025-08-29T07:15:30","slug":"opilased","status":"publish","type":"page","link":"https:\/\/laiusepk.edu.ee\/?page_id=283","title":{"rendered":"\u00d5pilased"},"content":{"rendered":"<table style=\"width: 100%; height: 426px;\" width=\"448\">\n<tbody>\n<tr style=\"height: 27px;\">\n<td style=\"width: 67.1007%; height: 27px;\" colspan=\"5\" width=\"320\"><strong><span style=\"font-family: 'times new roman', times, serif; font-size: 14pt;\">2025\/26 \u00d5PPEAASTA<\/span><\/strong><\/td>\n<td style=\"width: 25.4438%; height: 27px;\" width=\"64\"><\/td>\n<\/tr>\n<tr style=\"height: 25px;\">\n<td style=\"width: 23.787%; height: 25px;\"><\/td>\n<td style=\"width: 0.591716%; height: 25px;\"><\/td>\n<td style=\"width: 23.6687%; height: 25px;\"><\/td>\n<td style=\"width: 0.591716%; height: 25px;\"><\/td>\n<td style=\"width: 18.4616%; height: 25px;\"><\/td>\n<td style=\"width: 25.4438%; height: 25px;\"><\/td>\n<\/tr>\n<tr style=\"height: 25px;\">\n<td style=\"width: 23.787%; height: 25px;\"><\/td>\n<td style=\"width: 0.591716%; height: 25px;\"><\/td>\n<td style=\"width: 23.6687%; height: 25px;\"><\/td>\n<td style=\"width: 0.591716%; height: 25px;\"><\/td>\n<td style=\"width: 18.4616%; height: 25px;\"><\/td>\n<td style=\"width: 25.4438%; height: 25px;\"><\/td>\n<\/tr>\n<tr style=\"height: 27px;\">\n<td style=\"width: 67.1007%; height: 27px;\" colspan=\"5\"><span style=\"font-size: 14pt; font-family: 'times new roman', times, serif;\">\u00d5pilaste arvud klassides<\/span><\/td>\n<td style=\"width: 25.4438%; height: 27px;\"><\/td>\n<\/tr>\n<tr style=\"height: 25px;\">\n<td style=\"width: 23.787%; height: 25px;\"><\/td>\n<td style=\"width: 0.591716%; height: 25px;\"><\/td>\n<td style=\"width: 23.6687%; height: 25px;\"><\/td>\n<td style=\"width: 0.591716%; height: 25px;\"><\/td>\n<td style=\"width: 18.4616%; height: 25px;\"><\/td>\n<td style=\"width: 25.4438%; text-align: center; height: 25px;\"><\/td>\n<\/tr>\n<tr style=\"height: 27px;\">\n<td style=\"width: 23.787%; text-align: center; height: 27px;\"><\/td>\n<td style=\"width: 0.591716%; text-align: center; height: 27px;\"><\/td>\n<td style=\"width: 23.6687%; text-align: left; height: 27px;\"><span style=\"font-size: 14pt; font-family: 'times new roman', times, serif;\">kokku<\/span><\/td>\n<td style=\"width: 0.591716%; height: 27px;\"><\/td>\n<td style=\"width: 18.4616%; text-align: left; height: 27px;\"><span style=\"font-size: 14pt; font-family: 'times new roman', times, serif;\">t\u00fcdrukud<\/span><\/td>\n<td style=\"width: 25.4438%; text-align: left; height: 27px;\"><span style=\"font-size: 14pt; font-family: 'times new roman', times, serif;\">poisid<\/span><\/td>\n<\/tr>\n<tr style=\"height: 27px;\">\n<td style=\"width: 23.787%; height: 27px;\"><span style=\"font-size: 14pt; font-family: 'times new roman', times, serif;\">1.kl<\/span><\/td>\n<td style=\"width: 0.591716%; height: 27px;\"><\/td>\n<td style=\"width: 23.6687%; height: 27px;\"><span style=\"font-size: 14pt; font-family: 'times new roman', times, serif;\">7<\/span><\/td>\n<td style=\"width: 0.591716%; height: 27px;\"><\/td>\n<td style=\"width: 18.4616%; height: 27px;\"><span style=\"font-size: 14pt; font-family: 'times new roman', times, serif;\">2<\/span><\/td>\n<td style=\"width: 25.4438%; height: 27px;\"><span style=\"font-size: 14pt; font-family: 'times new roman', times, serif;\">5<\/span><\/td>\n<\/tr>\n<tr style=\"height: 27px;\">\n<td style=\"width: 23.787%; height: 27px;\"><span style=\"font-size: 14pt; font-family: 'times new roman', times, serif;\">2.kl<\/span><\/td>\n<td style=\"width: 0.591716%; height: 27px;\"><\/td>\n<td style=\"width: 23.6687%; height: 27px;\"><span style=\"font-size: 14pt; font-family: 'times new roman', times, serif;\">2<\/span><\/td>\n<td style=\"width: 0.591716%; height: 27px;\"><\/td>\n<td style=\"width: 18.4616%; height: 27px;\"><span style=\"font-size: 14pt; font-family: 'times new roman', times, serif;\">2<\/span><\/td>\n<td style=\"width: 25.4438%; height: 27px;\"><span style=\"font-size: 14pt; font-family: 'times new roman', times, serif;\">0<\/span><\/td>\n<\/tr>\n<tr style=\"height: 27px;\">\n<td style=\"width: 23.787%; height: 27px;\"><span style=\"font-size: 14pt; font-family: 'times new roman', times, serif;\">3.kl<\/span><\/td>\n<td style=\"width: 0.591716%; height: 27px;\"><\/td>\n<td style=\"width: 23.6687%; height: 27px;\"><span style=\"font-size: 14pt; font-family: 'times new roman', times, serif;\">4<\/span><\/td>\n<td style=\"width: 0.591716%; height: 27px;\"><\/td>\n<td style=\"width: 18.4616%; height: 27px;\"><span style=\"font-size: 14pt; font-family: 'times new roman', times, serif;\">2<\/span><\/td>\n<td style=\"width: 25.4438%; height: 27px;\"><span style=\"font-size: 14pt; font-family: 'times new roman', times, serif;\">2<\/span><\/td>\n<\/tr>\n<tr style=\"height: 27px;\">\n<td style=\"width: 23.787%; height: 27px;\"><span style=\"font-size: 14pt; font-family: 'times new roman', times, serif;\">4.kl<\/span><\/td>\n<td style=\"width: 0.591716%; height: 27px;\"><\/td>\n<td style=\"width: 23.6687%; height: 27px;\"><span style=\"font-size: 14pt; font-family: 'times new roman', times, serif;\">11<\/span><\/td>\n<td style=\"width: 0.591716%; height: 27px;\"><\/td>\n<td style=\"width: 18.4616%; height: 27px;\"><span style=\"font-size: 14pt; font-family: 'times new roman', times, serif;\">4<\/span><\/td>\n<td style=\"width: 25.4438%; height: 27px;\"><span style=\"font-size: 14pt; font-family: 'times new roman', times, serif;\">7<\/span><\/td>\n<\/tr>\n<tr style=\"height: 27px;\">\n<td style=\"width: 23.787%; height: 27px;\"><span style=\"font-size: 14pt; font-family: 'times new roman', times, serif;\">5.kl<\/span><\/td>\n<td style=\"width: 0.591716%; height: 27px;\"><\/td>\n<td style=\"width: 23.6687%; height: 27px;\"><span style=\"font-size: 14pt; font-family: 'times new roman', times, serif;\">9<\/span><\/td>\n<td style=\"width: 0.591716%; height: 27px;\"><\/td>\n<td style=\"width: 18.4616%; height: 27px;\"><span style=\"font-size: 14pt; font-family: 'times new roman', times, serif;\">4<\/span><\/td>\n<td style=\"width: 25.4438%; height: 27px;\"><span style=\"font-size: 14pt; font-family: 'times new roman', times, serif;\">5<\/span><\/td>\n<\/tr>\n<tr style=\"height: 27px;\">\n<td style=\"width: 23.787%; height: 27px;\"><span style=\"font-size: 14pt; font-family: 'times new roman', times, serif;\">6.kl<\/span><\/td>\n<td style=\"width: 0.591716%; height: 27px;\"><\/td>\n<td style=\"width: 23.6687%; height: 27px;\"><span style=\"font-size: 14pt; font-family: 'times new roman', times, serif;\">11<\/span><\/td>\n<td style=\"width: 0.591716%; height: 27px;\"><\/td>\n<td style=\"width: 18.4616%; height: 27px;\"><span style=\"font-size: 14pt; font-family: 'times new roman', times, serif;\">3<\/span><\/td>\n<td style=\"width: 25.4438%; height: 27px;\"><span style=\"font-size: 14pt; font-family: 'times new roman', times, serif;\">8<\/span><\/td>\n<\/tr>\n<tr style=\"height: 27px;\">\n<td style=\"width: 23.787%; height: 27px;\"><span style=\"font-size: 14pt; font-family: 'times new roman', times, serif;\">7.kl<\/span><\/td>\n<td style=\"width: 0.591716%; height: 27px;\"><\/td>\n<td style=\"width: 23.6687%; height: 27px;\"><span style=\"font-size: 14pt; font-family: 'times new roman', times, serif;\">7<\/span><\/td>\n<td style=\"width: 0.591716%; height: 27px;\"><\/td>\n<td style=\"width: 18.4616%; height: 27px;\"><span style=\"font-size: 14pt; font-family: 'times new roman', times, serif;\">3<\/span><\/td>\n<td style=\"width: 25.4438%; height: 27px;\"><span style=\"font-size: 14pt; font-family: 'times new roman', times, serif;\">4<\/span><\/td>\n<\/tr>\n<tr style=\"height: 27px;\">\n<td style=\"width: 23.787%; height: 27px;\"><span style=\"font-size: 14pt; font-family: 'times new roman', times, serif;\">8.kl<\/span><\/td>\n<td style=\"width: 0.591716%; height: 27px;\"><\/td>\n<td style=\"width: 23.6687%; height: 27px;\"><span style=\"font-size: 14pt; font-family: 'times new roman', times, serif;\">10<\/span><\/td>\n<td style=\"width: 0.591716%; height: 27px;\"><\/td>\n<td style=\"width: 18.4616%; height: 27px;\"><span style=\"font-size: 14pt; font-family: 'times new roman', times, serif;\">4<\/span><\/td>\n<td style=\"width: 25.4438%; height: 27px;\"><span style=\"font-size: 14pt; font-family: 'times new roman', times, serif;\">6<\/span><\/td>\n<\/tr>\n<tr style=\"height: 27px;\">\n<td style=\"width: 23.787%; height: 27px;\"><span style=\"font-size: 14pt; font-family: 'times new roman', times, serif;\">9.kl<\/span><\/td>\n<td style=\"width: 0.591716%; height: 27px;\"><\/td>\n<td style=\"width: 23.6687%; height: 27px;\"><span style=\"font-size: 14pt; font-family: 'times new roman', times, serif;\">14<\/span><\/td>\n<td style=\"width: 0.591716%; height: 27px;\"><\/td>\n<td style=\"width: 18.4616%; height: 27px;\"><span style=\"font-size: 14pt; font-family: 'times new roman', times, serif;\">8<\/span><\/td>\n<td style=\"width: 25.4438%; height: 27px;\"><span style=\"font-size: 14pt; font-family: 'times new roman', times, serif;\">6<\/span><\/td>\n<\/tr>\n<tr style=\"height: 27px;\">\n<td style=\"width: 23.787%; height: 27px;\"><span style=\"font-size: 14pt; font-family: 'times new roman', times, serif;\">kokku<\/span><\/td>\n<td style=\"width: 0.591716%; height: 27px;\"><\/td>\n<td style=\"width: 23.6687%; height: 27px;\"><span style=\"font-size: 14pt; font-family: 'times new roman', times, serif;\">75<\/span><\/td>\n<td style=\"width: 0.591716%; height: 27px;\"><\/td>\n<td style=\"width: 18.4616%; height: 27px;\"><span style=\"font-size: 14pt; font-family: 'times new roman', times, serif;\">32<\/span><\/td>\n<td style=\"width: 25.4438%; height: 27px;\"><span style=\"font-size: 14pt; font-family: 'times new roman', times, serif;\">43<\/span><\/td>\n<\/tr>\n<\/tbody>\n<\/table>\n<p><strong>\u00a0\u00a0\u00a0\u00a0\u00a0\u00a0\u00a0\u00a0<\/strong><\/p>\n","protected":false},"excerpt":{"rendered":"<p>2025\/26 \u00d5PPEAASTA \u00d5pilaste arvud klassides kokku t\u00fcdrukud poisid 1.kl 7 2 5 2.kl 2 2 0 3.kl 4 2 2 4.kl 11 4 7 5.kl 9 4 5 6.kl 11 3 8 7.kl 7 3 4 8.kl 10 4 6 9.kl 14 8 6 kokku 75 32 43 \u00a0\u00a0\u00a0\u00a0\u00a0\u00a0\u00a0\u00a0<\/p>\n","protected":false},"author":1,"featured_media":0,"parent":0,"menu_order":0,"comment_status":"closed","ping_status":"closed","template":"","meta":{"_crdt_document":"","_uag_custom_page_level_css":"","footnotes":""},"class_list":["post-283","page","type-page","status-publish","hentry"],"uagb_featured_image_src":{"full":false,"thumbnail":false,"medium":false,"medium_large":false,"large":false,"1536x1536":false,"2048x2048":false,"post-thumbnail":false},"uagb_author_info":{"display_name":"admin","author_link":"https:\/\/laiusepk.edu.ee\/?author=1"},"uagb_comment_info":0,"uagb_excerpt":"2025\/26 \u00d5PPEAASTA \u00d5pilaste arvud klassides kokku t\u00fcdrukud poisid 1.kl 7 2 5 2.kl 2 2 0 3.kl 4 2 2 4.kl 11 4 7 5.kl 9 4 5 6.kl 11 3 8 7.kl 7 3 4 8.kl 10 4 6 9.kl 14 8 6 kokku 75 32 43 \u00a0\u00a0\u00a0\u00a0\u00a0\u00a0\u00a0\u00a0","_links":{"self":[{"href":"https:\/\/laiusepk.edu.ee\/index.php?rest_route=\/wp\/v2\/pages\/283","targetHints":{"allow":["GET"]}}],"collection":[{"href":"https:\/\/laiusepk.edu.ee\/index.php?rest_route=\/wp\/v2\/pages"}],"about":[{"href":"https:\/\/laiusepk.edu.ee\/index.php?rest_route=\/wp\/v2\/types\/page"}],"author":[{"embeddable":true,"href":"https:\/\/laiusepk.edu.ee\/index.php?rest_route=\/wp\/v2\/users\/1"}],"replies":[{"embeddable":true,"href":"https:\/\/laiusepk.edu.ee\/index.php?rest_route=%2Fwp%2Fv2%2Fcomments&post=283"}],"version-history":[{"count":30,"href":"https:\/\/laiusepk.edu.ee\/index.php?rest_route=\/wp\/v2\/pages\/283\/revisions"}],"predecessor-version":[{"id":2959,"href":"https:\/\/laiusepk.edu.ee\/index.php?rest_route=\/wp\/v2\/pages\/283\/revisions\/2959"}],"wp:attachment":[{"href":"https:\/\/laiusepk.edu.ee\/index.php?rest_route=%2Fwp%2Fv2%2Fmedia&parent=283"}],"curies":[{"name":"wp","href":"https:\/\/api.w.org\/{rel}","templated":true}]}}