{"id":2801,"date":"2025-01-20T11:27:00","date_gmt":"2025-01-20T09:27:00","guid":{"rendered":"https:\/\/laiusepk.edu.ee\/?page_id=2801"},"modified":"2025-10-29T15:32:12","modified_gmt":"2025-10-29T13:32:12","slug":"fuusika","status":"publish","type":"page","link":"https:\/\/laiusepk.edu.ee\/?page_id=2801","title":{"rendered":"F\u00fc\u00fcsika"},"content":{"rendered":"<p><a href=\"https:\/\/laiusepk.edu.ee\/wp-content\/uploads\/2025\/10\/Fuusika-8.klass_.pdf\"><span style=\"font-family: 'times new roman', times, serif; font-size: 12pt;\">F\u00fc\u00fcsika 8.klass<\/span><\/a><\/p>\n<p><a href=\"https:\/\/laiusepk.edu.ee\/wp-content\/uploads\/2025\/10\/Fuusika-9.klass_.pdf\"><span style=\"font-family: 'times new roman', times, serif; font-size: 12pt;\">F\u00fc\u00fcsika 9.klass<\/span><\/a><\/p>\n","protected":false},"excerpt":{"rendered":"<p>F\u00fc\u00fcsika 8.klass F\u00fc\u00fcsika 9.klass<\/p>\n","protected":false},"author":1,"featured_media":0,"parent":0,"menu_order":0,"comment_status":"closed","ping_status":"closed","template":"","meta":{"_crdt_document":"","_uag_custom_page_level_css":"","footnotes":""},"class_list":["post-2801","page","type-page","status-publish","hentry"],"uagb_featured_image_src":{"full":false,"thumbnail":false,"medium":false,"medium_large":false,"large":false,"1536x1536":false,"2048x2048":false,"post-thumbnail":false},"uagb_author_info":{"display_name":"admin","author_link":"https:\/\/laiusepk.edu.ee\/?author=1"},"uagb_comment_info":0,"uagb_excerpt":"F\u00fc\u00fcsika 8.klass F\u00fc\u00fcsika 9.klass","_links":{"self":[{"href":"https:\/\/laiusepk.edu.ee\/index.php?rest_route=\/wp\/v2\/pages\/2801","targetHints":{"allow":["GET"]}}],"collection":[{"href":"https:\/\/laiusepk.edu.ee\/index.php?rest_route=\/wp\/v2\/pages"}],"about":[{"href":"https:\/\/laiusepk.edu.ee\/index.php?rest_route=\/wp\/v2\/types\/page"}],"author":[{"embeddable":true,"href":"https:\/\/laiusepk.edu.ee\/index.php?rest_route=\/wp\/v2\/users\/1"}],"replies":[{"embeddable":true,"href":"https:\/\/laiusepk.edu.ee\/index.php?rest_route=%2Fwp%2Fv2%2Fcomments&post=2801"}],"version-history":[{"count":3,"href":"https:\/\/laiusepk.edu.ee\/index.php?rest_route=\/wp\/v2\/pages\/2801\/revisions"}],"predecessor-version":[{"id":3045,"href":"https:\/\/laiusepk.edu.ee\/index.php?rest_route=\/wp\/v2\/pages\/2801\/revisions\/3045"}],"wp:attachment":[{"href":"https:\/\/laiusepk.edu.ee\/index.php?rest_route=%2Fwp%2Fv2%2Fmedia&parent=2801"}],"curies":[{"name":"wp","href":"https:\/\/api.w.org\/{rel}","templated":true}]}}