{"id":2691,"date":"2024-11-11T11:24:35","date_gmt":"2024-11-11T09:24:35","guid":{"rendered":"https:\/\/laiusepk.edu.ee\/?page_id=2691"},"modified":"2025-10-29T15:28:57","modified_gmt":"2025-10-29T13:28:57","slug":"ettevotlusopetus","status":"publish","type":"page","link":"https:\/\/laiusepk.edu.ee\/?page_id=2691","title":{"rendered":"Ettev\u00f5tlus\u00f5petus"},"content":{"rendered":"<p><a href=\"https:\/\/laiusepk.edu.ee\/wp-content\/uploads\/2024\/11\/valikoppeaine_ettevotlusopetus.pdf\"><span style=\"font-family: 'times new roman', times, serif; font-size: 12pt;\">\u00dcldosa ja \u00f5pitulemused<\/span><\/a><\/p>\n<p><a href=\"https:\/\/laiusepk.edu.ee\/wp-content\/uploads\/2025\/10\/Ettevotlusopetus_ainekava_8klass.pdf\"><span style=\"font-family: 'times new roman', times, serif; font-size: 12pt;\">Ettev\u00f5tlus\u00f5petus 8.klass<\/span><\/a><\/p>\n<p><span style=\"font-family: 'times new roman', times, serif; font-size: 12pt;\"><a href=\"https:\/\/laiusepk.edu.ee\/wp-content\/uploads\/2024\/11\/Ettevotlusopetus_ainekava_9klass.pdf\">Ettev\u00f5tlus\u00f5petus 9.klass<\/a><\/span><\/p>\n","protected":false},"excerpt":{"rendered":"<p>\u00dcldosa ja \u00f5pitulemused Ettev\u00f5tlus\u00f5petus 8.klass Ettev\u00f5tlus\u00f5petus 9.klass<\/p>\n","protected":false},"author":1,"featured_media":0,"parent":0,"menu_order":0,"comment_status":"closed","ping_status":"closed","template":"","meta":{"_crdt_document":"","_uag_custom_page_level_css":"","footnotes":""},"class_list":["post-2691","page","type-page","status-publish","hentry"],"uagb_featured_image_src":{"full":false,"thumbnail":false,"medium":false,"medium_large":false,"large":false,"1536x1536":false,"2048x2048":false,"post-thumbnail":false},"uagb_author_info":{"display_name":"admin","author_link":"https:\/\/laiusepk.edu.ee\/?author=1"},"uagb_comment_info":0,"uagb_excerpt":"\u00dcldosa ja \u00f5pitulemused Ettev\u00f5tlus\u00f5petus 8.klass Ettev\u00f5tlus\u00f5petus 9.klass","_links":{"self":[{"href":"https:\/\/laiusepk.edu.ee\/index.php?rest_route=\/wp\/v2\/pages\/2691","targetHints":{"allow":["GET"]}}],"collection":[{"href":"https:\/\/laiusepk.edu.ee\/index.php?rest_route=\/wp\/v2\/pages"}],"about":[{"href":"https:\/\/laiusepk.edu.ee\/index.php?rest_route=\/wp\/v2\/types\/page"}],"author":[{"embeddable":true,"href":"https:\/\/laiusepk.edu.ee\/index.php?rest_route=\/wp\/v2\/users\/1"}],"replies":[{"embeddable":true,"href":"https:\/\/laiusepk.edu.ee\/index.php?rest_route=%2Fwp%2Fv2%2Fcomments&post=2691"}],"version-history":[{"count":4,"href":"https:\/\/laiusepk.edu.ee\/index.php?rest_route=\/wp\/v2\/pages\/2691\/revisions"}],"predecessor-version":[{"id":3041,"href":"https:\/\/laiusepk.edu.ee\/index.php?rest_route=\/wp\/v2\/pages\/2691\/revisions\/3041"}],"wp:attachment":[{"href":"https:\/\/laiusepk.edu.ee\/index.php?rest_route=%2Fwp%2Fv2%2Fmedia&parent=2691"}],"curies":[{"name":"wp","href":"https:\/\/api.w.org\/{rel}","templated":true}]}}