{"id":2642,"date":"2024-11-08T10:10:00","date_gmt":"2024-11-08T08:10:00","guid":{"rendered":"https:\/\/laiusepk.edu.ee\/?page_id=2642"},"modified":"2024-11-11T09:09:11","modified_gmt":"2024-11-11T07:09:11","slug":"matemaatika","status":"publish","type":"page","link":"https:\/\/laiusepk.edu.ee\/?page_id=2642","title":{"rendered":"Matemaatika"},"content":{"rendered":"<p><span style=\"font-family: 'times new roman', times, serif; font-size: 12pt;\"><a href=\"https:\/\/laiusepk.edu.ee\/wp-content\/uploads\/2024\/11\/Matemaatika_Yldosa.pdf\">\u00dcldosa<\/a><\/span><\/p>\n<p><a href=\"https:\/\/laiusepk.edu.ee\/wp-content\/uploads\/2024\/11\/Matemaatika-1.-kl.pdf\"><span style=\"font-family: 'times new roman', times, serif; font-size: 12pt;\">Matemaatika 1.klass<\/span><\/a><\/p>\n<p><span style=\"font-family: 'times new roman', times, serif; font-size: 12pt;\"><a href=\"https:\/\/laiusepk.edu.ee\/wp-content\/uploads\/2024\/11\/Matemaatika-2.kl_.pdf\">Matemaatika 2.klass<\/a><\/span><\/p>\n<p><span style=\"font-family: 'times new roman', times, serif; font-size: 12pt;\"><a href=\"https:\/\/laiusepk.edu.ee\/wp-content\/uploads\/2024\/11\/Matemaatika-3.-kl.pdf\">Matemaatika 3.klass<\/a><\/span><\/p>\n<p><span style=\"font-family: 'times new roman', times, serif; font-size: 12pt;\"><a href=\"https:\/\/laiusepk.edu.ee\/wp-content\/uploads\/2024\/11\/1.-kooliasteme-opitulemused.pdf\">I kooliastme \u00f5pitulemused<\/a><\/span><\/p>\n<p><span style=\"font-family: 'times new roman', times, serif; font-size: 12pt;\"><a href=\"https:\/\/laiusepk.edu.ee\/wp-content\/uploads\/2024\/11\/Matemaatika-4.-kl.pdf\">Matemaatika 4.klass<\/a><\/span><\/p>\n<p><span style=\"font-family: 'times new roman', times, serif; font-size: 12pt;\"><a href=\"https:\/\/laiusepk.edu.ee\/wp-content\/uploads\/2024\/11\/Matemaatika_5klass.pdf\">Matemaatika 5.klass<\/a><\/span><\/p>\n<p><span style=\"font-family: 'times new roman', times, serif; font-size: 12pt;\"><a href=\"https:\/\/laiusepk.edu.ee\/wp-content\/uploads\/2024\/11\/Matemaatika_6klass.pdf\">Matemaatika 6.klass<\/a><\/span><\/p>\n<p><span style=\"font-family: 'times new roman', times, serif; font-size: 12pt;\"><a href=\"https:\/\/laiusepk.edu.ee\/wp-content\/uploads\/2024\/11\/2.kooliastme-opitulemused.pdf\">II kooliastme \u00f5pitulemused<\/a><\/span><\/p>\n<p><span style=\"font-family: 'times new roman', times, serif; font-size: 12pt;\"><a href=\"https:\/\/laiusepk.edu.ee\/wp-content\/uploads\/2024\/11\/Matemaatika_7klass.pdf\">Matemaatika 7.klass<\/a><\/span><\/p>\n<p><span style=\"font-family: 'times new roman', times, serif; font-size: 12pt;\"><a href=\"https:\/\/laiusepk.edu.ee\/wp-content\/uploads\/2024\/11\/Matemaatika_8klass.pdf\">Matemaatika 8.klass<\/a><\/span><\/p>\n<p><span style=\"font-family: 'times new roman', times, serif; font-size: 12pt;\"><a href=\"https:\/\/laiusepk.edu.ee\/wp-content\/uploads\/2024\/11\/Matemaatika_9klass.pdf\">Matemaatika 9.klass<\/a><\/span><\/p>\n<p><span style=\"font-family: 'times new roman', times, serif; font-size: 12pt;\"><a href=\"https:\/\/laiusepk.edu.ee\/wp-content\/uploads\/2024\/11\/3.kooliastme-opitulemused.pdf\">III kooliastme \u00f5pitulemused<\/a><\/span><\/p>\n","protected":false},"excerpt":{"rendered":"<p>\u00dcldosa Matemaatika 1.klass Matemaatika 2.klass Matemaatika 3.klass I kooliastme \u00f5pitulemused Matemaatika 4.klass Matemaatika 5.klass Matemaatika 6.klass II kooliastme \u00f5pitulemused Matemaatika 7.klass Matemaatika 8.klass Matemaatika 9.klass III kooliastme \u00f5pitulemused<\/p>\n","protected":false},"author":1,"featured_media":0,"parent":0,"menu_order":0,"comment_status":"closed","ping_status":"closed","template":"","meta":{"_crdt_document":"","_uag_custom_page_level_css":"","footnotes":""},"class_list":["post-2642","page","type-page","status-publish","hentry"],"uagb_featured_image_src":{"full":false,"thumbnail":false,"medium":false,"medium_large":false,"large":false,"1536x1536":false,"2048x2048":false,"post-thumbnail":false},"uagb_author_info":{"display_name":"admin","author_link":"https:\/\/laiusepk.edu.ee\/?author=1"},"uagb_comment_info":0,"uagb_excerpt":"\u00dcldosa Matemaatika 1.klass Matemaatika 2.klass Matemaatika 3.klass I kooliastme \u00f5pitulemused Matemaatika 4.klass Matemaatika 5.klass Matemaatika 6.klass II kooliastme \u00f5pitulemused Matemaatika 7.klass Matemaatika 8.klass Matemaatika 9.klass III kooliastme \u00f5pitulemused","_links":{"self":[{"href":"https:\/\/laiusepk.edu.ee\/index.php?rest_route=\/wp\/v2\/pages\/2642","targetHints":{"allow":["GET"]}}],"collection":[{"href":"https:\/\/laiusepk.edu.ee\/index.php?rest_route=\/wp\/v2\/pages"}],"about":[{"href":"https:\/\/laiusepk.edu.ee\/index.php?rest_route=\/wp\/v2\/types\/page"}],"author":[{"embeddable":true,"href":"https:\/\/laiusepk.edu.ee\/index.php?rest_route=\/wp\/v2\/users\/1"}],"replies":[{"embeddable":true,"href":"https:\/\/laiusepk.edu.ee\/index.php?rest_route=%2Fwp%2Fv2%2Fcomments&post=2642"}],"version-history":[{"count":5,"href":"https:\/\/laiusepk.edu.ee\/index.php?rest_route=\/wp\/v2\/pages\/2642\/revisions"}],"predecessor-version":[{"id":2678,"href":"https:\/\/laiusepk.edu.ee\/index.php?rest_route=\/wp\/v2\/pages\/2642\/revisions\/2678"}],"wp:attachment":[{"href":"https:\/\/laiusepk.edu.ee\/index.php?rest_route=%2Fwp%2Fv2%2Fmedia&parent=2642"}],"curies":[{"name":"wp","href":"https:\/\/api.w.org\/{rel}","templated":true}]}}