{"id":2561,"date":"2024-11-06T13:02:42","date_gmt":"2024-11-06T11:02:42","guid":{"rendered":"https:\/\/laiusepk.edu.ee\/?page_id=2561"},"modified":"2024-11-06T13:40:16","modified_gmt":"2024-11-06T11:40:16","slug":"sotsiaalained-2","status":"publish","type":"page","link":"https:\/\/laiusepk.edu.ee\/?page_id=2561","title":{"rendered":"Ajalugu"},"content":{"rendered":"<p><a href=\"https:\/\/laiusepk.edu.ee\/wp-content\/uploads\/2024\/11\/Ajaloooppeainekirjeldus.pdf\"><span style=\"font-family: 'times new roman', times, serif; font-size: 12pt;\">\u00d5ppeaine kirjeldus<\/span><\/a><\/p>\n<p><span style=\"font-family: 'times new roman', times, serif; font-size: 12pt;\"><a href=\"https:\/\/laiusepk.edu.ee\/wp-content\/uploads\/2024\/11\/Ajalooainekava5.pdf\">Ajalugu 5.klass<\/a><\/span><\/p>\n<p><span style=\"font-family: 'times new roman', times, serif; font-size: 12pt;\"><a href=\"https:\/\/laiusepk.edu.ee\/wp-content\/uploads\/2024\/11\/Ajalooainekava6.pdf\">Ajalugu 6.klass<\/a><\/span><\/p>\n<p><span style=\"font-family: 'times new roman', times, serif; font-size: 12pt;\"><a href=\"https:\/\/laiusepk.edu.ee\/wp-content\/uploads\/2024\/11\/AjalooIIkooliastmeopitulemused.pdf\">II kooliastme \u00f5pitulemused<\/a><\/span><\/p>\n<p><span style=\"font-family: 'times new roman', times, serif; font-size: 12pt;\"><a href=\"https:\/\/laiusepk.edu.ee\/wp-content\/uploads\/2024\/11\/Ajalooainekava7.pdf\">Ajalugu 7.klass<\/a><\/span><\/p>\n<p><span style=\"font-family: 'times new roman', times, serif; font-size: 12pt;\"><a href=\"https:\/\/laiusepk.edu.ee\/wp-content\/uploads\/2024\/11\/Ajalooainekava8.pdf\">Ajalugu 8.klass<\/a><\/span><\/p>\n<p><span style=\"font-family: 'times new roman', times, serif; font-size: 12pt;\"><a href=\"https:\/\/laiusepk.edu.ee\/wp-content\/uploads\/2024\/11\/Ajalooainekava9.pdf\">Ajalugu 9.klass<\/a><\/span><\/p>\n<p><span style=\"font-family: 'times new roman', times, serif; font-size: 12pt;\"><a href=\"https:\/\/laiusepk.edu.ee\/wp-content\/uploads\/2024\/11\/AjalooIIIkooliastmeopitulemused.pdf\">III kooliastme \u00f5pitulemused<\/a><\/span><\/p>\n","protected":false},"excerpt":{"rendered":"<p>\u00d5ppeaine kirjeldus Ajalugu 5.klass Ajalugu 6.klass II kooliastme \u00f5pitulemused Ajalugu 7.klass Ajalugu 8.klass Ajalugu 9.klass III kooliastme \u00f5pitulemused<\/p>\n","protected":false},"author":1,"featured_media":0,"parent":0,"menu_order":0,"comment_status":"closed","ping_status":"closed","template":"","meta":{"_crdt_document":"","_uag_custom_page_level_css":"","footnotes":""},"class_list":["post-2561","page","type-page","status-publish","hentry"],"uagb_featured_image_src":{"full":false,"thumbnail":false,"medium":false,"medium_large":false,"large":false,"1536x1536":false,"2048x2048":false,"post-thumbnail":false},"uagb_author_info":{"display_name":"admin","author_link":"https:\/\/laiusepk.edu.ee\/?author=1"},"uagb_comment_info":0,"uagb_excerpt":"\u00d5ppeaine kirjeldus Ajalugu 5.klass Ajalugu 6.klass II kooliastme \u00f5pitulemused Ajalugu 7.klass Ajalugu 8.klass Ajalugu 9.klass III kooliastme \u00f5pitulemused","_links":{"self":[{"href":"https:\/\/laiusepk.edu.ee\/index.php?rest_route=\/wp\/v2\/pages\/2561","targetHints":{"allow":["GET"]}}],"collection":[{"href":"https:\/\/laiusepk.edu.ee\/index.php?rest_route=\/wp\/v2\/pages"}],"about":[{"href":"https:\/\/laiusepk.edu.ee\/index.php?rest_route=\/wp\/v2\/types\/page"}],"author":[{"embeddable":true,"href":"https:\/\/laiusepk.edu.ee\/index.php?rest_route=\/wp\/v2\/users\/1"}],"replies":[{"embeddable":true,"href":"https:\/\/laiusepk.edu.ee\/index.php?rest_route=%2Fwp%2Fv2%2Fcomments&post=2561"}],"version-history":[{"count":4,"href":"https:\/\/laiusepk.edu.ee\/index.php?rest_route=\/wp\/v2\/pages\/2561\/revisions"}],"predecessor-version":[{"id":2593,"href":"https:\/\/laiusepk.edu.ee\/index.php?rest_route=\/wp\/v2\/pages\/2561\/revisions\/2593"}],"wp:attachment":[{"href":"https:\/\/laiusepk.edu.ee\/index.php?rest_route=%2Fwp%2Fv2%2Fmedia&parent=2561"}],"curies":[{"name":"wp","href":"https:\/\/api.w.org\/{rel}","templated":true}]}}