{"id":2559,"date":"2024-11-06T11:49:19","date_gmt":"2024-11-06T09:49:19","guid":{"rendered":"https:\/\/laiusepk.edu.ee\/?page_id=2559"},"modified":"2025-10-28T08:10:35","modified_gmt":"2025-10-28T06:10:35","slug":"sotsiaalained","status":"publish","type":"page","link":"https:\/\/laiusepk.edu.ee\/?page_id=2559","title":{"rendered":"Sotsiaalained"},"content":{"rendered":"<p><a href=\"https:\/\/laiusepk.edu.ee\/wp-content\/uploads\/2024\/11\/Sotsiaalainete_uldosa.pdf\"><span style=\"font-family: 'times new roman', times, serif; font-size: 12pt;\">\u00dcldosa<\/span><\/a><\/p>\n<p><a href=\"https:\/\/laiusepk.edu.ee\/?page_id=3003\"><span style=\"font-family: 'times new roman', times, serif; font-size: 12pt;\">Inimese\u00f5petus<\/span><\/a><\/p>\n<p><span style=\"font-family: 'times new roman', times, serif; font-size: 12pt;\"><a href=\"https:\/\/laiusepk.edu.ee\/?page_id=2561\">Ajalugu<\/a><\/span><\/p>\n<p><a href=\"https:\/\/laiusepk.edu.ee\/?page_id=2595\"><span style=\"font-family: 'times new roman', times, serif; font-size: 12pt;\">\u00dchiskonna\u00f5petus<\/span><\/a><\/p>\n","protected":false},"excerpt":{"rendered":"<p>\u00dcldosa Inimese\u00f5petus Ajalugu \u00dchiskonna\u00f5petus<\/p>\n","protected":false},"author":1,"featured_media":0,"parent":0,"menu_order":0,"comment_status":"closed","ping_status":"closed","template":"","meta":{"_crdt_document":"","_uag_custom_page_level_css":"","footnotes":""},"class_list":["post-2559","page","type-page","status-publish","hentry"],"uagb_featured_image_src":{"full":false,"thumbnail":false,"medium":false,"medium_large":false,"large":false,"1536x1536":false,"2048x2048":false,"post-thumbnail":false},"uagb_author_info":{"display_name":"admin","author_link":"https:\/\/laiusepk.edu.ee\/?author=1"},"uagb_comment_info":0,"uagb_excerpt":"\u00dcldosa Inimese\u00f5petus Ajalugu \u00dchiskonna\u00f5petus","_links":{"self":[{"href":"https:\/\/laiusepk.edu.ee\/index.php?rest_route=\/wp\/v2\/pages\/2559","targetHints":{"allow":["GET"]}}],"collection":[{"href":"https:\/\/laiusepk.edu.ee\/index.php?rest_route=\/wp\/v2\/pages"}],"about":[{"href":"https:\/\/laiusepk.edu.ee\/index.php?rest_route=\/wp\/v2\/types\/page"}],"author":[{"embeddable":true,"href":"https:\/\/laiusepk.edu.ee\/index.php?rest_route=\/wp\/v2\/users\/1"}],"replies":[{"embeddable":true,"href":"https:\/\/laiusepk.edu.ee\/index.php?rest_route=%2Fwp%2Fv2%2Fcomments&post=2559"}],"version-history":[{"count":6,"href":"https:\/\/laiusepk.edu.ee\/index.php?rest_route=\/wp\/v2\/pages\/2559\/revisions"}],"predecessor-version":[{"id":3005,"href":"https:\/\/laiusepk.edu.ee\/index.php?rest_route=\/wp\/v2\/pages\/2559\/revisions\/3005"}],"wp:attachment":[{"href":"https:\/\/laiusepk.edu.ee\/index.php?rest_route=%2Fwp%2Fv2%2Fmedia&parent=2559"}],"curies":[{"name":"wp","href":"https:\/\/api.w.org\/{rel}","templated":true}]}}