{"id":2544,"date":"2024-11-06T11:19:25","date_gmt":"2024-11-06T09:19:25","guid":{"rendered":"https:\/\/laiusepk.edu.ee\/?page_id=2544"},"modified":"2024-11-06T13:04:31","modified_gmt":"2024-11-06T11:04:31","slug":"loodusained","status":"publish","type":"page","link":"https:\/\/laiusepk.edu.ee\/?page_id=2544","title":{"rendered":"Loodus\u00f5petus"},"content":{"rendered":"<p><span style=\"font-family: 'times new roman', times, serif; font-size: 12pt;\"><a href=\"https:\/\/laiusepk.edu.ee\/wp-content\/uploads\/2024\/11\/Loodusopetus_oppeaine_kirjeldus.pdf\">\u00d5ppeaine kirjeldus<\/a><\/span><\/p>\n<p><span style=\"font-family: 'times new roman', times, serif; font-size: 12pt;\"><a href=\"https:\/\/laiusepk.edu.ee\/wp-content\/uploads\/2024\/11\/Loodusopetus1.klass_.pdf\">Loodus\u00f5petus 1.klass<\/a><\/span><\/p>\n<p><span style=\"font-family: 'times new roman', times, serif; font-size: 12pt;\"><a href=\"https:\/\/laiusepk.edu.ee\/wp-content\/uploads\/2024\/11\/Loodusopetus2.klass_.pdf\">Loodus\u00f5petus 2.klass<\/a><\/span><\/p>\n<p><span style=\"font-family: 'times new roman', times, serif; font-size: 12pt;\"><a href=\"https:\/\/laiusepk.edu.ee\/wp-content\/uploads\/2024\/11\/Loodusopetus3.klass_.pdf\">Loodus\u00f5petus 3.klass<\/a><\/span><\/p>\n<p><span style=\"font-family: 'times new roman', times, serif; font-size: 12pt;\"><a href=\"https:\/\/laiusepk.edu.ee\/wp-content\/uploads\/2024\/11\/Loodusopetuse-_I_kooliaste_opitulemused.pdf\">I kooliastme \u00f5pitulemused<\/a><\/span><\/p>\n<p><span style=\"font-family: 'times new roman', times, serif; font-size: 12pt;\"><a href=\"https:\/\/laiusepk.edu.ee\/wp-content\/uploads\/2024\/11\/Loodusopetus4.klass_.pdf\">Loodus\u00f5petus 4.klass<\/a><\/span><\/p>\n<p><span style=\"font-family: 'times new roman', times, serif; font-size: 12pt;\"><a href=\"https:\/\/laiusepk.edu.ee\/wp-content\/uploads\/2024\/11\/Loodusopetus5.klass_.pdf\">Loodus\u00f5petus 5.klass<\/a><\/span><\/p>\n<p><span style=\"font-family: 'times new roman', times, serif; font-size: 12pt;\"><a href=\"https:\/\/laiusepk.edu.ee\/wp-content\/uploads\/2024\/11\/Loodusopetus6.klass_.pdf\">Loodus\u00f5petus 6.klass<\/a><\/span><\/p>\n<p><span style=\"font-family: 'times new roman', times, serif; font-size: 12pt;\"><a href=\"https:\/\/laiusepk.edu.ee\/wp-content\/uploads\/2024\/11\/Loodusopetuse-_II_kooliastme_opitulemused.pdf\">II kooliastme \u00f5pitulemused<\/a><\/span><\/p>\n","protected":false},"excerpt":{"rendered":"<p>\u00d5ppeaine kirjeldus Loodus\u00f5petus 1.klass Loodus\u00f5petus 2.klass Loodus\u00f5petus 3.klass I kooliastme \u00f5pitulemused Loodus\u00f5petus 4.klass Loodus\u00f5petus 5.klass Loodus\u00f5petus 6.klass II kooliastme \u00f5pitulemused<\/p>\n","protected":false},"author":1,"featured_media":0,"parent":0,"menu_order":0,"comment_status":"closed","ping_status":"closed","template":"","meta":{"_crdt_document":"","_uag_custom_page_level_css":"","footnotes":""},"class_list":["post-2544","page","type-page","status-publish","hentry"],"uagb_featured_image_src":{"full":false,"thumbnail":false,"medium":false,"medium_large":false,"large":false,"1536x1536":false,"2048x2048":false,"post-thumbnail":false},"uagb_author_info":{"display_name":"admin","author_link":"https:\/\/laiusepk.edu.ee\/?author=1"},"uagb_comment_info":0,"uagb_excerpt":"\u00d5ppeaine kirjeldus Loodus\u00f5petus 1.klass Loodus\u00f5petus 2.klass Loodus\u00f5petus 3.klass I kooliastme \u00f5pitulemused Loodus\u00f5petus 4.klass Loodus\u00f5petus 5.klass Loodus\u00f5petus 6.klass II kooliastme \u00f5pitulemused","_links":{"self":[{"href":"https:\/\/laiusepk.edu.ee\/index.php?rest_route=\/wp\/v2\/pages\/2544","targetHints":{"allow":["GET"]}}],"collection":[{"href":"https:\/\/laiusepk.edu.ee\/index.php?rest_route=\/wp\/v2\/pages"}],"about":[{"href":"https:\/\/laiusepk.edu.ee\/index.php?rest_route=\/wp\/v2\/types\/page"}],"author":[{"embeddable":true,"href":"https:\/\/laiusepk.edu.ee\/index.php?rest_route=\/wp\/v2\/users\/1"}],"replies":[{"embeddable":true,"href":"https:\/\/laiusepk.edu.ee\/index.php?rest_route=%2Fwp%2Fv2%2Fcomments&post=2544"}],"version-history":[{"count":5,"href":"https:\/\/laiusepk.edu.ee\/index.php?rest_route=\/wp\/v2\/pages\/2544\/revisions"}],"predecessor-version":[{"id":2564,"href":"https:\/\/laiusepk.edu.ee\/index.php?rest_route=\/wp\/v2\/pages\/2544\/revisions\/2564"}],"wp:attachment":[{"href":"https:\/\/laiusepk.edu.ee\/index.php?rest_route=%2Fwp%2Fv2%2Fmedia&parent=2544"}],"curies":[{"name":"wp","href":"https:\/\/api.w.org\/{rel}","templated":true}]}}