{"id":254,"date":"2018-08-06T15:39:42","date_gmt":"2018-08-06T13:39:42","guid":{"rendered":"http:\/\/laiusepk.edu.ee\/?page_id=254"},"modified":"2023-11-02T09:15:41","modified_gmt":"2023-11-02T07:15:41","slug":"tublid-tegijad","status":"publish","type":"page","link":"https:\/\/laiusepk.edu.ee\/?page_id=254","title":{"rendered":"Tublid tegijad"},"content":{"rendered":"<p><span style=\"font-family: 'times new roman', times, serif; font-size: 12pt;\"><u>V\u00e4ljav\u00f5te direktori k\u00e4skkirjast nr 3-12\/39\u00a0\u00a0\u00a0 22. 09. 2023<\/u><\/span><\/p>\n<p><span style=\"font-family: 'times new roman', times, serif; font-size: 12pt;\">Avaldan kiitust J\u00f5gevamaa noorte s\u00fcgisjooksukrossi meistriv\u00f5istlustel saavutatud v\u00e4ga heade tulemuste eest:<\/span><\/p>\n<p><span style=\"font-family: 'times new roman', times, serif; font-size: 12pt;\">Johanna Aia (U16 500m) III koht<\/span><br \/>\n<span style=\"font-family: 'times new roman', times, serif; font-size: 12pt;\">Isabell Pungar (U16 1000m) II koht<\/span><\/p>\n<p><span style=\"font-family: 'times new roman', times, serif; font-size: 12pt;\">Avaldan kiitust J\u00f5gevamaa noorte s\u00fcgisjooksukrossi meistriv\u00f5istlustel saavutatud heade tulemuste eest:<\/span><\/p>\n<p><span style=\"font-family: 'times new roman', times, serif; font-size: 12pt;\">Martin Leiten (U10 500m) IV koht<\/span><br \/>\n<span style=\"font-family: 'times new roman', times, serif; font-size: 12pt;\">Karola Aia (U12 500m) IV koht<\/span><br \/>\n<span style=\"font-family: 'times new roman', times, serif; font-size: 12pt;\">Gerda R\u00f5\u00f5mussaar (U16 1000m) VI koht<\/span><\/p>\n<p><span style=\"text-decoration: underline;\"><span style=\"font-family: 'times new roman', times, serif; font-size: 12pt;\">V\u00e4ljav\u00f5te direktori k\u00e4skkirjast nr 3-12\/38 18. 09. 2023<\/span><\/span><\/p>\n<p><span style=\"font-family: 'times new roman', times, serif; font-size: 12pt;\">Avaldan kiitust J\u00f5gevamaa noorte kergej\u00f5ustiku 4-v\u00f5istluse meistriv\u00f5istlustel saavutatud v\u00e4ga heade tulemuste eest:<\/span><\/p>\n<p><span style=\"font-family: 'times new roman', times, serif; font-size: 12pt;\">Johanna Aia (U16) II koht<\/span><br \/>\n<span style=\"font-family: 'times new roman', times, serif; font-size: 12pt;\">Isabell Pungar (U16) III koht<\/span><\/p>\n<p><span style=\"font-family: 'times new roman', times, serif; font-size: 12pt;\">Avaldan kiitust J\u00f5gevamaa noorte kergej\u00f5ustiku 4-v\u00f5istluse meistriv\u00f5istlustel saavutatud heade tulemuste eest:<\/span><\/p>\n<p><span style=\"font-family: 'times new roman', times, serif; font-size: 12pt;\">Karola Aia (U12) IV koht<\/span><\/p>\n","protected":false},"excerpt":{"rendered":"<p>V\u00e4ljav\u00f5te direktori k\u00e4skkirjast nr 3-12\/39\u00a0\u00a0\u00a0 22. 09. 2023 Avaldan kiitust J\u00f5gevamaa noorte s\u00fcgisjooksukrossi meistriv\u00f5istlustel saavutatud v\u00e4ga heade tulemuste eest: Johanna Aia (U16 500m) III koht Isabell Pungar (U16 1000m) II koht Avaldan kiitust J\u00f5gevamaa noorte s\u00fcgisjooksukrossi meistriv\u00f5istlustel saavutatud heade tulemuste eest: Martin Leiten (U10 500m) IV koht Karola Aia (U12 500m) IV koht Gerda R\u00f5\u00f5mussaar&hellip;<\/p>\n","protected":false},"author":1,"featured_media":0,"parent":0,"menu_order":0,"comment_status":"closed","ping_status":"closed","template":"","meta":{"_crdt_document":"","_uag_custom_page_level_css":"","footnotes":""},"class_list":["post-254","page","type-page","status-publish","hentry"],"uagb_featured_image_src":{"full":false,"thumbnail":false,"medium":false,"medium_large":false,"large":false,"1536x1536":false,"2048x2048":false,"post-thumbnail":false},"uagb_author_info":{"display_name":"admin","author_link":"https:\/\/laiusepk.edu.ee\/?author=1"},"uagb_comment_info":0,"uagb_excerpt":"V\u00e4ljav\u00f5te direktori k\u00e4skkirjast nr 3-12\/39\u00a0\u00a0\u00a0 22. 09. 2023 Avaldan kiitust J\u00f5gevamaa noorte s\u00fcgisjooksukrossi meistriv\u00f5istlustel saavutatud v\u00e4ga heade tulemuste eest: Johanna Aia (U16 500m) III koht Isabell Pungar (U16 1000m) II koht Avaldan kiitust J\u00f5gevamaa noorte s\u00fcgisjooksukrossi meistriv\u00f5istlustel saavutatud heade tulemuste eest: Martin Leiten (U10 500m) IV koht Karola Aia (U12 500m) IV koht Gerda R\u00f5\u00f5mussaar&hellip;","_links":{"self":[{"href":"https:\/\/laiusepk.edu.ee\/index.php?rest_route=\/wp\/v2\/pages\/254","targetHints":{"allow":["GET"]}}],"collection":[{"href":"https:\/\/laiusepk.edu.ee\/index.php?rest_route=\/wp\/v2\/pages"}],"about":[{"href":"https:\/\/laiusepk.edu.ee\/index.php?rest_route=\/wp\/v2\/types\/page"}],"author":[{"embeddable":true,"href":"https:\/\/laiusepk.edu.ee\/index.php?rest_route=\/wp\/v2\/users\/1"}],"replies":[{"embeddable":true,"href":"https:\/\/laiusepk.edu.ee\/index.php?rest_route=%2Fwp%2Fv2%2Fcomments&post=254"}],"version-history":[{"count":50,"href":"https:\/\/laiusepk.edu.ee\/index.php?rest_route=\/wp\/v2\/pages\/254\/revisions"}],"predecessor-version":[{"id":2214,"href":"https:\/\/laiusepk.edu.ee\/index.php?rest_route=\/wp\/v2\/pages\/254\/revisions\/2214"}],"wp:attachment":[{"href":"https:\/\/laiusepk.edu.ee\/index.php?rest_route=%2Fwp%2Fv2%2Fmedia&parent=254"}],"curies":[{"name":"wp","href":"https:\/\/api.w.org\/{rel}","templated":true}]}}