{"id":2523,"date":"2024-11-04T08:35:35","date_gmt":"2024-11-04T06:35:35","guid":{"rendered":"https:\/\/laiusepk.edu.ee\/?page_id=2523"},"modified":"2024-11-06T11:08:45","modified_gmt":"2024-11-06T09:08:45","slug":"kehaline-kasvatus","status":"publish","type":"page","link":"https:\/\/laiusepk.edu.ee\/?page_id=2523","title":{"rendered":"Kehaline kasvatus"},"content":{"rendered":"<p><a href=\"https:\/\/laiusepk.edu.ee\/wp-content\/uploads\/2024\/11\/Kehalise-kasvatuse-ainevaldkonnakava.pdf\"><span style=\"font-family: 'times new roman', times, serif; font-size: 12pt;\">\u00dcldosa<\/span><\/a><\/p>\n<p><a href=\"https:\/\/laiusepk.edu.ee\/wp-content\/uploads\/2024\/11\/Oppeaine_kirjeldus.pdf\"><span style=\"font-family: 'times new roman', times, serif; font-size: 12pt;\">\u00d5ppeaine kirjeldus<\/span><\/a><\/p>\n<p><span style=\"font-family: 'times new roman', times, serif; font-size: 12pt;\"><a href=\"https:\/\/laiusepk.edu.ee\/wp-content\/uploads\/2024\/11\/1klass.pdf\">1.klass<\/a><\/span><\/p>\n<p><span style=\"font-family: 'times new roman', times, serif; font-size: 12pt;\"><a href=\"https:\/\/laiusepk.edu.ee\/wp-content\/uploads\/2024\/11\/2klass.pdf\">2.klass<\/a><\/span><\/p>\n<p><span style=\"font-family: 'times new roman', times, serif; font-size: 12pt;\"><a href=\"https:\/\/laiusepk.edu.ee\/wp-content\/uploads\/2024\/11\/3klass.pdf\">3.klass<\/a><\/span><\/p>\n<p><span style=\"font-family: 'times new roman', times, serif; font-size: 12pt;\"><a href=\"https:\/\/laiusepk.edu.ee\/wp-content\/uploads\/2024\/11\/Ikooliaste_opioskused.pdf\">I kooliastme \u00f5pitulemused<\/a><\/span><\/p>\n<p><span style=\"font-family: 'times new roman', times, serif; font-size: 12pt;\"><a href=\"https:\/\/laiusepk.edu.ee\/wp-content\/uploads\/2024\/11\/4klass.pdf\">4.klass<\/a><\/span><\/p>\n<p><span style=\"font-family: 'times new roman', times, serif; font-size: 12pt;\"><a href=\"https:\/\/laiusepk.edu.ee\/wp-content\/uploads\/2024\/11\/5klass.pdf\">5.klass<\/a><\/span><\/p>\n<p><span style=\"font-family: 'times new roman', times, serif; font-size: 12pt;\"><a href=\"https:\/\/laiusepk.edu.ee\/wp-content\/uploads\/2024\/11\/6klass.pdf\">6.klass<\/a><\/span><\/p>\n<p><span style=\"font-family: 'times new roman', times, serif; font-size: 12pt;\"><a href=\"https:\/\/laiusepk.edu.ee\/wp-content\/uploads\/2024\/11\/IIkooliaste_opioskused.pdf\">II kooliastme \u00f5pitulemused<\/a><\/span><\/p>\n<p><span style=\"font-family: 'times new roman', times, serif; font-size: 12pt;\"><a href=\"https:\/\/laiusepk.edu.ee\/wp-content\/uploads\/2024\/11\/7klass.pdf\">7.klass<\/a><\/span><\/p>\n<p><span style=\"font-family: 'times new roman', times, serif; font-size: 12pt;\"><a href=\"https:\/\/laiusepk.edu.ee\/wp-content\/uploads\/2024\/11\/8klass.pdf\">8.klass<\/a><\/span><\/p>\n<p><span style=\"font-family: 'times new roman', times, serif; font-size: 12pt;\"><a href=\"https:\/\/laiusepk.edu.ee\/wp-content\/uploads\/2024\/11\/9klass.pdf\">9.klass<\/a><\/span><\/p>\n<p><span style=\"font-family: 'times new roman', times, serif; font-size: 12pt;\"><a href=\"https:\/\/laiusepk.edu.ee\/wp-content\/uploads\/2024\/11\/IIIkooliaste_opioskused.pdf\">III kooliastme \u00f5pitulemused<\/a><\/span><\/p>\n","protected":false},"excerpt":{"rendered":"<p>\u00dcldosa \u00d5ppeaine kirjeldus 1.klass 2.klass 3.klass I kooliastme \u00f5pitulemused 4.klass 5.klass 6.klass II kooliastme \u00f5pitulemused 7.klass 8.klass 9.klass III kooliastme \u00f5pitulemused<\/p>\n","protected":false},"author":1,"featured_media":0,"parent":0,"menu_order":0,"comment_status":"closed","ping_status":"closed","template":"","meta":{"_crdt_document":"","_uag_custom_page_level_css":"","footnotes":""},"class_list":["post-2523","page","type-page","status-publish","hentry"],"uagb_featured_image_src":{"full":false,"thumbnail":false,"medium":false,"medium_large":false,"large":false,"1536x1536":false,"2048x2048":false,"post-thumbnail":false},"uagb_author_info":{"display_name":"admin","author_link":"https:\/\/laiusepk.edu.ee\/?author=1"},"uagb_comment_info":0,"uagb_excerpt":"\u00dcldosa \u00d5ppeaine kirjeldus 1.klass 2.klass 3.klass I kooliastme \u00f5pitulemused 4.klass 5.klass 6.klass II kooliastme \u00f5pitulemused 7.klass 8.klass 9.klass III kooliastme \u00f5pitulemused","_links":{"self":[{"href":"https:\/\/laiusepk.edu.ee\/index.php?rest_route=\/wp\/v2\/pages\/2523","targetHints":{"allow":["GET"]}}],"collection":[{"href":"https:\/\/laiusepk.edu.ee\/index.php?rest_route=\/wp\/v2\/pages"}],"about":[{"href":"https:\/\/laiusepk.edu.ee\/index.php?rest_route=\/wp\/v2\/types\/page"}],"author":[{"embeddable":true,"href":"https:\/\/laiusepk.edu.ee\/index.php?rest_route=\/wp\/v2\/users\/1"}],"replies":[{"embeddable":true,"href":"https:\/\/laiusepk.edu.ee\/index.php?rest_route=%2Fwp%2Fv2%2Fcomments&post=2523"}],"version-history":[{"count":5,"href":"https:\/\/laiusepk.edu.ee\/index.php?rest_route=\/wp\/v2\/pages\/2523\/revisions"}],"predecessor-version":[{"id":2543,"href":"https:\/\/laiusepk.edu.ee\/index.php?rest_route=\/wp\/v2\/pages\/2523\/revisions\/2543"}],"wp:attachment":[{"href":"https:\/\/laiusepk.edu.ee\/index.php?rest_route=%2Fwp%2Fv2%2Fmedia&parent=2523"}],"curies":[{"name":"wp","href":"https:\/\/api.w.org\/{rel}","templated":true}]}}