{"id":2485,"date":"2024-10-14T19:41:59","date_gmt":"2024-10-14T17:41:59","guid":{"rendered":"https:\/\/laiusepk.edu.ee\/?page_id=2485"},"modified":"2024-10-14T20:21:03","modified_gmt":"2024-10-14T18:21:03","slug":"arvuti-osad","status":"publish","type":"page","link":"https:\/\/laiusepk.edu.ee\/?page_id=2485","title":{"rendered":"Arvuti osad"},"content":{"rendered":"<p><a href=\"https:\/\/learningapps.org\/view2210350\"><span style=\"font-family: 'times new roman', times, serif; font-size: 12pt;\">Sisend- ja\u00a0 v\u00e4ljundseadmed<\/span><\/a><\/p>\n<p><span style=\"font-family: 'times new roman', times, serif; font-size: 12pt;\"><a href=\"https:\/\/learningapps.org\/view1322271\">Pane ise arvuti kokku<\/a><\/span><\/p>\n<p><span style=\"font-family: 'times new roman', times, serif; font-size: 12pt;\"><a href=\"https:\/\/learningapps.org\/view5383441\">Arvuti osad<\/a><\/span><\/p>\n<p><span style=\"font-family: 'times new roman', times, serif; font-size: 12pt;\"><a href=\"https:\/\/learningapps.org\/view16680734\">Memoriin<\/a><\/span><\/p>\n<p><span style=\"font-family: 'times new roman', times, serif; font-size: 12pt;\"><a href=\"https:\/\/learningapps.org\/view1097001\">S\u00f5nasegadik<\/a><\/span><\/p>\n<p><span style=\"font-family: 'times new roman', times, serif; font-size: 12pt;\"><a href=\"https:\/\/learningapps.org\/view1097032\">Arvuti osad v\u00f5iduajamine<\/a><\/span><\/p>\n<p><a href=\"https:\/\/learningapps.org\/index.php?s=%D0%BA%D0%BE%D0%BC%D0%BF%D1%8C%D1%8E%D1%82%D0%B5%D1%80\"><span style=\"font-family: 'times new roman', times, serif; font-size: 12pt;\">Nikita<\/span><\/a><\/p>\n","protected":false},"excerpt":{"rendered":"<p>Sisend- ja\u00a0 v\u00e4ljundseadmed Pane ise arvuti kokku Arvuti osad Memoriin S\u00f5nasegadik Arvuti osad v\u00f5iduajamine Nikita<\/p>\n","protected":false},"author":1,"featured_media":0,"parent":0,"menu_order":0,"comment_status":"closed","ping_status":"closed","template":"","meta":{"_crdt_document":"","_uag_custom_page_level_css":"","footnotes":""},"class_list":["post-2485","page","type-page","status-publish","hentry"],"uagb_featured_image_src":{"full":false,"thumbnail":false,"medium":false,"medium_large":false,"large":false,"1536x1536":false,"2048x2048":false,"post-thumbnail":false},"uagb_author_info":{"display_name":"admin","author_link":"https:\/\/laiusepk.edu.ee\/?author=1"},"uagb_comment_info":0,"uagb_excerpt":"Sisend- ja\u00a0 v\u00e4ljundseadmed Pane ise arvuti kokku Arvuti osad Memoriin S\u00f5nasegadik Arvuti osad v\u00f5iduajamine Nikita","_links":{"self":[{"href":"https:\/\/laiusepk.edu.ee\/index.php?rest_route=\/wp\/v2\/pages\/2485","targetHints":{"allow":["GET"]}}],"collection":[{"href":"https:\/\/laiusepk.edu.ee\/index.php?rest_route=\/wp\/v2\/pages"}],"about":[{"href":"https:\/\/laiusepk.edu.ee\/index.php?rest_route=\/wp\/v2\/types\/page"}],"author":[{"embeddable":true,"href":"https:\/\/laiusepk.edu.ee\/index.php?rest_route=\/wp\/v2\/users\/1"}],"replies":[{"embeddable":true,"href":"https:\/\/laiusepk.edu.ee\/index.php?rest_route=%2Fwp%2Fv2%2Fcomments&post=2485"}],"version-history":[{"count":4,"href":"https:\/\/laiusepk.edu.ee\/index.php?rest_route=\/wp\/v2\/pages\/2485\/revisions"}],"predecessor-version":[{"id":2493,"href":"https:\/\/laiusepk.edu.ee\/index.php?rest_route=\/wp\/v2\/pages\/2485\/revisions\/2493"}],"wp:attachment":[{"href":"https:\/\/laiusepk.edu.ee\/index.php?rest_route=%2Fwp%2Fv2%2Fmedia&parent=2485"}],"curies":[{"name":"wp","href":"https:\/\/api.w.org\/{rel}","templated":true}]}}