{"id":2416,"date":"2024-08-06T08:47:58","date_gmt":"2024-08-06T06:47:58","guid":{"rendered":"https:\/\/laiusepk.edu.ee\/?page_id=2416"},"modified":"2024-08-06T08:48:24","modified_gmt":"2024-08-06T06:48:24","slug":"2024-a","status":"publish","type":"page","link":"https:\/\/laiusepk.edu.ee\/?page_id=2416","title":{"rendered":"2024.A"},"content":{"rendered":"<table style=\"height: 174px; width: 100%;\">\n<tbody>\n<tr style=\"height: 25px;\">\n<td style=\"width: 24.0829%; height: 25px;\"><span style=\"font-family: 'times new roman', times, serif; font-size: 12pt;\">Griffiths<\/span><\/td>\n<td style=\"width: 75.9171%; height: 25px;\"><span style=\"font-family: 'times new roman', times, serif; font-size: 12pt;\">Kalena\u00a0Sophia<\/span><\/td>\n<\/tr>\n<tr style=\"height: 25px;\">\n<td style=\"width: 24.0829%; height: 25px;\"><span style=\"font-family: 'times new roman', times, serif; font-size: 12pt;\">Ink<\/span><\/td>\n<td style=\"width: 75.9171%; height: 25px;\"><span style=\"font-family: 'times new roman', times, serif; font-size: 12pt;\">Kaspar<\/span><\/td>\n<\/tr>\n<tr style=\"height: 25px;\">\n<td style=\"width: 24.0829%; height: 23px;\"><span style=\"font-family: 'times new roman', times, serif; font-size: 12pt;\">Koort<\/span><\/td>\n<td style=\"width: 75.9171%; height: 23px;\"><span style=\"font-family: 'times new roman', times, serif; font-size: 12pt;\">Erki<\/span><\/td>\n<\/tr>\n<tr style=\"height: 25px;\">\n<td style=\"width: 24.0829%; height: 25px;\"><span style=\"font-family: 'times new roman', times, serif; font-size: 12pt;\">R\u00f5\u00f5mussaar<\/span><\/td>\n<td style=\"width: 75.9171%; height: 25px;\"><span style=\"font-family: 'times new roman', times, serif; font-size: 12pt;\">Gerda<\/span><\/td>\n<\/tr>\n<tr style=\"height: 25px;\">\n<td style=\"width: 24.0829%; height: 25px;\"><span style=\"font-family: 'times new roman', times, serif; font-size: 12pt;\">S\u00f5mera<\/span><\/td>\n<td style=\"width: 75.9171%; height: 25px;\"><span style=\"font-family: 'times new roman', times, serif; font-size: 12pt;\">Rihard<\/span><\/td>\n<\/tr>\n<tr style=\"height: 25px;\">\n<td style=\"width: 24.0829%; height: 25px;\"><\/td>\n<td style=\"width: 75.9171%; height: 25px;\"><\/td>\n<\/tr>\n<tr style=\"height: 26px;\">\n<td style=\"width: 24.0829%; height: 26px;\"><span style=\"font-family: 'times new roman', times, serif; font-size: 12pt;\">Klassijuhataja Helge Maripuu<\/span><\/td>\n<td style=\"width: 75.9171%; height: 26px;\"><\/td>\n<\/tr>\n<\/tbody>\n<\/table>\n","protected":false},"excerpt":{"rendered":"<p>Griffiths Kalena\u00a0Sophia Ink Kaspar Koort Erki R\u00f5\u00f5mussaar Gerda S\u00f5mera Rihard Klassijuhataja Helge Maripuu<\/p>\n","protected":false},"author":1,"featured_media":0,"parent":0,"menu_order":0,"comment_status":"closed","ping_status":"closed","template":"","meta":{"_crdt_document":"","_uag_custom_page_level_css":"","footnotes":""},"class_list":["post-2416","page","type-page","status-publish","hentry"],"uagb_featured_image_src":{"full":false,"thumbnail":false,"medium":false,"medium_large":false,"large":false,"1536x1536":false,"2048x2048":false,"post-thumbnail":false},"uagb_author_info":{"display_name":"admin","author_link":"https:\/\/laiusepk.edu.ee\/?author=1"},"uagb_comment_info":0,"uagb_excerpt":"Griffiths Kalena\u00a0Sophia Ink Kaspar Koort Erki R\u00f5\u00f5mussaar Gerda S\u00f5mera Rihard Klassijuhataja Helge Maripuu","_links":{"self":[{"href":"https:\/\/laiusepk.edu.ee\/index.php?rest_route=\/wp\/v2\/pages\/2416","targetHints":{"allow":["GET"]}}],"collection":[{"href":"https:\/\/laiusepk.edu.ee\/index.php?rest_route=\/wp\/v2\/pages"}],"about":[{"href":"https:\/\/laiusepk.edu.ee\/index.php?rest_route=\/wp\/v2\/types\/page"}],"author":[{"embeddable":true,"href":"https:\/\/laiusepk.edu.ee\/index.php?rest_route=\/wp\/v2\/users\/1"}],"replies":[{"embeddable":true,"href":"https:\/\/laiusepk.edu.ee\/index.php?rest_route=%2Fwp%2Fv2%2Fcomments&post=2416"}],"version-history":[{"count":2,"href":"https:\/\/laiusepk.edu.ee\/index.php?rest_route=\/wp\/v2\/pages\/2416\/revisions"}],"predecessor-version":[{"id":2418,"href":"https:\/\/laiusepk.edu.ee\/index.php?rest_route=\/wp\/v2\/pages\/2416\/revisions\/2418"}],"wp:attachment":[{"href":"https:\/\/laiusepk.edu.ee\/index.php?rest_route=%2Fwp%2Fv2%2Fmedia&parent=2416"}],"curies":[{"name":"wp","href":"https:\/\/api.w.org\/{rel}","templated":true}]}}