{"id":2370,"date":"2024-04-12T09:19:30","date_gmt":"2024-04-12T07:19:30","guid":{"rendered":"https:\/\/laiusepk.edu.ee\/?page_id=2370"},"modified":"2025-08-29T09:45:21","modified_gmt":"2025-08-29T07:45:21","slug":"jaljendusvoistlus-2024","status":"publish","type":"page","link":"https:\/\/laiusepk.edu.ee\/?page_id=2370","title":{"rendered":"&#8220;Lihtsalt Tantsi&#8221; 2025"},"content":{"rendered":"<p><span style=\"font-family: 'times new roman', times, serif; font-size: 12pt;\">Head J\u00f5gevamaa p\u00f5hikoolide noored!<\/span><\/p>\n<p><span style=\"font-family: 'times new roman', times, serif; font-size: 12pt;\">Laiuse Jaan Poska P\u00f5hikooli \u00f5pilased korraldavad &#8220;Just Dance&#8221; videote p\u00f5hjal v\u00f5istluse ja ootavad talendikaid p\u00f5hikoolinoori osalema. <\/span><\/p>\n<p><span style=\"font-family: 'times new roman', times, serif; font-size: 12pt;\">Pange kokku v\u00f5istkond, valige v\u00e4lja \u00e4ge tantsuvideo ja Proovige videos n\u00e4idatud liigutused v\u00f5imalikult t\u00e4pselt j\u00e4rgi teha.<\/span><\/p>\n<p><span style=\"font-family: 'times new roman', times, serif; font-size: 12pt;\">Kuup\u00e4ev: &#8230; detsember<\/span><\/p>\n<p><span style=\"font-family: 'times new roman', times, serif; font-size: 12pt;\">Kellaaeg: 13.00-16.00 (T\u00e4psem l\u00f5pukellaaeg s\u00f5ltub osalejate arvust.)<\/span><\/p>\n<p><span style=\"font-family: 'times new roman', times, serif; font-size: 12pt;\">V\u00f5istlejaid hindab \u017e\u00fcrii ning parimaid ootavad auhinnad. <\/span><\/p>\n<p>&nbsp;<\/p>\n<p><span style=\"font-family: 'times new roman', times, serif; font-size: 12pt;\">Reeglid:<\/span><\/p>\n<p><span style=\"font-family: 'times new roman', times, serif; font-size: 12pt;\">&#8211; Igast koolist on oodatud osalema kuni kolm v\u00f5istkonda, igas v\u00f5istkonnas maksimaalselt viis liiget.<\/span><br \/>\n<span style=\"font-family: 'times new roman', times, serif; font-size: 12pt;\">&#8211; Tantsuvideo valik on vabatahtlik, kuid arvestada tuleb, et laul ning muusikavideo peavad olema koolikeskkonda sobilikud.<\/span><br \/>\n<span style=\"font-family: 'times new roman', times, serif; font-size: 12pt;\">&#8211; V\u00f5istlusel osalemiseks registreeri oma v\u00f5istkond hiljemalt ..<\/span>.<span style=\"font-family: 'times new roman', times, serif; font-size: 12pt;\"> novembriks\u00a0<\/span><\/p>\n<p><span style=\"font-family: 'times new roman', times, serif; font-size: 12pt;\">Lisak\u00fcsimuste korral p\u00f6\u00f6rdu rain@laiusepk.edu.ee<\/span><\/p>\n","protected":false},"excerpt":{"rendered":"<p>Head J\u00f5gevamaa p\u00f5hikoolide noored! Laiuse Jaan Poska P\u00f5hikooli \u00f5pilased korraldavad &#8220;Just Dance&#8221; videote p\u00f5hjal v\u00f5istluse ja ootavad talendikaid p\u00f5hikoolinoori osalema. Pange kokku v\u00f5istkond, valige v\u00e4lja \u00e4ge tantsuvideo ja Proovige videos n\u00e4idatud liigutused v\u00f5imalikult t\u00e4pselt j\u00e4rgi teha. Kuup\u00e4ev: &#8230; detsember Kellaaeg: 13.00-16.00 (T\u00e4psem l\u00f5pukellaaeg s\u00f5ltub osalejate arvust.) V\u00f5istlejaid hindab \u017e\u00fcrii ning parimaid ootavad auhinnad. &nbsp; Reeglid:&hellip;<\/p>\n","protected":false},"author":1,"featured_media":0,"parent":0,"menu_order":0,"comment_status":"closed","ping_status":"closed","template":"","meta":{"_crdt_document":"","_uag_custom_page_level_css":"","footnotes":""},"class_list":["post-2370","page","type-page","status-publish","hentry"],"uagb_featured_image_src":{"full":false,"thumbnail":false,"medium":false,"medium_large":false,"large":false,"1536x1536":false,"2048x2048":false,"post-thumbnail":false},"uagb_author_info":{"display_name":"admin","author_link":"https:\/\/laiusepk.edu.ee\/?author=1"},"uagb_comment_info":0,"uagb_excerpt":"Head J\u00f5gevamaa p\u00f5hikoolide noored! Laiuse Jaan Poska P\u00f5hikooli \u00f5pilased korraldavad &#8220;Just Dance&#8221; videote p\u00f5hjal v\u00f5istluse ja ootavad talendikaid p\u00f5hikoolinoori osalema. Pange kokku v\u00f5istkond, valige v\u00e4lja \u00e4ge tantsuvideo ja Proovige videos n\u00e4idatud liigutused v\u00f5imalikult t\u00e4pselt j\u00e4rgi teha. Kuup\u00e4ev: &#8230; detsember Kellaaeg: 13.00-16.00 (T\u00e4psem l\u00f5pukellaaeg s\u00f5ltub osalejate arvust.) V\u00f5istlejaid hindab \u017e\u00fcrii ning parimaid ootavad auhinnad. &nbsp; Reeglid:&hellip;","_links":{"self":[{"href":"https:\/\/laiusepk.edu.ee\/index.php?rest_route=\/wp\/v2\/pages\/2370","targetHints":{"allow":["GET"]}}],"collection":[{"href":"https:\/\/laiusepk.edu.ee\/index.php?rest_route=\/wp\/v2\/pages"}],"about":[{"href":"https:\/\/laiusepk.edu.ee\/index.php?rest_route=\/wp\/v2\/types\/page"}],"author":[{"embeddable":true,"href":"https:\/\/laiusepk.edu.ee\/index.php?rest_route=\/wp\/v2\/users\/1"}],"replies":[{"embeddable":true,"href":"https:\/\/laiusepk.edu.ee\/index.php?rest_route=%2Fwp%2Fv2%2Fcomments&post=2370"}],"version-history":[{"count":10,"href":"https:\/\/laiusepk.edu.ee\/index.php?rest_route=\/wp\/v2\/pages\/2370\/revisions"}],"predecessor-version":[{"id":2965,"href":"https:\/\/laiusepk.edu.ee\/index.php?rest_route=\/wp\/v2\/pages\/2370\/revisions\/2965"}],"wp:attachment":[{"href":"https:\/\/laiusepk.edu.ee\/index.php?rest_route=%2Fwp%2Fv2%2Fmedia&parent=2370"}],"curies":[{"name":"wp","href":"https:\/\/api.w.org\/{rel}","templated":true}]}}